{"id":36995,"date":"2025-11-17T23:38:35","date_gmt":"2025-11-18T04:38:35","guid":{"rendered":"https:\/\/staging.systech.ssdev.ca\/?page_id=36995"},"modified":"2025-11-18T00:08:44","modified_gmt":"2025-11-18T05:08:44","slug":"the-future-of-traceability-in-pharma","status":"publish","type":"page","link":"https:\/\/www.systechone.com\/pt\/the-future-of-traceability-in-pharma\/","title":{"rendered":"Webinar | O futuro da rastreabilidade na ind\u00fastria farmac\u00eautica"},"content":{"rendered":"<div data-elementor-type=\"wp-page\" data-elementor-id=\"36995\" class=\"elementor elementor-36995\" data-elementor-post-type=\"page\">\n\t\t\t\t<div data-dce-background-overlay-color=\"#22B8B0\" data-dce-background-image-url=\"https:\/\/www.systechone.com\/wp-content\/uploads\/2025\/11\/Systech-DSCSA-stabilization-webinar2-banner_11-2023.png\" class=\"elementor-element elementor-element-c45c5ee e-flex e-con-boxed e-con e-parent\" data-id=\"c45c5ee\" data-element_type=\"container\" data-settings=\"{&quot;background_background&quot;:&quot;classic&quot;}\">\n\t\t\t\t\t<div class=\"e-con-inner\">\n\t\t<div class=\"elementor-element elementor-element-6c89efd e-con-full e-flex e-con e-child\" data-id=\"6c89efd\" data-element_type=\"container\">\n\t\t\t\t<div class=\"elementor-element elementor-element-1f28def elementor-widget elementor-widget-heading\" data-id=\"1f28def\" data-element_type=\"widget\" data-widget_type=\"heading.default\">\n\t\t\t\t<div class=\"elementor-widget-container\">\n\t\t\t\t\t<h6 class=\"elementor-heading-title elementor-size-default\">WEBINAR SOB DEMANDA\n<\/h6>\t\t\t\t<\/div>\n\t\t\t\t<\/div>\n\t\t\t\t<div class=\"elementor-element elementor-element-253b241 elementor-widget elementor-widget-heading\" data-id=\"253b241\" data-element_type=\"widget\" data-widget_type=\"heading.default\">\n\t\t\t\t<div class=\"elementor-widget-container\">\n\t\t\t\t\t<h1 class=\"elementor-heading-title elementor-size-default\">O futuro da rastreabilidade na ind\u00fastria farmac\u00eautica: Padr\u00f5es GS1 e al\u00e9m\n<\/h1>\t\t\t\t<\/div>\n\t\t\t\t<\/div>\n\t\t\t\t<\/div>\n\t\t\t\t\t<\/div>\n\t\t\t\t<\/div>\n\t\t<div class=\"elementor-element elementor-element-b3c4743 e-flex e-con-boxed e-con e-parent\" data-id=\"b3c4743\" data-element_type=\"container\">\n\t\t\t\t\t<div class=\"e-con-inner\">\n\t\t<div class=\"elementor-element elementor-element-bbded74 e-con-full e-flex e-con e-child\" data-id=\"bbded74\" data-element_type=\"container\">\n\t\t\t\t<div class=\"elementor-element elementor-element-0af81b2 elementor-widget elementor-widget-text-editor\" data-id=\"0af81b2\" data-element_type=\"widget\" data-widget_type=\"text-editor.default\">\n\t\t\t\t<div class=\"elementor-widget-container\">\n\t\t\t\t\t\t\t\t\t<p>Junte-se a n\u00f3s para saber como o uso de padr\u00f5es abertos, globais e comprovados pode melhorar a efici\u00eancia da cadeia de suprimentos farmac\u00eautica, a transpar\u00eancia e a seguran\u00e7a do paciente. Neste webinar, voc\u00ea obter\u00e1 insights sobre:<\/p><ul><li>A import\u00e2ncia de usar padr\u00f5es globais para rastreabilidade no setor farmac\u00eautico<\/li><li>Como os padr\u00f5es abertos e independentes de tecnologia permitem total interoperabilidade e compatibilidade<\/li><li>O papel dos padr\u00f5es GS1 na identifica\u00e7\u00e3o, captura e compartilhamento de informa\u00e7\u00f5es - sobre produtos, embalagens e locais - ao longo de toda a cadeia de valor<\/li><li>Uso dos padr\u00f5es GS1 para rastrear produtos e entregas e aumentar a seguran\u00e7a do paciente<\/li><\/ul><p>\u00a0<\/p><p>Al\u00e9m de compreender melhor os benef\u00edcios do uso dos padr\u00f5es GS1, voc\u00ea ter\u00e1 acesso aos mais recentes desenvolvimentos na \u00e1rea e a como implementar esses padr\u00f5es em sua organiza\u00e7\u00e3o para o gerenciamento da cadeia de suprimentos.<\/p>\t\t\t\t\t\t\t\t<\/div>\n\t\t\t\t<\/div>\n\t\t\t\t<\/div>\n\t\t<div class=\"elementor-element elementor-element-508bdab e-con-full e-flex e-con e-child\" data-id=\"508bdab\" data-element_type=\"container\">\n\t\t<div data-dce-background-color=\"#F2F2F4\" class=\"elementor-element elementor-element-b652c84 e-con-full e-flex e-con e-child\" data-id=\"b652c84\" data-element_type=\"container\" id=\"content-form\" data-settings=\"{&quot;background_background&quot;:&quot;classic&quot;}\">\n\t\t\t\t<div class=\"elementor-element elementor-element-b23d18f elementor-widget elementor-widget-heading\" data-id=\"b23d18f\" data-element_type=\"widget\" data-widget_type=\"heading.default\">\n\t\t\t\t<div class=\"elementor-widget-container\">\n\t\t\t\t\t<h4 class=\"elementor-heading-title elementor-size-default\">Acesse o webinar sob demanda\n\n<\/h4>\t\t\t\t<\/div>\n\t\t\t\t<\/div>\n\t\t\t\t<div class=\"elementor-element elementor-element-8cd3bd7 elementor-widget elementor-widget-html\" data-id=\"8cd3bd7\" data-element_type=\"widget\" data-widget_type=\"html.default\">\n\t\t\t\t<div class=\"elementor-widget-container\">\n\t\t\t\t\t<script src=\"\/\/info.systechone.com\/js\/forms2\/js\/forms2.min.js\"><\/script> <form id=\"mktoForm_1079\" action=\"\"><input type=\"hidden\" name=\"trp-form-language\" value=\"pt\"\/><\/form> <script>MktoForms2.loadForm(\"\/\/info.systechone.com\", \"304-PSB-492\", 1079);<\/script>\t\t\t\t<\/div>\n\t\t\t\t<\/div>\n\t\t\t\t<\/div>\n\t\t\t\t<\/div>\n\t\t\t\t\t<\/div>\n\t\t\t\t<\/div>\n\t\t<div class=\"elementor-element elementor-element-7af9b99 e-flex e-con-boxed e-con e-parent\" data-id=\"7af9b99\" data-element_type=\"container\">\n\t\t\t\t\t<div class=\"e-con-inner\">\n\t\t<div class=\"elementor-element elementor-element-0cbc36c e-con-full e-flex e-con e-child\" data-id=\"0cbc36c\" data-element_type=\"container\">\n\t\t\t\t<div class=\"elementor-element elementor-element-605121e elementor-widget elementor-widget-heading\" data-id=\"605121e\" data-element_type=\"widget\" data-widget_type=\"heading.default\">\n\t\t\t\t<div class=\"elementor-widget-container\">\n\t\t\t\t\t<h3 class=\"elementor-heading-title elementor-size-default\">Alto-falantes\n<\/h3>\t\t\t\t<\/div>\n\t\t\t\t<\/div>\n\t\t<div class=\"elementor-element elementor-element-fa7f39c e-grid e-con-full e-con e-child\" data-id=\"fa7f39c\" data-element_type=\"container\">\n\t\t<div class=\"elementor-element elementor-element-40b4e4c e-con-full e-flex e-con e-child\" data-id=\"40b4e4c\" data-element_type=\"container\">\n\t\t<div class=\"elementor-element elementor-element-31ddbbd e-con-full e-flex e-con e-child\" data-id=\"31ddbbd\" data-element_type=\"container\">\n\t\t<div class=\"elementor-element elementor-element-38852a9 e-con-full e-flex e-con e-child\" data-id=\"38852a9\" data-element_type=\"container\">\n\t\t\t\t<div class=\"elementor-element elementor-element-51ab190 dce_masking-none elementor-widget elementor-widget-image\" data-id=\"51ab190\" data-element_type=\"widget\" data-widget_type=\"image.default\">\n\t\t\t\t<div class=\"elementor-widget-container\">\n\t\t\t\t\t\t\t\t\t\t\t\t\t\t\t<img loading=\"lazy\" decoding=\"async\" width=\"150\" height=\"149\" src=\"https:\/\/www.systechone.com\/wp-content\/uploads\/2025\/11\/Tracy-Nasarenko-Headshot.jpg\" class=\"attachment-medium size-medium wp-image-37036\" alt=\"\" srcset=\"https:\/\/www.systechone.com\/wp-content\/uploads\/2025\/11\/Tracy-Nasarenko-Headshot.jpg 150w, https:\/\/www.systechone.com\/wp-content\/uploads\/2025\/11\/Tracy-Nasarenko-Headshot-12x12.jpg 12w\" sizes=\"auto, (max-width: 150px) 100vw, 150px\" \/>\t\t\t\t\t\t\t\t\t\t\t\t\t\t\t<\/div>\n\t\t\t\t<\/div>\n\t\t\t\t<\/div>\n\t\t<div class=\"elementor-element elementor-element-fc3cade e-con-full e-flex e-con e-child\" data-id=\"fc3cade\" data-element_type=\"container\">\n\t\t\t\t<div class=\"elementor-element elementor-element-818bcba elementor-widget elementor-widget-heading\" data-id=\"818bcba\" data-element_type=\"widget\" data-widget_type=\"heading.default\">\n\t\t\t\t<div class=\"elementor-widget-container\">\n\t\t\t\t\t<h6 class=\"elementor-heading-title elementor-size-default\">Tracy Nasarenko\n<\/h6>\t\t\t\t<\/div>\n\t\t\t\t<\/div>\n\t\t\t\t<div class=\"elementor-element elementor-element-c05bde8 elementor-widget elementor-widget-text-editor\" data-id=\"c05bde8\" data-element_type=\"widget\" data-widget_type=\"text-editor.default\">\n\t\t\t\t<div class=\"elementor-widget-container\">\n\t\t\t\t\t\t\t\t\t<div>Vice-presidente de Engajamento Comunit\u00e1rio, Sa\u00fade na GS1 US<\/div>\t\t\t\t\t\t\t\t<\/div>\n\t\t\t\t<\/div>\n\t\t\t\t<\/div>\n\t\t\t\t<\/div>\n\t\t<div class=\"elementor-element elementor-element-09dd6c4 e-con-full e-flex e-con e-child\" data-id=\"09dd6c4\" data-element_type=\"container\">\n\t\t\t\t<div class=\"elementor-element elementor-element-3e52eb1 elementor-widget elementor-widget-text-editor\" data-id=\"3e52eb1\" data-element_type=\"widget\" data-widget_type=\"text-editor.default\">\n\t\t\t\t<div class=\"elementor-widget-container\">\n\t\t\t\t\t\t\t\t\t<p><strong>Tracy Nasarenko<\/strong>\u00a0\u00e9 uma l\u00edder talentosa com mais de 20 anos de experi\u00eancia em cadeia de suprimentos, finan\u00e7as, gerenciamento de produtos, marketing e opera\u00e7\u00f5es na \u00e1rea de sa\u00fade e farmac\u00eautica. Em sua fun\u00e7\u00e3o atual, a Sra. Nasarenko lidera um grupo colaborativo do setor farmac\u00eautico focado em enfrentar os desafios da cadeia de suprimentos e atender aos requisitos da Lei de Seguran\u00e7a da Cadeia de Suprimentos de Medicamentos (DSCSA). Usando os padr\u00f5es GS1, os padr\u00f5es de cadeia de suprimentos mais usados no mundo, ela orienta a implementa\u00e7\u00e3o desses padr\u00f5es para ajudar o setor de sa\u00fade a fornecer produtos seguros aos pacientes. Antes de ingressar na GS1 US, Nasarenko ocupou v\u00e1rios cargos de lideran\u00e7a na SPI Pharma Inc., inclusive atuando como gerente geral do local e supervisionando as opera\u00e7\u00f5es de ponta a ponta.<\/p><article id=\"speaker3_bio\" class=\"mktoText speaker-bio\"><\/article>\t\t\t\t\t\t\t\t<\/div>\n\t\t\t\t<\/div>\n\t\t\t\t<\/div>\n\t\t\t\t<\/div>\n\t\t\t\t<\/div>\n\t\t\t\t<\/div>\n\t\t<div class=\"elementor-element elementor-element-f766688 e-con-full e-flex e-con e-child\" data-id=\"f766688\" data-element_type=\"container\">\n\t\t<div class=\"elementor-element elementor-element-6f964c3 e-grid e-con-full e-con e-child\" data-id=\"6f964c3\" data-element_type=\"container\">\n\t\t<div class=\"elementor-element elementor-element-174c61f e-con-full e-flex e-con e-child\" data-id=\"174c61f\" data-element_type=\"container\">\n\t\t<div class=\"elementor-element elementor-element-3d83f28 e-con-full e-flex e-con e-child\" data-id=\"3d83f28\" data-element_type=\"container\">\n\t\t<div class=\"elementor-element elementor-element-5dcf36e e-con-full e-flex e-con e-child\" data-id=\"5dcf36e\" data-element_type=\"container\">\n\t\t\t\t<div class=\"elementor-element elementor-element-7e4bd43 dce_masking-none elementor-widget elementor-widget-image\" data-id=\"7e4bd43\" data-element_type=\"widget\" data-widget_type=\"image.default\">\n\t\t\t\t<div class=\"elementor-widget-container\">\n\t\t\t\t\t\t\t\t\t\t\t\t\t\t\t<img loading=\"lazy\" decoding=\"async\" width=\"150\" height=\"150\" src=\"https:\/\/www.systechone.com\/wp-content\/uploads\/2025\/11\/joe-lipari_bw.jpg\" class=\"attachment-medium size-medium wp-image-36950\" alt=\"\" srcset=\"https:\/\/www.systechone.com\/wp-content\/uploads\/2025\/11\/joe-lipari_bw.jpg 150w, https:\/\/www.systechone.com\/wp-content\/uploads\/2025\/11\/joe-lipari_bw-12x12.jpg 12w\" sizes=\"auto, (max-width: 150px) 100vw, 150px\" \/>\t\t\t\t\t\t\t\t\t\t\t\t\t\t\t<\/div>\n\t\t\t\t<\/div>\n\t\t\t\t<\/div>\n\t\t<div class=\"elementor-element elementor-element-53aa1ae e-con-full e-flex e-con e-child\" data-id=\"53aa1ae\" data-element_type=\"container\">\n\t\t\t\t<div class=\"elementor-element elementor-element-5669dcf elementor-widget elementor-widget-heading\" data-id=\"5669dcf\" data-element_type=\"widget\" data-widget_type=\"heading.default\">\n\t\t\t\t<div class=\"elementor-widget-container\">\n\t\t\t\t\t<h6 class=\"elementor-heading-title elementor-size-default\">Joe Lipari\n<\/h6>\t\t\t\t<\/div>\n\t\t\t\t<\/div>\n\t\t\t\t<div class=\"elementor-element elementor-element-4dedea9 elementor-widget elementor-widget-text-editor\" data-id=\"4dedea9\" data-element_type=\"widget\" data-widget_type=\"text-editor.default\">\n\t\t\t\t<div class=\"elementor-widget-container\">\n\t\t\t\t\t\t\t\t\t<p>Diretor, Gerenciamento do ciclo de vida do produto, Systech<\/p>\t\t\t\t\t\t\t\t<\/div>\n\t\t\t\t<\/div>\n\t\t\t\t<\/div>\n\t\t\t\t<\/div>\n\t\t<div class=\"elementor-element elementor-element-f2dc41d e-con-full e-flex e-con e-child\" data-id=\"f2dc41d\" data-element_type=\"container\">\n\t\t\t\t<div class=\"elementor-element elementor-element-0e8a916 elementor-widget elementor-widget-text-editor\" data-id=\"0e8a916\" data-element_type=\"widget\" data-widget_type=\"text-editor.default\">\n\t\t\t\t<div class=\"elementor-widget-container\">\n\t\t\t\t\t\t\t\t\t<div class=\"body-container-wrapper\"><div class=\"body-container container-fluid\"><div class=\"row-fluid-wrapper row-depth-1 row-number-2\"><div class=\"row-fluid\"><div class=\"span12 widget-span widget-type-cell page-center content-wrapper\" data-widget-type=\"cell\" data-x=\"0\" data-w=\"12\"><div class=\"row-fluid-wrapper row-depth-1 row-number-9\"><div class=\"row-fluid\"><div class=\"span12 widget-span widget-type-cell\" data-widget-type=\"cell\" data-x=\"0\" data-w=\"12\"><div class=\"row-fluid-wrapper row-depth-1 row-number-10\"><div class=\"row-fluid\"><div class=\"span6 widget-span widget-type-custom_widget\" data-widget-type=\"custom_widget\" data-x=\"6\" data-w=\"6\"><div id=\"hs_cos_wrapper_module_1706738051170100\" class=\"hs_cos_wrapper hs_cos_wrapper_widget hs_cos_wrapper_type_module widget-type-rich_text\" data-hs-cos-general-type=\"widget\" data-hs-cos-type=\"module\"><article id=\"speaker3_bio\" class=\"mktoText speaker-bio\"><div><div><p><strong>Joe Lipari<\/strong>\u00a0\u00e9 respons\u00e1vel pelo conjunto de produtos de serializa\u00e7\u00e3o, rastreabilidade e prote\u00e7\u00e3o de marca da Systech. Ele expandiu com sucesso a plataforma de rastreabilidade da Systech para incluir casos de uso da cadeia de suprimentos de ponta a ponta, implantando uma camada de dados inteligente para coletar e visualizar dados cr\u00edticos de embalagens. Joe tem experi\u00eancia em embalagem e serializa\u00e7\u00e3o com base em solu\u00e7\u00f5es de engenharia e implementa\u00e7\u00e3o para empresas farmac\u00eauticas globais. Al\u00e9m disso, ele ampliou sua experi\u00eancia em embalagens e cadeia de suprimentos em fun\u00e7\u00f5es de engenharia e gerenciamento nos setores de ci\u00eancias da vida e bens de consumo. Ele j\u00e1 palestrou em muitos eventos do setor, e sua experi\u00eancia \u00e9 reconhecida por muitas publica\u00e7\u00f5es e peri\u00f3dicos comerciais. Joe \u00e9 bacharel em Ci\u00eancia da Computa\u00e7\u00e3o\/Sistemas de Informa\u00e7\u00e3o pela Stockton University.<\/p><\/div><\/div><\/article><\/div><\/div><\/div><\/div><\/div><\/div><\/div><\/div><\/div><\/div><\/div><\/div><div class=\"footer-container-wrapper\"><div class=\"footer-container container-fluid\"><div class=\"row-fluid-wrapper row-depth-1 row-number-1\"><div class=\"row-fluid\"><div class=\"span12 widget-span widget-type-custom_widget\" data-widget-type=\"custom_widget\" data-x=\"0\" data-w=\"12\"><div id=\"hs_cos_wrapper_module_1692368108183232\" class=\"hs_cos_wrapper hs_cos_wrapper_widget hs_cos_wrapper_type_module\" data-hs-cos-general-type=\"widget\" data-hs-cos-type=\"module\"><footer class=\"main-footer\"><div class=\"page-center\"><div class=\"footer-row\"><div class=\"footer-col logo-col\">\u00a0<\/div><\/div><\/div><\/footer><\/div><\/div><\/div><\/div><\/div><\/div>\t\t\t\t\t\t\t\t<\/div>\n\t\t\t\t<\/div>\n\t\t\t\t<\/div>\n\t\t\t\t<\/div>\n\t\t\t\t<\/div>\n\t\t\t\t<\/div>\n\t\t\t\t\t<\/div>\n\t\t\t\t<\/div>\n\t\t\t\t<\/div>","protected":false},"excerpt":{"rendered":"<p>WEBINAR SOB DEMANDA O futuro da rastreabilidade na ind\u00fastria farmac\u00eautica: Padr\u00f5es GS1 e al\u00e9m Junte-se a n\u00f3s para saber como o uso de padr\u00f5es abertos, globais e comprovados pode melhorar a efici\u00eancia da cadeia de suprimentos farmac\u00eautica, a transpar\u00eancia e a seguran\u00e7a do paciente. Neste webinar, voc\u00ea obter\u00e1 insights sobre: A import\u00e2ncia de usar padr\u00f5es globais para rastreabilidade no setor farmac\u00eautico Como os padr\u00f5es abertos, [...]<\/p>","protected":false},"author":41,"featured_media":0,"parent":0,"menu_order":0,"comment_status":"closed","ping_status":"closed","template":"","meta":{"_acf_changed":false,"footnotes":""},"class_list":["post-36995","page","type-page","status-publish","hentry"],"acf":[],"yoast_head":"<!-- This site is optimized with the Yoast SEO plugin v25.1 - https:\/\/yoast.com\/wordpress\/plugins\/seo\/ -->\n<title>Webinar | The future of traceability in pharma - Systech<\/title>\n<meta name=\"description\" content=\"ON-DEMAND WEBINAR The future of traceability in pharma: GS1 Standards and beyond Join us to learn how using open, global and proven standards can improve\" \/>\n<meta name=\"robots\" content=\"index, follow, max-snippet:-1, max-image-preview:large, max-video-preview:-1\" \/>\n<link rel=\"canonical\" href=\"https:\/\/www.systechone.com\/pt\/the-future-of-traceability-in-pharma\/\" \/>\n<meta property=\"og:locale\" content=\"pt_BR\" \/>\n<meta property=\"og:type\" content=\"article\" \/>\n<meta property=\"og:title\" content=\"Webinar | The future of traceability in pharma - Systech\" \/>\n<meta property=\"og:description\" content=\"ON-DEMAND WEBINAR The future of traceability in pharma: GS1 Standards and beyond Join us to learn how using open, global and proven standards can improve\" \/>\n<meta property=\"og:url\" content=\"https:\/\/www.systechone.com\/pt\/the-future-of-traceability-in-pharma\/\" \/>\n<meta property=\"og:site_name\" content=\"Systech\" \/>\n<meta property=\"article:publisher\" content=\"https:\/\/www.facebook.com\/systechone\/\" \/>\n<meta property=\"article:modified_time\" content=\"2025-11-18T05:08:44+00:00\" \/>\n<meta property=\"og:image\" content=\"https:\/\/www.systechone.com\/wp-content\/uploads\/2025\/11\/Tracy-Nasarenko-Headshot.jpg\" \/>\n\t<meta property=\"og:image:width\" content=\"150\" \/>\n\t<meta property=\"og:image:height\" content=\"149\" \/>\n\t<meta property=\"og:image:type\" content=\"image\/jpeg\" \/>\n<meta name=\"twitter:card\" content=\"summary_large_image\" \/>\n<meta name=\"twitter:site\" content=\"@systechone\" \/>\n<meta name=\"twitter:label1\" content=\"Est. tempo de leitura\" \/>\n\t<meta name=\"twitter:data1\" content=\"3 minutos\" \/>\n<script type=\"application\/ld+json\" class=\"yoast-schema-graph\">{\"@context\":\"https:\/\/schema.org\",\"@graph\":[{\"@type\":\"WebPage\",\"@id\":\"https:\/\/www.systechone.com\/the-future-of-traceability-in-pharma\/\",\"url\":\"https:\/\/www.systechone.com\/the-future-of-traceability-in-pharma\/\",\"name\":\"Webinar | The future of traceability in pharma - Systech\",\"isPartOf\":{\"@id\":\"https:\/\/www.systechone.com\/#website\"},\"primaryImageOfPage\":{\"@id\":\"https:\/\/www.systechone.com\/the-future-of-traceability-in-pharma\/#primaryimage\"},\"image\":{\"@id\":\"https:\/\/www.systechone.com\/the-future-of-traceability-in-pharma\/#primaryimage\"},\"thumbnailUrl\":\"https:\/\/www.systechone.com\/wp-content\/uploads\/2025\/11\/Tracy-Nasarenko-Headshot.jpg\",\"datePublished\":\"2025-11-18T04:38:35+00:00\",\"dateModified\":\"2025-11-18T05:08:44+00:00\",\"description\":\"ON-DEMAND WEBINAR The future of traceability in pharma: GS1 Standards and beyond Join us to learn how using open, global and proven standards can improve\",\"breadcrumb\":{\"@id\":\"https:\/\/www.systechone.com\/the-future-of-traceability-in-pharma\/#breadcrumb\"},\"inLanguage\":\"pt-BR\",\"potentialAction\":[{\"@type\":\"ReadAction\",\"target\":[\"https:\/\/www.systechone.com\/the-future-of-traceability-in-pharma\/\"]}]},{\"@type\":\"ImageObject\",\"inLanguage\":\"pt-BR\",\"@id\":\"https:\/\/www.systechone.com\/the-future-of-traceability-in-pharma\/#primaryimage\",\"url\":\"https:\/\/www.systechone.com\/wp-content\/uploads\/2025\/11\/Tracy-Nasarenko-Headshot.jpg\",\"contentUrl\":\"https:\/\/www.systechone.com\/wp-content\/uploads\/2025\/11\/Tracy-Nasarenko-Headshot.jpg\"},{\"@type\":\"BreadcrumbList\",\"@id\":\"https:\/\/www.systechone.com\/the-future-of-traceability-in-pharma\/#breadcrumb\",\"itemListElement\":[{\"@type\":\"ListItem\",\"position\":1,\"name\":\"Home\",\"item\":\"https:\/\/www.systechone.com\/\"},{\"@type\":\"ListItem\",\"position\":2,\"name\":\"Webinar | The future of traceability in pharma\"}]},{\"@type\":\"WebSite\",\"@id\":\"https:\/\/www.systechone.com\/#website\",\"url\":\"https:\/\/www.systechone.com\/\",\"name\":\"Systech\",\"description\":\"a solutions division of Markem-Imaje\",\"publisher\":{\"@id\":\"https:\/\/www.systechone.com\/#organization\"},\"potentialAction\":[{\"@type\":\"SearchAction\",\"target\":{\"@type\":\"EntryPoint\",\"urlTemplate\":\"https:\/\/www.systechone.com\/?s={search_term_string}\"},\"query-input\":{\"@type\":\"PropertyValueSpecification\",\"valueRequired\":true,\"valueName\":\"search_term_string\"}}],\"inLanguage\":\"pt-BR\"},{\"@type\":\"Organization\",\"@id\":\"https:\/\/www.systechone.com\/#organization\",\"name\":\"Systech International\",\"url\":\"https:\/\/www.systechone.com\/\",\"logo\":{\"@type\":\"ImageObject\",\"inLanguage\":\"pt-BR\",\"@id\":\"https:\/\/www.systechone.com\/#\/schema\/logo\/image\/\",\"url\":\"https:\/\/www.systechone.com\/wp-content\/uploads\/2018\/04\/systech-logo.png\",\"contentUrl\":\"https:\/\/www.systechone.com\/wp-content\/uploads\/2018\/04\/systech-logo.png\",\"width\":551,\"height\":124,\"caption\":\"Systech International\"},\"image\":{\"@id\":\"https:\/\/www.systechone.com\/#\/schema\/logo\/image\/\"},\"sameAs\":[\"https:\/\/www.facebook.com\/systechone\/\",\"https:\/\/x.com\/systechone\",\"https:\/\/www.linkedin.com\/company\/systech-international\",\"https:\/\/www.youtube.com\/channel\/UC1fz6UKo5eMa1WxgVMGRhpA\/videos\"]}]}<\/script>\n<!-- \/ Yoast SEO plugin. -->","yoast_head_json":{"title":"Webinar | The future of traceability in pharma - Systech","description":"ON-DEMAND WEBINAR The future of traceability in pharma: GS1 Standards and beyond Join us to learn how using open, global and proven standards can improve","robots":{"index":"index","follow":"follow","max-snippet":"max-snippet:-1","max-image-preview":"max-image-preview:large","max-video-preview":"max-video-preview:-1"},"canonical":"https:\/\/www.systechone.com\/pt\/the-future-of-traceability-in-pharma\/","og_locale":"pt_BR","og_type":"article","og_title":"Webinar | The future of traceability in pharma - Systech","og_description":"ON-DEMAND WEBINAR The future of traceability in pharma: GS1 Standards and beyond Join us to learn how using open, global and proven standards can improve","og_url":"https:\/\/www.systechone.com\/pt\/the-future-of-traceability-in-pharma\/","og_site_name":"Systech","article_publisher":"https:\/\/www.facebook.com\/systechone\/","article_modified_time":"2025-11-18T05:08:44+00:00","og_image":[{"width":150,"height":149,"url":"https:\/\/www.systechone.com\/wp-content\/uploads\/2025\/11\/Tracy-Nasarenko-Headshot.jpg","type":"image\/jpeg"}],"twitter_card":"summary_large_image","twitter_site":"@systechone","twitter_misc":{"Est. tempo de leitura":"3 minutos"},"schema":{"@context":"https:\/\/schema.org","@graph":[{"@type":"WebPage","@id":"https:\/\/www.systechone.com\/the-future-of-traceability-in-pharma\/","url":"https:\/\/www.systechone.com\/the-future-of-traceability-in-pharma\/","name":"Webinar | The future of traceability in pharma - Systech","isPartOf":{"@id":"https:\/\/www.systechone.com\/#website"},"primaryImageOfPage":{"@id":"https:\/\/www.systechone.com\/the-future-of-traceability-in-pharma\/#primaryimage"},"image":{"@id":"https:\/\/www.systechone.com\/the-future-of-traceability-in-pharma\/#primaryimage"},"thumbnailUrl":"https:\/\/www.systechone.com\/wp-content\/uploads\/2025\/11\/Tracy-Nasarenko-Headshot.jpg","datePublished":"2025-11-18T04:38:35+00:00","dateModified":"2025-11-18T05:08:44+00:00","description":"ON-DEMAND WEBINAR The future of traceability in pharma: GS1 Standards and beyond Join us to learn how using open, global and proven standards can improve","breadcrumb":{"@id":"https:\/\/www.systechone.com\/the-future-of-traceability-in-pharma\/#breadcrumb"},"inLanguage":"pt-BR","potentialAction":[{"@type":"ReadAction","target":["https:\/\/www.systechone.com\/the-future-of-traceability-in-pharma\/"]}]},{"@type":"ImageObject","inLanguage":"pt-BR","@id":"https:\/\/www.systechone.com\/the-future-of-traceability-in-pharma\/#primaryimage","url":"https:\/\/www.systechone.com\/wp-content\/uploads\/2025\/11\/Tracy-Nasarenko-Headshot.jpg","contentUrl":"https:\/\/www.systechone.com\/wp-content\/uploads\/2025\/11\/Tracy-Nasarenko-Headshot.jpg"},{"@type":"BreadcrumbList","@id":"https:\/\/www.systechone.com\/the-future-of-traceability-in-pharma\/#breadcrumb","itemListElement":[{"@type":"ListItem","position":1,"name":"Home","item":"https:\/\/www.systechone.com\/"},{"@type":"ListItem","position":2,"name":"Webinar | The future of traceability in pharma"}]},{"@type":"WebSite","@id":"https:\/\/www.systechone.com\/#website","url":"https:\/\/www.systechone.com\/","name":"Systech","description":"a solutions division of Markem-Imaje","publisher":{"@id":"https:\/\/www.systechone.com\/#organization"},"potentialAction":[{"@type":"SearchAction","target":{"@type":"EntryPoint","urlTemplate":"https:\/\/www.systechone.com\/?s={search_term_string}"},"query-input":{"@type":"PropertyValueSpecification","valueRequired":true,"valueName":"search_term_string"}}],"inLanguage":"pt-BR"},{"@type":"Organization","@id":"https:\/\/www.systechone.com\/#organization","name":"Systech International","url":"https:\/\/www.systechone.com\/","logo":{"@type":"ImageObject","inLanguage":"pt-BR","@id":"https:\/\/www.systechone.com\/#\/schema\/logo\/image\/","url":"https:\/\/www.systechone.com\/wp-content\/uploads\/2018\/04\/systech-logo.png","contentUrl":"https:\/\/www.systechone.com\/wp-content\/uploads\/2018\/04\/systech-logo.png","width":551,"height":124,"caption":"Systech International"},"image":{"@id":"https:\/\/www.systechone.com\/#\/schema\/logo\/image\/"},"sameAs":["https:\/\/www.facebook.com\/systechone\/","https:\/\/x.com\/systechone","https:\/\/www.linkedin.com\/company\/systech-international","https:\/\/www.youtube.com\/channel\/UC1fz6UKo5eMa1WxgVMGRhpA\/videos"]}]}},"_links":{"self":[{"href":"https:\/\/www.systechone.com\/pt\/wp-json\/wp\/v2\/pages\/36995","targetHints":{"allow":["GET"]}}],"collection":[{"href":"https:\/\/www.systechone.com\/pt\/wp-json\/wp\/v2\/pages"}],"about":[{"href":"https:\/\/www.systechone.com\/pt\/wp-json\/wp\/v2\/types\/page"}],"author":[{"embeddable":true,"href":"https:\/\/www.systechone.com\/pt\/wp-json\/wp\/v2\/users\/41"}],"replies":[{"embeddable":true,"href":"https:\/\/www.systechone.com\/pt\/wp-json\/wp\/v2\/comments?post=36995"}],"version-history":[{"count":0,"href":"https:\/\/www.systechone.com\/pt\/wp-json\/wp\/v2\/pages\/36995\/revisions"}],"wp:attachment":[{"href":"https:\/\/www.systechone.com\/pt\/wp-json\/wp\/v2\/media?parent=36995"}],"curies":[{"name":"wp","href":"https:\/\/api.w.org\/{rel}","templated":true}]}}