{"id":36927,"date":"2025-11-17T14:46:05","date_gmt":"2025-11-17T19:46:05","guid":{"rendered":"https:\/\/staging.systech.ssdev.ca\/?page_id=36927"},"modified":"2025-11-18T05:24:58","modified_gmt":"2025-11-18T10:24:58","slug":"dscsa-compliance-insights-steps-to-streamline-journey","status":"publish","type":"page","link":"https:\/\/www.systechone.com\/pt\/dscsa-compliance-insights-steps-to-streamline-journey\/","title":{"rendered":"Webinar | Conformidade com a DSCSA: Principais percep\u00e7\u00f5es e pr\u00f3ximas etapas para simplificar sua jornada"},"content":{"rendered":"<div data-elementor-type=\"wp-page\" data-elementor-id=\"36927\" class=\"elementor elementor-36927\" data-elementor-post-type=\"page\">\n\t\t\t\t<div data-dce-background-overlay-color=\"#22B8B0\" data-dce-background-image-url=\"https:\/\/www.systechone.com\/wp-content\/uploads\/2025\/11\/Systech-DSCSA-stabilization-webinar2-banner_11-2023.png\" class=\"elementor-element elementor-element-c45c5ee e-flex e-con-boxed e-con e-parent\" data-id=\"c45c5ee\" data-element_type=\"container\" data-settings=\"{&quot;background_background&quot;:&quot;classic&quot;}\">\n\t\t\t\t\t<div class=\"e-con-inner\">\n\t\t<div class=\"elementor-element elementor-element-6c89efd e-con-full e-flex e-con e-child\" data-id=\"6c89efd\" data-element_type=\"container\">\n\t\t\t\t<div class=\"elementor-element elementor-element-1f28def elementor-widget elementor-widget-heading\" data-id=\"1f28def\" data-element_type=\"widget\" data-widget_type=\"heading.default\">\n\t\t\t\t<div class=\"elementor-widget-container\">\n\t\t\t\t\t<h6 class=\"elementor-heading-title elementor-size-default\">WEBINAR SOB DEMANDA\n<\/h6>\t\t\t\t<\/div>\n\t\t\t\t<\/div>\n\t\t\t\t<div class=\"elementor-element elementor-element-253b241 elementor-widget elementor-widget-heading\" data-id=\"253b241\" data-element_type=\"widget\" data-widget_type=\"heading.default\">\n\t\t\t\t<div class=\"elementor-widget-container\">\n\t\t\t\t\t<h1 class=\"elementor-heading-title elementor-size-default\">Conformidade com a DSCSA: Principais percep\u00e7\u00f5es e pr\u00f3ximas etapas para simplificar sua jornada\n<\/h1>\t\t\t\t<\/div>\n\t\t\t\t<\/div>\n\t\t\t\t<\/div>\n\t\t\t\t\t<\/div>\n\t\t\t\t<\/div>\n\t\t<div class=\"elementor-element elementor-element-b3c4743 e-flex e-con-boxed e-con e-parent\" data-id=\"b3c4743\" data-element_type=\"container\">\n\t\t\t\t\t<div class=\"e-con-inner\">\n\t\t<div class=\"elementor-element elementor-element-bbded74 e-con-full e-flex e-con e-child\" data-id=\"bbded74\" data-element_type=\"container\">\n\t\t\t\t<div class=\"elementor-element elementor-element-0af81b2 elementor-widget elementor-widget-text-editor\" data-id=\"0af81b2\" data-element_type=\"widget\" data-widget_type=\"text-editor.default\">\n\t\t\t\t<div class=\"elementor-widget-container\">\n\t\t\t\t\t\t\t\t\t<p><strong>Voc\u00ea est\u00e1 preparado para o que est\u00e1 por vir em termos de conformidade com a DSCSA?<\/strong><\/p><p>Neste webinar sob demanda, os l\u00edderes do setor Joseph Lipari, diretor de produtos da Systech, e John Lowry, CEO da Praxis Packaging, revelam descobertas cr\u00edticas de uma pesquisa recente sobre rastreabilidade e conformidade e fornecem estrat\u00e9gias pr\u00e1ticas para navegar no cen\u00e1rio em evolu\u00e7\u00e3o da DSCSA. Este webinar o ajudar\u00e1 a tomar medidas proativas para simplificar a conformidade e aumentar a produtividade, independentemente de voc\u00ea estar lutando com o gerenciamento de exce\u00e7\u00f5es, inefici\u00eancias operacionais ou press\u00f5es de custo.<\/p><p>O que voc\u00ea aprender\u00e1:<\/p><ul><li><strong>Benchmarks do setor:<\/strong>\u00a0Principais conclus\u00f5es dos dados da pesquisa em n\u00edvel empresarial para avaliar sua posi\u00e7\u00e3o<\/li><li><strong>Pr\u00f3xima fase do DSCSA:<\/strong>\u00a0Como transformar as \"horas extras de conformidade\" em uma vantagem estrat\u00e9gica<\/li><li><strong>Pr\u00e1ticas recomendadas comprovadas:<\/strong>\u00a0Como os provedores de solu\u00e7\u00f5es est\u00e3o ajudando as empresas a aumentar a efici\u00eancia operacional e reduzir os custos<\/li><li><strong>Suporte de CMO:<\/strong>\u00a0Como colaborar com seus parceiros de fabrica\u00e7\u00e3o por contrato para gerenciar exce\u00e7\u00f5es sem problemas<\/li><\/ul><p>\u00a0<\/p><p><strong>Por que isso \u00e9 importante?<\/strong><\/p><p>Com a imin\u00eancia da aplica\u00e7\u00e3o da DSCSA, manter-se \u00e0 frente \u00e9 fundamental. Esta sess\u00e3o oferece sugest\u00f5es pr\u00e1ticas para ajud\u00e1-lo a enfrentar os desafios, atender aos requisitos de conformidade e obter ganhos de produtividade para sua organiza\u00e7\u00e3o.<\/p>\t\t\t\t\t\t\t\t<\/div>\n\t\t\t\t<\/div>\n\t\t\t\t<\/div>\n\t\t<div class=\"elementor-element elementor-element-508bdab e-con-full e-flex e-con e-child\" data-id=\"508bdab\" data-element_type=\"container\">\n\t\t<div data-dce-background-color=\"#F2F2F4\" class=\"elementor-element elementor-element-b652c84 e-con-full e-flex e-con e-child\" data-id=\"b652c84\" data-element_type=\"container\" id=\"content-form\" data-settings=\"{&quot;background_background&quot;:&quot;classic&quot;}\">\n\t\t\t\t<div class=\"elementor-element elementor-element-b23d18f elementor-widget elementor-widget-heading\" data-id=\"b23d18f\" data-element_type=\"widget\" data-widget_type=\"heading.default\">\n\t\t\t\t<div class=\"elementor-widget-container\">\n\t\t\t\t\t<h4 class=\"elementor-heading-title elementor-size-default\">Acesse o webinar sob demanda\n\n<\/h4>\t\t\t\t<\/div>\n\t\t\t\t<\/div>\n\t\t\t\t<div class=\"elementor-element elementor-element-8cd3bd7 elementor-widget elementor-widget-html\" data-id=\"8cd3bd7\" data-element_type=\"widget\" data-widget_type=\"html.default\">\n\t\t\t\t<div class=\"elementor-widget-container\">\n\t\t\t\t\t<script src=\"\/\/info.systechone.com\/js\/forms2\/js\/forms2.min.js\"><\/script> <form id=\"mktoForm_1085\" action=\"\"><input type=\"hidden\" name=\"trp-form-language\" value=\"pt\"\/><\/form> <script>MktoForms2.loadForm(\"\/\/info.systechone.com\", \"304-PSB-492\", 1085);<\/script>\t\t\t\t<\/div>\n\t\t\t\t<\/div>\n\t\t\t\t<\/div>\n\t\t\t\t<\/div>\n\t\t\t\t\t<\/div>\n\t\t\t\t<\/div>\n\t\t<div class=\"elementor-element elementor-element-0cbc36c e-flex e-con-boxed e-con e-parent\" data-id=\"0cbc36c\" data-element_type=\"container\">\n\t\t\t\t\t<div class=\"e-con-inner\">\n\t\t\t\t<div class=\"elementor-element elementor-element-605121e elementor-widget elementor-widget-heading\" data-id=\"605121e\" data-element_type=\"widget\" data-widget_type=\"heading.default\">\n\t\t\t\t<div class=\"elementor-widget-container\">\n\t\t\t\t\t<h3 class=\"elementor-heading-title elementor-size-default\">Alto-falantes\n<\/h3>\t\t\t\t<\/div>\n\t\t\t\t<\/div>\n\t\t<div class=\"elementor-element elementor-element-fa7f39c e-grid e-con-full e-con e-child\" data-id=\"fa7f39c\" data-element_type=\"container\">\n\t\t<div class=\"elementor-element elementor-element-40b4e4c e-con-full e-flex e-con e-child\" data-id=\"40b4e4c\" data-element_type=\"container\">\n\t\t<div class=\"elementor-element elementor-element-31ddbbd e-con-full e-flex e-con e-child\" data-id=\"31ddbbd\" data-element_type=\"container\">\n\t\t<div class=\"elementor-element elementor-element-38852a9 e-con-full e-flex e-con e-child\" data-id=\"38852a9\" data-element_type=\"container\">\n\t\t\t\t<div class=\"elementor-element elementor-element-51ab190 dce_masking-none elementor-widget elementor-widget-image\" data-id=\"51ab190\" data-element_type=\"widget\" data-widget_type=\"image.default\">\n\t\t\t\t<div class=\"elementor-widget-container\">\n\t\t\t\t\t\t\t\t\t\t\t\t\t\t\t<img loading=\"lazy\" decoding=\"async\" width=\"150\" height=\"150\" src=\"https:\/\/www.systechone.com\/wp-content\/uploads\/2025\/11\/John-Lowry_HS.jpg\" class=\"attachment-medium size-medium wp-image-36981\" alt=\"\" srcset=\"https:\/\/www.systechone.com\/wp-content\/uploads\/2025\/11\/John-Lowry_HS.jpg 150w, https:\/\/www.systechone.com\/wp-content\/uploads\/2025\/11\/John-Lowry_HS-12x12.jpg 12w\" sizes=\"auto, (max-width: 150px) 100vw, 150px\" \/>\t\t\t\t\t\t\t\t\t\t\t\t\t\t\t<\/div>\n\t\t\t\t<\/div>\n\t\t\t\t<\/div>\n\t\t<div class=\"elementor-element elementor-element-fc3cade e-con-full e-flex e-con e-child\" data-id=\"fc3cade\" data-element_type=\"container\">\n\t\t\t\t<div class=\"elementor-element elementor-element-818bcba elementor-widget elementor-widget-heading\" data-id=\"818bcba\" data-element_type=\"widget\" data-widget_type=\"heading.default\">\n\t\t\t\t<div class=\"elementor-widget-container\">\n\t\t\t\t\t<h6 class=\"elementor-heading-title elementor-size-default\">John Lowry\n<\/h6>\t\t\t\t<\/div>\n\t\t\t\t<\/div>\n\t\t\t\t<div class=\"elementor-element elementor-element-c05bde8 elementor-widget elementor-widget-text-editor\" data-id=\"c05bde8\" data-element_type=\"widget\" data-widget_type=\"text-editor.default\">\n\t\t\t\t<div class=\"elementor-widget-container\">\n\t\t\t\t\t\t\t\t\tCEO | Praxis Packaging\n\n\t\t\t\t\t\t\t\t<\/div>\n\t\t\t\t<\/div>\n\t\t\t\t<\/div>\n\t\t\t\t<\/div>\n\t\t<div class=\"elementor-element elementor-element-09dd6c4 e-con-full e-flex e-con e-child\" data-id=\"09dd6c4\" data-element_type=\"container\">\n\t\t\t\t<div class=\"elementor-element elementor-element-3e52eb1 elementor-widget elementor-widget-text-editor\" data-id=\"3e52eb1\" data-element_type=\"widget\" data-widget_type=\"text-editor.default\">\n\t\t\t\t<div class=\"elementor-widget-container\">\n\t\t\t\t\t\t\t\t\t<p>John Lowry ingressou na Praxis Packaging Solutions em 2022, trazendo quase 30 anos de experi\u00eancia em lideran\u00e7a nos setores de sa\u00fade e farmac\u00eautico. Como presidente e CEO, ele se concentra na estrat\u00e9gia, no crescimento e no cultivo de novos relacionamentos com os clientes.<\/p><p>Antes de ingressar na Praxis, John ocupou v\u00e1rios cargos executivos, incluindo o de CEO da Catalent Pharma Solutions, Presidente do Grupo Cardinal Pharmaceutical Technologies and Services e CEO da Amerigen Pharmaceuticals. Ele tamb\u00e9m ocupou cargos de lideran\u00e7a em desenvolvimento de produtos e neg\u00f3cios na Becton Dickinson e na GE Healthcare.<\/p><p>Al\u00e9m disso, John atuou em v\u00e1rios conselhos, como diretor do conselho da Micell Technologies (2009-2021) e da Network Partners (2022-atual) e como curador do conselho do The Jackson Laboratory (2021-atual). John \u00e9 bacharel em Engenharia Mec\u00e2nica pela Villanova University.<\/p>\t\t\t\t\t\t\t\t<\/div>\n\t\t\t\t<\/div>\n\t\t\t\t<\/div>\n\t\t\t\t<\/div>\n\t\t<div class=\"elementor-element elementor-element-f607bc2 e-con-full e-flex e-con e-child\" data-id=\"f607bc2\" data-element_type=\"container\">\n\t\t<div class=\"elementor-element elementor-element-4c6bb12 e-con-full e-flex e-con e-child\" data-id=\"4c6bb12\" data-element_type=\"container\">\n\t\t<div class=\"elementor-element elementor-element-e10c8eb e-con-full e-flex e-con e-child\" data-id=\"e10c8eb\" data-element_type=\"container\">\n\t\t\t\t<div class=\"elementor-element elementor-element-3dd04f2 dce_masking-none elementor-widget elementor-widget-image\" data-id=\"3dd04f2\" data-element_type=\"widget\" data-widget_type=\"image.default\">\n\t\t\t\t<div class=\"elementor-widget-container\">\n\t\t\t\t\t\t\t\t\t\t\t\t\t\t\t<img loading=\"lazy\" decoding=\"async\" width=\"150\" height=\"150\" src=\"https:\/\/www.systechone.com\/wp-content\/uploads\/2025\/11\/joe-lipari_bw.jpg\" class=\"attachment-medium size-medium wp-image-36950\" alt=\"\" srcset=\"https:\/\/www.systechone.com\/wp-content\/uploads\/2025\/11\/joe-lipari_bw.jpg 150w, https:\/\/www.systechone.com\/wp-content\/uploads\/2025\/11\/joe-lipari_bw-12x12.jpg 12w\" sizes=\"auto, (max-width: 150px) 100vw, 150px\" \/>\t\t\t\t\t\t\t\t\t\t\t\t\t\t\t<\/div>\n\t\t\t\t<\/div>\n\t\t\t\t<\/div>\n\t\t<div class=\"elementor-element elementor-element-54faa31 e-con-full e-flex e-con e-child\" data-id=\"54faa31\" data-element_type=\"container\">\n\t\t\t\t<div class=\"elementor-element elementor-element-44b60a5 elementor-widget elementor-widget-heading\" data-id=\"44b60a5\" data-element_type=\"widget\" data-widget_type=\"heading.default\">\n\t\t\t\t<div class=\"elementor-widget-container\">\n\t\t\t\t\t<h6 class=\"elementor-heading-title elementor-size-default\">Joe Lipari\n<\/h6>\t\t\t\t<\/div>\n\t\t\t\t<\/div>\n\t\t\t\t<div class=\"elementor-element elementor-element-8cafe13 elementor-widget elementor-widget-text-editor\" data-id=\"8cafe13\" data-element_type=\"widget\" data-widget_type=\"text-editor.default\">\n\t\t\t\t<div class=\"elementor-widget-container\">\n\t\t\t\t\t\t\t\t\t<article id=\"speaker3_bio\" class=\"mktoText speaker-bio\"><div><article id=\"speaker3_bio\" class=\"mktoText speaker-bio\"><div><article id=\"speaker3_bio\" class=\"mktoText speaker-bio\"><div><p>Diretor de Gerenciamento do Ciclo de Vida do Produto | Systech<\/p><\/div><\/article><\/div><\/article><\/div><\/article><article id=\"speaker3_bio\" class=\"mktoText speaker-bio\"><div>\u00a0<\/div><\/article>\t\t\t\t\t\t\t\t<\/div>\n\t\t\t\t<\/div>\n\t\t\t\t<\/div>\n\t\t\t\t<\/div>\n\t\t<div class=\"elementor-element elementor-element-88a0b28 e-con-full e-flex e-con e-child\" data-id=\"88a0b28\" data-element_type=\"container\">\n\t\t\t\t<div class=\"elementor-element elementor-element-80d6dd0 elementor-widget elementor-widget-text-editor\" data-id=\"80d6dd0\" data-element_type=\"widget\" data-widget_type=\"text-editor.default\">\n\t\t\t\t<div class=\"elementor-widget-container\">\n\t\t\t\t\t\t\t\t\t<p>Joe Lipari \u00e9 Diretor de Produtos da Systech e \u00e9 respons\u00e1vel por seu conjunto de produtos de serializa\u00e7\u00e3o, rastreabilidade e prote\u00e7\u00e3o de marca. Joe executou com sucesso a vis\u00e3o do produto, expandindo a plataforma de rastreabilidade baseada em nuvem da Systech para incluir casos de uso de cadeia de suprimentos de ponta a ponta, implantando uma camada de dados inteligente para coletar e visualizar dados cr\u00edticos de embalagens e criando roteiros de produtos abrangentes e conectados em toda a plataforma Systech.<br \/><br \/>Por mais de 20 anos, Joe empregou sua experi\u00eancia em ci\u00eancia da computa\u00e7\u00e3o e sistemas de informa\u00e7\u00e3o em diversas fun\u00e7\u00f5es na Systech. Ele tem experi\u00eancia em embalagem e serializa\u00e7\u00e3o com base em engenharia e implementa\u00e7\u00e3o de solu\u00e7\u00f5es para empresas farmac\u00eauticas globais e ampliou sua experi\u00eancia em embalagem e cadeia de suprimentos nos setores de ci\u00eancias da vida e bens de consumo em fun\u00e7\u00f5es de engenharia e gerenciamento.<\/p>\t\t\t\t\t\t\t\t<\/div>\n\t\t\t\t<\/div>\n\t\t\t\t<\/div>\n\t\t\t\t<\/div>\n\t\t\t\t<\/div>\n\t\t\t\t\t<\/div>\n\t\t\t\t<\/div>\n\t\t\t\t<\/div>","protected":false},"excerpt":{"rendered":"<p>WEBINAR SOB DEMANDA Conformidade com a DSCSA: Principais percep\u00e7\u00f5es e pr\u00f3ximas etapas para simplificar sua jornada Voc\u00ea est\u00e1 preparado para o que vem por a\u00ed em conformidade com a DSCSA? Neste webinar sob demanda, os l\u00edderes do setor Joseph Lipari, diretor de produtos da Systech, e John Lowry, CEO da Praxis Packaging, revelam descobertas importantes de uma pesquisa recente sobre rastreabilidade e conformidade e fornecem estrat\u00e9gias pr\u00e1ticas para [...]<\/p>","protected":false},"author":41,"featured_media":0,"parent":0,"menu_order":0,"comment_status":"closed","ping_status":"closed","template":"","meta":{"_acf_changed":false,"footnotes":""},"class_list":["post-36927","page","type-page","status-publish","hentry"],"acf":[],"yoast_head":"<!-- This site is optimized with the Yoast SEO plugin v25.1 - https:\/\/yoast.com\/wordpress\/plugins\/seo\/ -->\n<title>Webinar | DSCSA compliance: Key insights and next steps to streamline your journey - Systech<\/title>\n<meta name=\"description\" content=\"ON-DEMAND WEBINAR DSCSA compliance: Key insights and next steps to streamline your journey Are you prepared for what\u2019s next in DSCSA compliance?In this\" \/>\n<meta name=\"robots\" content=\"index, follow, max-snippet:-1, max-image-preview:large, max-video-preview:-1\" \/>\n<link rel=\"canonical\" href=\"https:\/\/www.systechone.com\/pt\/dscsa-compliance-insights-steps-to-streamline-journey\/\" \/>\n<meta property=\"og:locale\" content=\"pt_BR\" \/>\n<meta property=\"og:type\" content=\"article\" \/>\n<meta property=\"og:title\" content=\"Webinar | DSCSA compliance: Key insights and next steps to streamline your journey - Systech\" \/>\n<meta property=\"og:description\" content=\"ON-DEMAND WEBINAR DSCSA compliance: Key insights and next steps to streamline your journey Are you prepared for what\u2019s next in DSCSA compliance?In this\" \/>\n<meta property=\"og:url\" content=\"https:\/\/www.systechone.com\/pt\/dscsa-compliance-insights-steps-to-streamline-journey\/\" \/>\n<meta property=\"og:site_name\" content=\"Systech\" \/>\n<meta property=\"article:publisher\" content=\"https:\/\/www.facebook.com\/systechone\/\" \/>\n<meta property=\"article:modified_time\" content=\"2025-11-18T10:24:58+00:00\" \/>\n<meta property=\"og:image\" content=\"https:\/\/www.systechone.com\/wp-content\/uploads\/2025\/11\/John-Lowry_HS.jpg\" \/>\n\t<meta property=\"og:image:width\" content=\"150\" \/>\n\t<meta property=\"og:image:height\" content=\"150\" \/>\n\t<meta property=\"og:image:type\" content=\"image\/jpeg\" \/>\n<meta name=\"twitter:card\" content=\"summary_large_image\" \/>\n<meta name=\"twitter:site\" content=\"@systechone\" \/>\n<meta name=\"twitter:label1\" content=\"Est. tempo de leitura\" \/>\n\t<meta name=\"twitter:data1\" content=\"4 minutos\" \/>\n<script type=\"application\/ld+json\" class=\"yoast-schema-graph\">{\"@context\":\"https:\/\/schema.org\",\"@graph\":[{\"@type\":\"WebPage\",\"@id\":\"https:\/\/www.systechone.com\/dscsa-compliance-insights-steps-to-streamline-journey\/\",\"url\":\"https:\/\/www.systechone.com\/dscsa-compliance-insights-steps-to-streamline-journey\/\",\"name\":\"Webinar | DSCSA compliance: Key insights and next steps to streamline your journey - Systech\",\"isPartOf\":{\"@id\":\"https:\/\/www.systechone.com\/#website\"},\"primaryImageOfPage\":{\"@id\":\"https:\/\/www.systechone.com\/dscsa-compliance-insights-steps-to-streamline-journey\/#primaryimage\"},\"image\":{\"@id\":\"https:\/\/www.systechone.com\/dscsa-compliance-insights-steps-to-streamline-journey\/#primaryimage\"},\"thumbnailUrl\":\"https:\/\/www.systechone.com\/wp-content\/uploads\/2025\/11\/John-Lowry_HS.jpg\",\"datePublished\":\"2025-11-17T19:46:05+00:00\",\"dateModified\":\"2025-11-18T10:24:58+00:00\",\"description\":\"ON-DEMAND WEBINAR DSCSA compliance: Key insights and next steps to streamline your journey Are you prepared for what\u2019s next in DSCSA compliance?In this\",\"breadcrumb\":{\"@id\":\"https:\/\/www.systechone.com\/dscsa-compliance-insights-steps-to-streamline-journey\/#breadcrumb\"},\"inLanguage\":\"pt-BR\",\"potentialAction\":[{\"@type\":\"ReadAction\",\"target\":[\"https:\/\/www.systechone.com\/dscsa-compliance-insights-steps-to-streamline-journey\/\"]}]},{\"@type\":\"ImageObject\",\"inLanguage\":\"pt-BR\",\"@id\":\"https:\/\/www.systechone.com\/dscsa-compliance-insights-steps-to-streamline-journey\/#primaryimage\",\"url\":\"https:\/\/www.systechone.com\/wp-content\/uploads\/2025\/11\/John-Lowry_HS.jpg\",\"contentUrl\":\"https:\/\/www.systechone.com\/wp-content\/uploads\/2025\/11\/John-Lowry_HS.jpg\"},{\"@type\":\"BreadcrumbList\",\"@id\":\"https:\/\/www.systechone.com\/dscsa-compliance-insights-steps-to-streamline-journey\/#breadcrumb\",\"itemListElement\":[{\"@type\":\"ListItem\",\"position\":1,\"name\":\"Home\",\"item\":\"https:\/\/www.systechone.com\/\"},{\"@type\":\"ListItem\",\"position\":2,\"name\":\"Webinar | DSCSA compliance: Key insights and next steps to streamline your journey\"}]},{\"@type\":\"WebSite\",\"@id\":\"https:\/\/www.systechone.com\/#website\",\"url\":\"https:\/\/www.systechone.com\/\",\"name\":\"Systech\",\"description\":\"a solutions division of Markem-Imaje\",\"publisher\":{\"@id\":\"https:\/\/www.systechone.com\/#organization\"},\"potentialAction\":[{\"@type\":\"SearchAction\",\"target\":{\"@type\":\"EntryPoint\",\"urlTemplate\":\"https:\/\/www.systechone.com\/?s={search_term_string}\"},\"query-input\":{\"@type\":\"PropertyValueSpecification\",\"valueRequired\":true,\"valueName\":\"search_term_string\"}}],\"inLanguage\":\"pt-BR\"},{\"@type\":\"Organization\",\"@id\":\"https:\/\/www.systechone.com\/#organization\",\"name\":\"Systech International\",\"url\":\"https:\/\/www.systechone.com\/\",\"logo\":{\"@type\":\"ImageObject\",\"inLanguage\":\"pt-BR\",\"@id\":\"https:\/\/www.systechone.com\/#\/schema\/logo\/image\/\",\"url\":\"https:\/\/www.systechone.com\/wp-content\/uploads\/2018\/04\/systech-logo.png\",\"contentUrl\":\"https:\/\/www.systechone.com\/wp-content\/uploads\/2018\/04\/systech-logo.png\",\"width\":551,\"height\":124,\"caption\":\"Systech International\"},\"image\":{\"@id\":\"https:\/\/www.systechone.com\/#\/schema\/logo\/image\/\"},\"sameAs\":[\"https:\/\/www.facebook.com\/systechone\/\",\"https:\/\/x.com\/systechone\",\"https:\/\/www.linkedin.com\/company\/systech-international\",\"https:\/\/www.youtube.com\/channel\/UC1fz6UKo5eMa1WxgVMGRhpA\/videos\"]}]}<\/script>\n<!-- \/ Yoast SEO plugin. -->","yoast_head_json":{"title":"Webinar | DSCSA compliance: Key insights and next steps to streamline your journey - Systech","description":"ON-DEMAND WEBINAR DSCSA compliance: Key insights and next steps to streamline your journey Are you prepared for what\u2019s next in DSCSA compliance?In this","robots":{"index":"index","follow":"follow","max-snippet":"max-snippet:-1","max-image-preview":"max-image-preview:large","max-video-preview":"max-video-preview:-1"},"canonical":"https:\/\/www.systechone.com\/pt\/dscsa-compliance-insights-steps-to-streamline-journey\/","og_locale":"pt_BR","og_type":"article","og_title":"Webinar | DSCSA compliance: Key insights and next steps to streamline your journey - Systech","og_description":"ON-DEMAND WEBINAR DSCSA compliance: Key insights and next steps to streamline your journey Are you prepared for what\u2019s next in DSCSA compliance?In this","og_url":"https:\/\/www.systechone.com\/pt\/dscsa-compliance-insights-steps-to-streamline-journey\/","og_site_name":"Systech","article_publisher":"https:\/\/www.facebook.com\/systechone\/","article_modified_time":"2025-11-18T10:24:58+00:00","og_image":[{"width":150,"height":150,"url":"https:\/\/www.systechone.com\/wp-content\/uploads\/2025\/11\/John-Lowry_HS.jpg","type":"image\/jpeg"}],"twitter_card":"summary_large_image","twitter_site":"@systechone","twitter_misc":{"Est. tempo de leitura":"4 minutos"},"schema":{"@context":"https:\/\/schema.org","@graph":[{"@type":"WebPage","@id":"https:\/\/www.systechone.com\/dscsa-compliance-insights-steps-to-streamline-journey\/","url":"https:\/\/www.systechone.com\/dscsa-compliance-insights-steps-to-streamline-journey\/","name":"Webinar | DSCSA compliance: Key insights and next steps to streamline your journey - Systech","isPartOf":{"@id":"https:\/\/www.systechone.com\/#website"},"primaryImageOfPage":{"@id":"https:\/\/www.systechone.com\/dscsa-compliance-insights-steps-to-streamline-journey\/#primaryimage"},"image":{"@id":"https:\/\/www.systechone.com\/dscsa-compliance-insights-steps-to-streamline-journey\/#primaryimage"},"thumbnailUrl":"https:\/\/www.systechone.com\/wp-content\/uploads\/2025\/11\/John-Lowry_HS.jpg","datePublished":"2025-11-17T19:46:05+00:00","dateModified":"2025-11-18T10:24:58+00:00","description":"ON-DEMAND WEBINAR DSCSA compliance: Key insights and next steps to streamline your journey Are you prepared for what\u2019s next in DSCSA compliance?In this","breadcrumb":{"@id":"https:\/\/www.systechone.com\/dscsa-compliance-insights-steps-to-streamline-journey\/#breadcrumb"},"inLanguage":"pt-BR","potentialAction":[{"@type":"ReadAction","target":["https:\/\/www.systechone.com\/dscsa-compliance-insights-steps-to-streamline-journey\/"]}]},{"@type":"ImageObject","inLanguage":"pt-BR","@id":"https:\/\/www.systechone.com\/dscsa-compliance-insights-steps-to-streamline-journey\/#primaryimage","url":"https:\/\/www.systechone.com\/wp-content\/uploads\/2025\/11\/John-Lowry_HS.jpg","contentUrl":"https:\/\/www.systechone.com\/wp-content\/uploads\/2025\/11\/John-Lowry_HS.jpg"},{"@type":"BreadcrumbList","@id":"https:\/\/www.systechone.com\/dscsa-compliance-insights-steps-to-streamline-journey\/#breadcrumb","itemListElement":[{"@type":"ListItem","position":1,"name":"Home","item":"https:\/\/www.systechone.com\/"},{"@type":"ListItem","position":2,"name":"Webinar | DSCSA compliance: Key insights and next steps to streamline your journey"}]},{"@type":"WebSite","@id":"https:\/\/www.systechone.com\/#website","url":"https:\/\/www.systechone.com\/","name":"Systech","description":"a solutions division of Markem-Imaje","publisher":{"@id":"https:\/\/www.systechone.com\/#organization"},"potentialAction":[{"@type":"SearchAction","target":{"@type":"EntryPoint","urlTemplate":"https:\/\/www.systechone.com\/?s={search_term_string}"},"query-input":{"@type":"PropertyValueSpecification","valueRequired":true,"valueName":"search_term_string"}}],"inLanguage":"pt-BR"},{"@type":"Organization","@id":"https:\/\/www.systechone.com\/#organization","name":"Systech International","url":"https:\/\/www.systechone.com\/","logo":{"@type":"ImageObject","inLanguage":"pt-BR","@id":"https:\/\/www.systechone.com\/#\/schema\/logo\/image\/","url":"https:\/\/www.systechone.com\/wp-content\/uploads\/2018\/04\/systech-logo.png","contentUrl":"https:\/\/www.systechone.com\/wp-content\/uploads\/2018\/04\/systech-logo.png","width":551,"height":124,"caption":"Systech International"},"image":{"@id":"https:\/\/www.systechone.com\/#\/schema\/logo\/image\/"},"sameAs":["https:\/\/www.facebook.com\/systechone\/","https:\/\/x.com\/systechone","https:\/\/www.linkedin.com\/company\/systech-international","https:\/\/www.youtube.com\/channel\/UC1fz6UKo5eMa1WxgVMGRhpA\/videos"]}]}},"_links":{"self":[{"href":"https:\/\/www.systechone.com\/pt\/wp-json\/wp\/v2\/pages\/36927","targetHints":{"allow":["GET"]}}],"collection":[{"href":"https:\/\/www.systechone.com\/pt\/wp-json\/wp\/v2\/pages"}],"about":[{"href":"https:\/\/www.systechone.com\/pt\/wp-json\/wp\/v2\/types\/page"}],"author":[{"embeddable":true,"href":"https:\/\/www.systechone.com\/pt\/wp-json\/wp\/v2\/users\/41"}],"replies":[{"embeddable":true,"href":"https:\/\/www.systechone.com\/pt\/wp-json\/wp\/v2\/comments?post=36927"}],"version-history":[{"count":12,"href":"https:\/\/www.systechone.com\/pt\/wp-json\/wp\/v2\/pages\/36927\/revisions"}],"predecessor-version":[{"id":37398,"href":"https:\/\/www.systechone.com\/pt\/wp-json\/wp\/v2\/pages\/36927\/revisions\/37398"}],"wp:attachment":[{"href":"https:\/\/www.systechone.com\/pt\/wp-json\/wp\/v2\/media?parent=36927"}],"curies":[{"name":"wp","href":"https:\/\/api.w.org\/{rel}","templated":true}]}}