{"id":36655,"date":"2025-11-17T06:28:00","date_gmt":"2025-11-17T11:28:00","guid":{"rendered":"https:\/\/staging.systech.ssdev.ca\/?page_id=36655"},"modified":"2025-11-18T22:52:32","modified_gmt":"2025-11-19T03:52:32","slug":"pharma-track-and-trace-benchmark-report","status":"publish","type":"page","link":"https:\/\/www.systechone.com\/pt\/pharma-track-and-trace-benchmark-report\/","title":{"rendered":"RELAT\u00d3RIO DE BENCHMARK DE RASTREAMENTO E MONITORAMENTO FARMAC\u00caUTICO"},"content":{"rendered":"<div data-elementor-type=\"wp-page\" data-elementor-id=\"36655\" class=\"elementor elementor-36655\" data-elementor-post-type=\"page\">\n\t\t\t\t<div data-dce-background-overlay-color=\"#22B8B0\" data-dce-background-image-url=\"https:\/\/www.systechone.com\/wp-content\/uploads\/2025\/11\/L4-serialization-benchmark_banner.png\" class=\"elementor-element elementor-element-c45c5ee e-flex e-con-boxed e-con e-parent\" data-id=\"c45c5ee\" data-element_type=\"container\" data-settings=\"{&quot;background_background&quot;:&quot;classic&quot;}\">\n\t\t\t\t\t<div class=\"e-con-inner\">\n\t\t<div class=\"elementor-element elementor-element-6c89efd e-con-full e-flex e-con e-child\" data-id=\"6c89efd\" data-element_type=\"container\">\n\t\t\t\t<div class=\"elementor-element elementor-element-1f28def elementor-widget elementor-widget-heading\" data-id=\"1f28def\" data-element_type=\"widget\" data-widget_type=\"heading.default\">\n\t\t\t\t<div class=\"elementor-widget-container\">\n\t\t\t\t\t<h6 class=\"elementor-heading-title elementor-size-default\">ESTUDO DE REFER\u00caNCIA\n<\/h6>\t\t\t\t<\/div>\n\t\t\t\t<\/div>\n\t\t\t\t<div class=\"elementor-element elementor-element-253b241 elementor-widget elementor-widget-heading\" data-id=\"253b241\" data-element_type=\"widget\" data-widget_type=\"heading.default\">\n\t\t\t\t<div class=\"elementor-widget-container\">\n\t\t\t\t\t<h1 class=\"elementor-heading-title elementor-size-default\">Desbloqueando o valor das solu\u00e7\u00f5es de rastreamento e monitoramento da cadeia de suprimentos\n<\/h1>\t\t\t\t<\/div>\n\t\t\t\t<\/div>\n\t\t\t\t<div class=\"elementor-element elementor-element-9e3b872 elementor-widget elementor-widget-text-editor\" data-id=\"9e3b872\" data-element_type=\"widget\" data-widget_type=\"text-editor.default\">\n\t\t\t\t<div class=\"elementor-widget-container\">\n\t\t\t\t\t\t\t\t\tMais de 100 organiza\u00e7\u00f5es farmac\u00eauticas foram pesquisadas para entender os complexos desafios da rastreabilidade farmac\u00eautica.\t\t\t\t\t\t\t\t<\/div>\n\t\t\t\t<\/div>\n\t\t\t\t<\/div>\n\t\t\t\t\t<\/div>\n\t\t\t\t<\/div>\n\t\t<div class=\"elementor-element elementor-element-b3c4743 e-flex e-con-boxed e-con e-parent\" data-id=\"b3c4743\" data-element_type=\"container\">\n\t\t\t\t\t<div class=\"e-con-inner\">\n\t\t<div class=\"elementor-element elementor-element-bbded74 e-con-full e-flex e-con e-child\" data-id=\"bbded74\" data-element_type=\"container\">\n\t\t\t\t<div class=\"elementor-element elementor-element-c3303bd elementor-widget elementor-widget-heading\" data-id=\"c3303bd\" data-element_type=\"widget\" data-widget_type=\"heading.default\">\n\t\t\t\t<div class=\"elementor-widget-container\">\n\t\t\t\t\t<h2 class=\"elementor-heading-title elementor-size-default\">O que h\u00e1 dentro...\n<\/h2>\t\t\t\t<\/div>\n\t\t\t\t<\/div>\n\t\t\t\t<div class=\"elementor-element elementor-element-0af81b2 elementor-widget elementor-widget-text-editor\" data-id=\"0af81b2\" data-element_type=\"widget\" data-widget_type=\"text-editor.default\">\n\t\t\t\t<div class=\"elementor-widget-container\">\n\t\t\t\t\t\t\t\t\t<p>Explore este estudo de refer\u00eancia perspicaz para dar a voc\u00ea e \u00e0 sua equipe uma vantagem inicial sobre como as solu\u00e7\u00f5es de rastreamento e monitoramento da cadeia de suprimentos podem capacitar sua empresa hoje e no futuro.<\/p><p>Voc\u00ea ter\u00e1 acesso a:<\/p><p><strong class=\"teal-text\">Principais percep\u00e7\u00f5es\u00a0<\/strong>Tend\u00eancias e desafios no mercado de rastreamento e monitoramento enfrentados por seus colegas<strong>\u00a0<\/strong><\/p><p><strong class=\"teal-text\">Principais preocupa\u00e7\u00f5es\u00a0<\/strong>Pontos problem\u00e1ticos comuns, como encargos de valida\u00e7\u00e3o, retrabalho manual e custos ocultos<\/p><p><strong class=\"teal-text\">Prioridades do usu\u00e1rio -<\/strong>\u00a0Principais recursos de rastreamento e monitoramento que s\u00e3o os mais importantes para os l\u00edderes do setor<\/p>\t\t\t\t\t\t\t\t<\/div>\n\t\t\t\t<\/div>\n\t\t\t\t<div class=\"elementor-element elementor-element-893dc9a elementor-skin-coverflow elementor-arrows-yes elementor-pagination-type-bullets elementor-pagination-position-outside elementor-widget elementor-widget-media-carousel\" data-id=\"893dc9a\" data-element_type=\"widget\" data-settings=\"{&quot;skin&quot;:&quot;coverflow&quot;,&quot;slides_per_view&quot;:&quot;3&quot;,&quot;slides_to_scroll&quot;:&quot;1&quot;,&quot;show_arrows&quot;:&quot;yes&quot;,&quot;pagination&quot;:&quot;bullets&quot;,&quot;speed&quot;:500,&quot;loop&quot;:&quot;yes&quot;,&quot;space_between&quot;:{&quot;unit&quot;:&quot;px&quot;,&quot;size&quot;:10,&quot;sizes&quot;:[]},&quot;space_between_tablet&quot;:{&quot;unit&quot;:&quot;px&quot;,&quot;size&quot;:10,&quot;sizes&quot;:[]},&quot;space_between_mobile&quot;:{&quot;unit&quot;:&quot;px&quot;,&quot;size&quot;:10,&quot;sizes&quot;:[]}}\" data-widget_type=\"media-carousel.default\">\n\t\t\t\t<div class=\"elementor-widget-container\">\n\t\t\t\t\t\t\t\t\t<div class=\"elementor-swiper\">\n\t\t\t\t\t<div class=\"elementor-main-swiper swiper\" role=\"region\" aria-roledescription=\"carousel\" aria-label=\"Slides\">\n\t\t\t\t<div class=\"swiper-wrapper\">\n\t\t\t\t\t\t\t\t\t\t\t<div class=\"swiper-slide\" role=\"group\" aria-roledescription=\"slide\">\n\t\t\t\t\t\t\t\t\t<div class=\"elementor-carousel-image\" role=\"img\" aria-label=\"Imagem de refer\u00eancia 3\" style=\"background-image: url(&#039;https:\/\/www.systechone.com\/wp-content\/uploads\/2025\/11\/Benchmark-image-3.png&#039;)\">\n\n\t\t\t\n\t\t\t\t\t<\/div>\n\t\t\t\t\t\t\t\t<\/div>\n\t\t\t\t\t\t\t\t\t\t\t<div class=\"swiper-slide\" role=\"group\" aria-roledescription=\"slide\">\n\t\t\t\t\t\t\t\t\t<div class=\"elementor-carousel-image\" role=\"img\" aria-label=\"Imagem de refer\u00eancia 1\" style=\"background-image: url(&#039;https:\/\/www.systechone.com\/wp-content\/uploads\/2025\/11\/Benchmark-image-1-1.png&#039;)\">\n\n\t\t\t\n\t\t\t\t\t<\/div>\n\t\t\t\t\t\t\t\t<\/div>\n\t\t\t\t\t\t\t\t\t\t\t<div class=\"swiper-slide\" role=\"group\" aria-roledescription=\"slide\">\n\t\t\t\t\t\t\t\t\t<div class=\"elementor-carousel-image\" role=\"img\" aria-label=\"Imagem de refer\u00eancia 2\" style=\"background-image: url(&#039;https:\/\/www.systechone.com\/wp-content\/uploads\/2025\/11\/Benchmark-image-2.png&#039;)\">\n\n\t\t\t\n\t\t\t\t\t<\/div>\n\t\t\t\t\t\t\t\t<\/div>\n\t\t\t\t\t\t\t\t\t<\/div>\n\t\t\t\t\t\t\t\t\t\t\t\t\t\t\t<div class=\"elementor-swiper-button elementor-swiper-button-prev\" role=\"button\" tabindex=\"0\" aria-label=\"Anterior\">\n\t\t\t\t\t\t\t<i aria-hidden=\"true\" class=\"eicon-chevron-left\"><\/i>\t\t\t\t\t\t<\/div>\n\t\t\t\t\t\t<div class=\"elementor-swiper-button elementor-swiper-button-next\" role=\"button\" tabindex=\"0\" aria-label=\"Pr\u00f3ximo\">\n\t\t\t\t\t\t\t<i aria-hidden=\"true\" class=\"eicon-chevron-right\"><\/i>\t\t\t\t\t\t<\/div>\n\t\t\t\t\t\t\t\t\t\t\t\t\t\t\t\t<div class=\"swiper-pagination\"><\/div>\n\t\t\t\t\t\t\t\t\t\t\t\t<\/div>\n\t\t\t\t<\/div>\n\t\t\t\t\t\t\t\t<\/div>\n\t\t\t\t<\/div>\n\t\t\t\t<\/div>\n\t\t<div class=\"elementor-element elementor-element-508bdab e-con-full e-flex e-con e-child\" data-id=\"508bdab\" data-element_type=\"container\">\n\t\t<div data-dce-background-color=\"#F2F2F4\" class=\"elementor-element elementor-element-b652c84 e-con-full e-flex e-con e-child\" data-id=\"b652c84\" data-element_type=\"container\" id=\"content-form\" data-settings=\"{&quot;background_background&quot;:&quot;classic&quot;}\">\n\t\t\t\t<div class=\"elementor-element elementor-element-b23d18f elementor-widget elementor-widget-heading\" data-id=\"b23d18f\" data-element_type=\"widget\" data-widget_type=\"heading.default\">\n\t\t\t\t<div class=\"elementor-widget-container\">\n\t\t\t\t\t<h4 class=\"elementor-heading-title elementor-size-default\">Fa\u00e7a o download do estudo de refer\u00eancia definitivo sobre rastreamento e monitoramento - 2025\n<\/h4>\t\t\t\t<\/div>\n\t\t\t\t<\/div>\n\t\t\t\t<div class=\"elementor-element elementor-element-8cd3bd7 elementor-widget elementor-widget-html\" data-id=\"8cd3bd7\" data-element_type=\"widget\" data-widget_type=\"html.default\">\n\t\t\t\t<div class=\"elementor-widget-container\">\n\t\t\t\t\t<script src=\"\/\/info.systechone.com\/js\/forms2\/js\/forms2.min.js\"><\/script> <form id=\"mktoForm_1071\" action=\"\"><input type=\"hidden\" name=\"trp-form-language\" value=\"pt\"\/><\/form> <script>MktoForms2.loadForm(\"\/\/info.systechone.com\", \"304-PSB-492\", 1071);<\/script>\t\t\t\t<\/div>\n\t\t\t\t<\/div>\n\t\t\t\t<\/div>\n\t\t\t\t<\/div>\n\t\t\t\t\t<\/div>\n\t\t\t\t<\/div>\n\t\t<div class=\"elementor-element elementor-element-4baae67 e-flex e-con-boxed e-con e-parent\" data-id=\"4baae67\" data-element_type=\"container\">\n\t\t\t\t\t<div class=\"e-con-inner\">\n\t\t<div class=\"elementor-element elementor-element-5603ff2 e-con-full e-flex e-con e-child\" data-id=\"5603ff2\" data-element_type=\"container\">\n\t\t\t\t<div class=\"elementor-element elementor-element-df60ae4 elementor-widget elementor-widget-heading\" data-id=\"df60ae4\" data-element_type=\"widget\" data-widget_type=\"heading.default\">\n\t\t\t\t<div class=\"elementor-widget-container\">\n\t\t\t\t\t<h3 class=\"elementor-heading-title elementor-size-default\">Solu\u00e7\u00e3o preferida de rastreamento e monitoramento\n<\/h3>\t\t\t\t<\/div>\n\t\t\t\t<\/div>\n\t\t\t\t<div class=\"elementor-element elementor-element-a0b7dd5 elementor-widget elementor-widget-heading\" data-id=\"a0b7dd5\" data-element_type=\"widget\" data-widget_type=\"heading.default\">\n\t\t\t\t<div class=\"elementor-widget-container\">\n\t\t\t\t\t<h3 class=\"elementor-heading-title elementor-size-default\">para conformidade antecipada e opera\u00e7\u00f5es simplificadas\n<\/h3>\t\t\t\t<\/div>\n\t\t\t\t<\/div>\n\t\t\t\t<\/div>\n\t\t<div class=\"elementor-element elementor-element-8772d53 e-con-full e-flex e-con e-child\" data-id=\"8772d53\" data-element_type=\"container\">\n\t\t\t\t<div class=\"elementor-element elementor-element-fd887cc elementor-widget elementor-widget-text-editor\" data-id=\"fd887cc\" data-element_type=\"widget\" data-widget_type=\"text-editor.default\">\n\t\t\t\t<div class=\"elementor-widget-container\">\n\t\t\t\t\t\t\t\t\t<p>\"Gra\u00e7as \u00e0 Systech, nossos produtos s\u00e3o processados e distribu\u00eddos mais rapidamente, o que nos permite minimizar as penalidades por atraso no fornecimento, o que \u00e9 crucial em nosso setor.\"<\/p>\t\t\t\t\t\t\t\t<\/div>\n\t\t\t\t<\/div>\n\t\t\t\t<div class=\"elementor-element elementor-element-ed199ae elementor-widget elementor-widget-text-editor\" data-id=\"ed199ae\" data-element_type=\"widget\" data-widget_type=\"text-editor.default\">\n\t\t\t\t<div class=\"elementor-widget-container\">\n\t\t\t\t\t\t\t\t\t<p>- Gerente S\u00eanior de Tecnologia, Amici Pharmaceuticals<\/p>\t\t\t\t\t\t\t\t<\/div>\n\t\t\t\t<\/div>\n\t\t\t\t<\/div>\n\t\t\t\t\t<\/div>\n\t\t\t\t<\/div>\n\t\t<div class=\"elementor-element elementor-element-afbcf59 e-con-full e-flex e-con e-parent\" data-id=\"afbcf59\" data-element_type=\"container\">\n\t\t<div class=\"elementor-element elementor-element-1809019 e-flex e-con-boxed e-con e-child\" data-id=\"1809019\" data-element_type=\"container\">\n\t\t\t\t\t<div class=\"e-con-inner\">\n\t\t<div class=\"elementor-element elementor-element-ca7496a e-con-full e-flex e-con e-child\" data-id=\"ca7496a\" data-element_type=\"container\">\n\t\t\t\t<div class=\"elementor-element elementor-element-33e4da0 elementor-widget elementor-widget-heading\" data-id=\"33e4da0\" data-element_type=\"widget\" data-widget_type=\"heading.default\">\n\t\t\t\t<div class=\"elementor-widget-container\">\n\t\t\t\t\t<h2 class=\"elementor-heading-title elementor-size-default\">O parceiro certo pode lhe dar um passo \u00e0 frente\n<\/h2>\t\t\t\t<\/div>\n\t\t\t\t<\/div>\n\t\t\t\t<div class=\"elementor-element elementor-element-b6081b8 elementor-widget elementor-widget-text-editor\" data-id=\"b6081b8\" data-element_type=\"widget\" data-widget_type=\"text-editor.default\">\n\t\t\t\t<div class=\"elementor-widget-container\">\n\t\t\t\t\t\t\t\t\tNossos especialistas est\u00e3o prontos para ajud\u00e1-lo a avaliar seus sistemas atuais, identificar lacunas e implementar as solu\u00e7\u00f5es ideais para sua empresa.\n\n\t\t\t\t\t\t\t\t<\/div>\n\t\t\t\t<\/div>\n\t\t\t\t<\/div>\n\t\t<div class=\"elementor-element elementor-element-8286457 e-con-full e-flex e-con e-child\" data-id=\"8286457\" data-element_type=\"container\">\n\t\t\t\t<div class=\"elementor-element elementor-element-b24104a elementor-widget elementor-widget-button\" data-id=\"b24104a\" data-element_type=\"widget\" data-widget_type=\"button.default\">\n\t\t\t\t<div class=\"elementor-widget-container\">\n\t\t\t\t\t\t\t\t\t<div class=\"elementor-button-wrapper\">\n\t\t\t\t\t<a class=\"elementor-button elementor-button-link elementor-size-sm\" href=\"#content-form\">\n\t\t\t\t\t\t<span class=\"elementor-button-content-wrapper\">\n\t\t\t\t\t\t\t\t\t<span class=\"elementor-button-text\">Contate-Nos<\/span>\n\t\t\t\t\t<\/span>\n\t\t\t\t\t<\/a>\n\t\t\t\t<\/div>\n\t\t\t\t\t\t\t\t<\/div>\n\t\t\t\t<\/div>\n\t\t\t\t<\/div>\n\t\t\t\t\t<\/div>\n\t\t\t\t<\/div>\n\t\t\t\t<div class=\"elementor-element elementor-element-7bcd1ec elementor-absolute dce_masking-none elementor-widget elementor-widget-image\" data-id=\"7bcd1ec\" data-element_type=\"widget\" data-settings=\"{&quot;_position&quot;:&quot;absolute&quot;}\" data-widget_type=\"image.default\">\n\t\t\t\t<div class=\"elementor-widget-container\">\n\t\t\t\t\t\t\t\t\t\t\t\t\t\t\t<img loading=\"lazy\" decoding=\"async\" width=\"362\" height=\"139\" src=\"https:\/\/www.systechone.com\/wp-content\/uploads\/2025\/11\/top-left-line-graphic.svg\" class=\"attachment-large size-large wp-image-36497\" alt=\"\" \/>\t\t\t\t\t\t\t\t\t\t\t\t\t\t\t<\/div>\n\t\t\t\t<\/div>\n\t\t\t\t<div class=\"elementor-element elementor-element-9035051 elementor-absolute dce_masking-none elementor-widget elementor-widget-image\" data-id=\"9035051\" data-element_type=\"widget\" data-settings=\"{&quot;_position&quot;:&quot;absolute&quot;}\" data-widget_type=\"image.default\">\n\t\t\t\t<div class=\"elementor-widget-container\">\n\t\t\t\t\t\t\t\t\t\t\t\t\t\t\t<img loading=\"lazy\" decoding=\"async\" width=\"405\" height=\"113\" src=\"https:\/\/www.systechone.com\/wp-content\/uploads\/2025\/11\/bottom-right-line-graphic.svg\" class=\"attachment-large size-large wp-image-36496\" alt=\"\" \/>\t\t\t\t\t\t\t\t\t\t\t\t\t\t\t<\/div>\n\t\t\t\t<\/div>\n\t\t\t\t<\/div>\n\t\t\t\t<\/div>","protected":false},"excerpt":{"rendered":"<p>ESTUDO DE REFER\u00caNCIA Desbloqueando o valor das solu\u00e7\u00f5es de rastreamento e monitoramento da cadeia de suprimentos Mais de 100 organiza\u00e7\u00f5es farmac\u00eauticas foram pesquisadas para entender os complexos desafios da rastreabilidade farmac\u00eautica. O que h\u00e1 por dentro... Explore este estudo de benchmark perspicaz para dar a voc\u00ea e \u00e0 sua equipe uma vantagem inicial sobre como as solu\u00e7\u00f5es de rastreamento e monitoramento da cadeia de suprimentos podem capacitar sua empresa hoje e [...]<\/p>","protected":false},"author":41,"featured_media":0,"parent":0,"menu_order":0,"comment_status":"closed","ping_status":"closed","template":"","meta":{"_acf_changed":false,"footnotes":""},"class_list":["post-36655","page","type-page","status-publish","hentry"],"acf":[],"yoast_head":"<!-- This site is optimized with the Yoast SEO plugin v25.1 - https:\/\/yoast.com\/wordpress\/plugins\/seo\/ -->\n<title>PHARMA TRACK AND TRACE BENCHMARK REPORT - Systech<\/title>\n<meta name=\"description\" content=\"BENCHMARK STUDY Unlocking value in supply chain track &amp; trace solutions Over 100 pharma organizations were surveyed to understand the complex challenges\" \/>\n<meta name=\"robots\" content=\"index, follow, max-snippet:-1, max-image-preview:large, max-video-preview:-1\" \/>\n<link rel=\"canonical\" href=\"https:\/\/www.systechone.com\/pt\/pharma-track-and-trace-benchmark-report\/\" \/>\n<meta property=\"og:locale\" content=\"pt_BR\" \/>\n<meta property=\"og:type\" content=\"article\" \/>\n<meta property=\"og:title\" content=\"PHARMA TRACK AND TRACE BENCHMARK REPORT - Systech\" \/>\n<meta property=\"og:description\" content=\"BENCHMARK STUDY Unlocking value in supply chain track &amp; trace solutions Over 100 pharma organizations were surveyed to understand the complex challenges\" \/>\n<meta property=\"og:url\" content=\"https:\/\/www.systechone.com\/pt\/pharma-track-and-trace-benchmark-report\/\" \/>\n<meta property=\"og:site_name\" content=\"Systech\" \/>\n<meta property=\"article:publisher\" content=\"https:\/\/www.facebook.com\/systechone\/\" \/>\n<meta property=\"article:modified_time\" content=\"2025-11-19T03:52:32+00:00\" \/>\n<meta name=\"twitter:card\" content=\"summary_large_image\" \/>\n<meta name=\"twitter:site\" content=\"@systechone\" \/>\n<meta name=\"twitter:label1\" content=\"Est. tempo de leitura\" \/>\n\t<meta name=\"twitter:data1\" content=\"2 minutos\" \/>\n<script type=\"application\/ld+json\" class=\"yoast-schema-graph\">{\"@context\":\"https:\/\/schema.org\",\"@graph\":[{\"@type\":\"WebPage\",\"@id\":\"https:\/\/www.systechone.com\/pharma-track-and-trace-benchmark-report\/\",\"url\":\"https:\/\/www.systechone.com\/pharma-track-and-trace-benchmark-report\/\",\"name\":\"PHARMA TRACK AND TRACE BENCHMARK REPORT - Systech\",\"isPartOf\":{\"@id\":\"https:\/\/www.systechone.com\/#website\"},\"primaryImageOfPage\":{\"@id\":\"https:\/\/www.systechone.com\/pharma-track-and-trace-benchmark-report\/#primaryimage\"},\"image\":{\"@id\":\"https:\/\/www.systechone.com\/pharma-track-and-trace-benchmark-report\/#primaryimage\"},\"thumbnailUrl\":\"https:\/\/www.systechone.com\/wp-content\/uploads\/2025\/11\/top-left-line-graphic.svg\",\"datePublished\":\"2025-11-17T11:28:00+00:00\",\"dateModified\":\"2025-11-19T03:52:32+00:00\",\"description\":\"BENCHMARK STUDY Unlocking value in supply chain track & trace solutions Over 100 pharma organizations were surveyed to understand the complex challenges\",\"breadcrumb\":{\"@id\":\"https:\/\/www.systechone.com\/pharma-track-and-trace-benchmark-report\/#breadcrumb\"},\"inLanguage\":\"pt-BR\",\"potentialAction\":[{\"@type\":\"ReadAction\",\"target\":[\"https:\/\/www.systechone.com\/pharma-track-and-trace-benchmark-report\/\"]}]},{\"@type\":\"ImageObject\",\"inLanguage\":\"pt-BR\",\"@id\":\"https:\/\/www.systechone.com\/pharma-track-and-trace-benchmark-report\/#primaryimage\",\"url\":\"https:\/\/www.systechone.com\/wp-content\/uploads\/2025\/11\/top-left-line-graphic.svg\",\"contentUrl\":\"https:\/\/www.systechone.com\/wp-content\/uploads\/2025\/11\/top-left-line-graphic.svg\"},{\"@type\":\"BreadcrumbList\",\"@id\":\"https:\/\/www.systechone.com\/pharma-track-and-trace-benchmark-report\/#breadcrumb\",\"itemListElement\":[{\"@type\":\"ListItem\",\"position\":1,\"name\":\"Home\",\"item\":\"https:\/\/www.systechone.com\/\"},{\"@type\":\"ListItem\",\"position\":2,\"name\":\"PHARMA TRACK AND TRACE BENCHMARK REPORT\"}]},{\"@type\":\"WebSite\",\"@id\":\"https:\/\/www.systechone.com\/#website\",\"url\":\"https:\/\/www.systechone.com\/\",\"name\":\"Systech\",\"description\":\"a solutions division of Markem-Imaje\",\"publisher\":{\"@id\":\"https:\/\/www.systechone.com\/#organization\"},\"potentialAction\":[{\"@type\":\"SearchAction\",\"target\":{\"@type\":\"EntryPoint\",\"urlTemplate\":\"https:\/\/www.systechone.com\/?s={search_term_string}\"},\"query-input\":{\"@type\":\"PropertyValueSpecification\",\"valueRequired\":true,\"valueName\":\"search_term_string\"}}],\"inLanguage\":\"pt-BR\"},{\"@type\":\"Organization\",\"@id\":\"https:\/\/www.systechone.com\/#organization\",\"name\":\"Systech International\",\"url\":\"https:\/\/www.systechone.com\/\",\"logo\":{\"@type\":\"ImageObject\",\"inLanguage\":\"pt-BR\",\"@id\":\"https:\/\/www.systechone.com\/#\/schema\/logo\/image\/\",\"url\":\"https:\/\/www.systechone.com\/wp-content\/uploads\/2018\/04\/systech-logo.png\",\"contentUrl\":\"https:\/\/www.systechone.com\/wp-content\/uploads\/2018\/04\/systech-logo.png\",\"width\":551,\"height\":124,\"caption\":\"Systech International\"},\"image\":{\"@id\":\"https:\/\/www.systechone.com\/#\/schema\/logo\/image\/\"},\"sameAs\":[\"https:\/\/www.facebook.com\/systechone\/\",\"https:\/\/x.com\/systechone\",\"https:\/\/www.linkedin.com\/company\/systech-international\",\"https:\/\/www.youtube.com\/channel\/UC1fz6UKo5eMa1WxgVMGRhpA\/videos\"]}]}<\/script>\n<!-- \/ Yoast SEO plugin. -->","yoast_head_json":{"title":"PHARMA TRACK AND TRACE BENCHMARK REPORT - Systech","description":"BENCHMARK STUDY Unlocking value in supply chain track & trace solutions Over 100 pharma organizations were surveyed to understand the complex challenges","robots":{"index":"index","follow":"follow","max-snippet":"max-snippet:-1","max-image-preview":"max-image-preview:large","max-video-preview":"max-video-preview:-1"},"canonical":"https:\/\/www.systechone.com\/pt\/pharma-track-and-trace-benchmark-report\/","og_locale":"pt_BR","og_type":"article","og_title":"PHARMA TRACK AND TRACE BENCHMARK REPORT - Systech","og_description":"BENCHMARK STUDY Unlocking value in supply chain track & trace solutions Over 100 pharma organizations were surveyed to understand the complex challenges","og_url":"https:\/\/www.systechone.com\/pt\/pharma-track-and-trace-benchmark-report\/","og_site_name":"Systech","article_publisher":"https:\/\/www.facebook.com\/systechone\/","article_modified_time":"2025-11-19T03:52:32+00:00","twitter_card":"summary_large_image","twitter_site":"@systechone","twitter_misc":{"Est. tempo de leitura":"2 minutos"},"schema":{"@context":"https:\/\/schema.org","@graph":[{"@type":"WebPage","@id":"https:\/\/www.systechone.com\/pharma-track-and-trace-benchmark-report\/","url":"https:\/\/www.systechone.com\/pharma-track-and-trace-benchmark-report\/","name":"PHARMA TRACK AND TRACE BENCHMARK REPORT - Systech","isPartOf":{"@id":"https:\/\/www.systechone.com\/#website"},"primaryImageOfPage":{"@id":"https:\/\/www.systechone.com\/pharma-track-and-trace-benchmark-report\/#primaryimage"},"image":{"@id":"https:\/\/www.systechone.com\/pharma-track-and-trace-benchmark-report\/#primaryimage"},"thumbnailUrl":"https:\/\/www.systechone.com\/wp-content\/uploads\/2025\/11\/top-left-line-graphic.svg","datePublished":"2025-11-17T11:28:00+00:00","dateModified":"2025-11-19T03:52:32+00:00","description":"BENCHMARK STUDY Unlocking value in supply chain track & trace solutions Over 100 pharma organizations were surveyed to understand the complex challenges","breadcrumb":{"@id":"https:\/\/www.systechone.com\/pharma-track-and-trace-benchmark-report\/#breadcrumb"},"inLanguage":"pt-BR","potentialAction":[{"@type":"ReadAction","target":["https:\/\/www.systechone.com\/pharma-track-and-trace-benchmark-report\/"]}]},{"@type":"ImageObject","inLanguage":"pt-BR","@id":"https:\/\/www.systechone.com\/pharma-track-and-trace-benchmark-report\/#primaryimage","url":"https:\/\/www.systechone.com\/wp-content\/uploads\/2025\/11\/top-left-line-graphic.svg","contentUrl":"https:\/\/www.systechone.com\/wp-content\/uploads\/2025\/11\/top-left-line-graphic.svg"},{"@type":"BreadcrumbList","@id":"https:\/\/www.systechone.com\/pharma-track-and-trace-benchmark-report\/#breadcrumb","itemListElement":[{"@type":"ListItem","position":1,"name":"Home","item":"https:\/\/www.systechone.com\/"},{"@type":"ListItem","position":2,"name":"PHARMA TRACK AND TRACE BENCHMARK REPORT"}]},{"@type":"WebSite","@id":"https:\/\/www.systechone.com\/#website","url":"https:\/\/www.systechone.com\/","name":"Systech","description":"a solutions division of Markem-Imaje","publisher":{"@id":"https:\/\/www.systechone.com\/#organization"},"potentialAction":[{"@type":"SearchAction","target":{"@type":"EntryPoint","urlTemplate":"https:\/\/www.systechone.com\/?s={search_term_string}"},"query-input":{"@type":"PropertyValueSpecification","valueRequired":true,"valueName":"search_term_string"}}],"inLanguage":"pt-BR"},{"@type":"Organization","@id":"https:\/\/www.systechone.com\/#organization","name":"Systech International","url":"https:\/\/www.systechone.com\/","logo":{"@type":"ImageObject","inLanguage":"pt-BR","@id":"https:\/\/www.systechone.com\/#\/schema\/logo\/image\/","url":"https:\/\/www.systechone.com\/wp-content\/uploads\/2018\/04\/systech-logo.png","contentUrl":"https:\/\/www.systechone.com\/wp-content\/uploads\/2018\/04\/systech-logo.png","width":551,"height":124,"caption":"Systech International"},"image":{"@id":"https:\/\/www.systechone.com\/#\/schema\/logo\/image\/"},"sameAs":["https:\/\/www.facebook.com\/systechone\/","https:\/\/x.com\/systechone","https:\/\/www.linkedin.com\/company\/systech-international","https:\/\/www.youtube.com\/channel\/UC1fz6UKo5eMa1WxgVMGRhpA\/videos"]}]}},"_links":{"self":[{"href":"https:\/\/www.systechone.com\/pt\/wp-json\/wp\/v2\/pages\/36655","targetHints":{"allow":["GET"]}}],"collection":[{"href":"https:\/\/www.systechone.com\/pt\/wp-json\/wp\/v2\/pages"}],"about":[{"href":"https:\/\/www.systechone.com\/pt\/wp-json\/wp\/v2\/types\/page"}],"author":[{"embeddable":true,"href":"https:\/\/www.systechone.com\/pt\/wp-json\/wp\/v2\/users\/41"}],"replies":[{"embeddable":true,"href":"https:\/\/www.systechone.com\/pt\/wp-json\/wp\/v2\/comments?post=36655"}],"version-history":[{"count":14,"href":"https:\/\/www.systechone.com\/pt\/wp-json\/wp\/v2\/pages\/36655\/revisions"}],"predecessor-version":[{"id":37712,"href":"https:\/\/www.systechone.com\/pt\/wp-json\/wp\/v2\/pages\/36655\/revisions\/37712"}],"wp:attachment":[{"href":"https:\/\/www.systechone.com\/pt\/wp-json\/wp\/v2\/media?parent=36655"}],"curies":[{"name":"wp","href":"https:\/\/api.w.org\/{rel}","templated":true}]}}