{"id":15017,"date":"2023-03-25T11:10:11","date_gmt":"2023-03-25T15:10:11","guid":{"rendered":"https:\/\/www.systechone.com\/pharmaceutical-compliance-2\/"},"modified":"2025-07-08T10:05:48","modified_gmt":"2025-07-08T14:05:48","slug":"regulatory-compliance","status":"publish","type":"page","link":"https:\/\/www.systechone.com\/pt\/solutions\/regulatory-compliance\/","title":{"rendered":"Conformidade regulat\u00f3ria"},"content":{"rendered":"<div data-elementor-type=\"wp-page\" data-elementor-id=\"15017\" class=\"elementor elementor-15017\" data-elementor-post-type=\"page\">\n\t\t\t\t<div data-dce-background-color=\"#54585926\" class=\"elementor-element elementor-element-5bc98d7 e-flex e-con-boxed e-con e-parent\" data-id=\"5bc98d7\" data-element_type=\"container\" data-settings=\"{&quot;background_background&quot;:&quot;classic&quot;}\">\n\t\t\t\t\t<div class=\"e-con-inner\">\n\t\t<div class=\"elementor-element elementor-element-dc1abcf e-con-full e-flex e-con e-parent\" data-id=\"dc1abcf\" data-element_type=\"container\" data-settings=\"{&quot;background_background&quot;:&quot;classic&quot;}\">\n\t\t\t\t<div class=\"elementor-element elementor-element-5da1a47 elementor-absolute elementor-hidden-mobile elementor-hidden-desktop elementor-hidden-tablet elementor-widget elementor-widget-global elementor-global-19140 elementor-widget-breadcrumbs\" data-id=\"5da1a47\" data-element_type=\"widget\" data-settings=\"{&quot;_position&quot;:&quot;absolute&quot;}\" data-widget_type=\"breadcrumbs.default\">\n\t\t\t\t<div class=\"elementor-widget-container\">\n\t\t\t\t\t<p id=\"breadcrumbs\"><span><span><a href=\"https:\/\/www.systechone.com\/pt\/\">Casa<\/a><\/span><\/span><\/p>\t\t\t\t<\/div>\n\t\t\t\t<\/div>\n\t\t\t\t<div class=\"elementor-element elementor-element-239aed4 elementor-widget elementor-widget-heading\" data-id=\"239aed4\" data-element_type=\"widget\" data-widget_type=\"heading.default\">\n\t\t\t\t<div class=\"elementor-widget-container\">\n\t\t\t\t\t<h1 class=\"elementor-heading-title elementor-size-default\">Conformidade regulat\u00f3ria facilitada<\/h1>\t\t\t\t<\/div>\n\t\t\t\t<\/div>\n\t\t\t\t<div class=\"elementor-element elementor-element-21cfb9b elementor-widget elementor-widget-text-editor\" data-id=\"21cfb9b\" data-element_type=\"widget\" data-widget_type=\"text-editor.default\">\n\t\t\t\t<div class=\"elementor-widget-container\">\n\t\t\t\t\t\t\t\t\t<p>Estar em conformidade com os requisitos legais \u00e9 fundamental para fazer neg\u00f3cios, mas cumprir as exig\u00eancias n\u00e3o \u00e9 simples. Com milhares de implementa\u00e7\u00f5es globais, a Systech entende o que \u00e9 necess\u00e1rio para que voc\u00ea esteja em conformidade.<\/p>\t\t\t\t\t\t\t\t<\/div>\n\t\t\t\t<\/div>\n\t\t\t\t<\/div>\n\t\t<div data-dce-background-image-url=\"https:\/\/www.systechone.com\/wp-content\/uploads\/2023\/09\/line-element.svg\" class=\"elementor-element elementor-element-c56d1f8 e-con-full elementor-hidden-tablet elementor-hidden-mobile e-flex e-con e-parent\" data-id=\"c56d1f8\" data-element_type=\"container\" data-settings=\"{&quot;background_background&quot;:&quot;classic&quot;,&quot;position&quot;:&quot;absolute&quot;}\">\n\t\t\t\t<\/div>\n\t\t\t\t\t<\/div>\n\t\t\t\t<\/div>\n\t\t<div class=\"elementor-element elementor-element-613f315 e-flex e-con-boxed e-con e-parent\" data-id=\"613f315\" data-element_type=\"container\">\n\t\t\t\t\t<div class=\"e-con-inner\">\n\t\t<div class=\"elementor-element elementor-element-02d72c1 e-con-full e-flex e-con e-parent\" data-id=\"02d72c1\" data-element_type=\"container\">\n\t\t\t\t<div class=\"elementor-element elementor-element-c1afc34 elementor-widget elementor-widget-heading\" data-id=\"c1afc34\" data-element_type=\"widget\" data-widget_type=\"heading.default\">\n\t\t\t\t<div class=\"elementor-widget-container\">\n\t\t\t\t\t<h3 class=\"elementor-heading-title elementor-size-default\">Obtenha conformidade hoje e esteja pronto para o futuro<\/h3>\t\t\t\t<\/div>\n\t\t\t\t<\/div>\n\t\t\t\t<div class=\"elementor-element elementor-element-f309506 elementor-widget elementor-widget-text-editor\" data-id=\"f309506\" data-element_type=\"widget\" data-widget_type=\"text-editor.default\">\n\t\t\t\t<div class=\"elementor-widget-container\">\n\t\t\t\t\t\t\t\t\t<p>O Systech oferece uma poderosa funcionalidade de serializa\u00e7\u00e3o e rastreabilidade para ajud\u00e1-lo a atender \u00e0s regulamenta\u00e7\u00f5es governamentais. Al\u00e9m disso, ele \u00e9 configur\u00e1vel e flex\u00edvel, o que facilita a adapta\u00e7\u00e3o a novos equipamentos ou linhas adaptadas. Obtenha e maximize a visibilidade da cadeia de suprimentos onde quer que voc\u00ea fa\u00e7a neg\u00f3cios.<\/p>\t\t\t\t\t\t\t\t<\/div>\n\t\t\t\t<\/div>\n\t\t\t\t<div class=\"elementor-element elementor-element-2ef3c97 elementor-widget elementor-widget-button\" data-id=\"2ef3c97\" data-element_type=\"widget\" data-widget_type=\"button.default\">\n\t\t\t\t<div class=\"elementor-widget-container\">\n\t\t\t\t\t\t\t\t\t<div class=\"elementor-button-wrapper\">\n\t\t\t\t\t<a class=\"elementor-button elementor-button-link elementor-size-sm\" href=\"https:\/\/www.systechone.com\/pt\/contact\/\">\n\t\t\t\t\t\t<span class=\"elementor-button-content-wrapper\">\n\t\t\t\t\t\t\t\t\t<span class=\"elementor-button-text\">Come\u00e7ar a usar<\/span>\n\t\t\t\t\t<\/span>\n\t\t\t\t\t<\/a>\n\t\t\t\t<\/div>\n\t\t\t\t\t\t\t\t<\/div>\n\t\t\t\t<\/div>\n\t\t\t\t<\/div>\n\t\t<div class=\"elementor-element elementor-element-cbbac3f e-con-full e-flex e-con e-parent\" data-id=\"cbbac3f\" data-element_type=\"container\">\n\t\t<div class=\"elementor-element elementor-element-b9c31fe e-con-full systech-image-overlay e-flex e-con e-parent\" data-id=\"b9c31fe\" data-element_type=\"container\">\n\t\t\t\t<div class=\"elementor-element elementor-element-412abef dce_masking-none elementor-widget elementor-widget-image\" data-id=\"412abef\" data-element_type=\"widget\" data-widget_type=\"image.default\">\n\t\t\t\t<div class=\"elementor-widget-container\">\n\t\t\t\t\t\t\t\t\t\t\t\t\t\t\t<img loading=\"lazy\" decoding=\"async\" width=\"768\" height=\"432\" src=\"https:\/\/www.systechone.com\/wp-content\/uploads\/2023\/04\/regulatory-compliance-1-768x432.jpg\" class=\"attachment-medium_large size-medium_large wp-image-16000\" alt=\"\" srcset=\"https:\/\/www.systechone.com\/wp-content\/uploads\/2023\/04\/regulatory-compliance-1-768x432.jpg 768w, https:\/\/www.systechone.com\/wp-content\/uploads\/2023\/04\/regulatory-compliance-1-1024x576.jpg 1024w, https:\/\/www.systechone.com\/wp-content\/uploads\/2023\/04\/regulatory-compliance-1-600x338.jpg 600w, https:\/\/www.systechone.com\/wp-content\/uploads\/2023\/04\/regulatory-compliance-1.jpg 1200w\" sizes=\"auto, (max-width: 768px) 100vw, 768px\" \/>\t\t\t\t\t\t\t\t\t\t\t\t\t\t\t<\/div>\n\t\t\t\t<\/div>\n\t\t\t\t<\/div>\n\t\t\t\t<\/div>\n\t\t\t\t\t<\/div>\n\t\t\t\t<\/div>\n\t\t\t\t<\/div>","protected":false},"excerpt":{"rendered":"<p>Conformidade regulat\u00f3ria facilitada A conformidade com os requisitos legais \u00e9 fundamental para fazer neg\u00f3cios, mas atender \u00e0s exig\u00eancias n\u00e3o \u00e9 simples. Com milhares de implementa\u00e7\u00f5es globais, a Systech entende o que \u00e9 necess\u00e1rio para que voc\u00ea esteja em conformidade. Obtenha a conformidade hoje e esteja pronto para o futuro A Systech oferece uma poderosa funcionalidade de serializa\u00e7\u00e3o e rastreabilidade para ajud\u00e1-lo a atender \u00e0s regulamenta\u00e7\u00f5es governamentais. Al\u00e9m disso, [...]<\/p>","protected":false},"author":20,"featured_media":0,"parent":4965,"menu_order":0,"comment_status":"closed","ping_status":"closed","template":"elementor_header_footer","meta":{"_acf_changed":false,"footnotes":""},"class_list":["post-15017","page","type-page","status-publish","hentry"],"acf":[],"yoast_head":"<!-- This site is optimized with the Yoast SEO plugin v25.1 - https:\/\/yoast.com\/wordpress\/plugins\/seo\/ -->\n<title>Pharma regulatory compliance solution<\/title>\n<meta name=\"description\" content=\"Keep informed &amp; compliant with global serialization &amp; traceability regulations.\" \/>\n<meta name=\"robots\" content=\"index, follow, max-snippet:-1, max-image-preview:large, max-video-preview:-1\" \/>\n<link rel=\"canonical\" href=\"https:\/\/www.systechone.com\/pt\/solutions\/regulatory-compliance\/\" \/>\n<meta property=\"og:locale\" content=\"pt_BR\" \/>\n<meta property=\"og:type\" content=\"article\" \/>\n<meta property=\"og:title\" content=\"Pharma regulatory compliance solution\" \/>\n<meta property=\"og:description\" content=\"Keep informed &amp; compliant with global serialization &amp; traceability regulations.\" \/>\n<meta property=\"og:url\" content=\"https:\/\/www.systechone.com\/pt\/solutions\/regulatory-compliance\/\" \/>\n<meta property=\"og:site_name\" content=\"Systech\" \/>\n<meta property=\"article:publisher\" content=\"https:\/\/www.facebook.com\/systechone\/\" \/>\n<meta property=\"article:modified_time\" content=\"2025-07-08T14:05:48+00:00\" \/>\n<meta property=\"og:image\" content=\"https:\/\/www.systechone.com\/wp-content\/uploads\/2023\/04\/regulatory-compliance-1.jpg\" \/>\n\t<meta property=\"og:image:width\" content=\"1200\" \/>\n\t<meta property=\"og:image:height\" content=\"675\" \/>\n\t<meta property=\"og:image:type\" content=\"image\/jpeg\" \/>\n<meta name=\"twitter:card\" content=\"summary_large_image\" \/>\n<meta name=\"twitter:site\" content=\"@systechone\" \/>\n<meta name=\"twitter:label1\" content=\"Est. tempo de leitura\" \/>\n\t<meta name=\"twitter:data1\" content=\"1 minuto\" \/>\n<script type=\"application\/ld+json\" class=\"yoast-schema-graph\">{\"@context\":\"https:\/\/schema.org\",\"@graph\":[{\"@type\":\"WebPage\",\"@id\":\"https:\/\/www.systechone.com\/pt\/solutions\/regulatory-compliance\/\",\"url\":\"https:\/\/www.systechone.com\/pt\/solutions\/regulatory-compliance\/\",\"name\":\"Pharma regulatory compliance solution\",\"isPartOf\":{\"@id\":\"https:\/\/www.systechone.com\/#website\"},\"primaryImageOfPage\":{\"@id\":\"https:\/\/www.systechone.com\/pt\/solutions\/regulatory-compliance\/#primaryimage\"},\"image\":{\"@id\":\"https:\/\/www.systechone.com\/pt\/solutions\/regulatory-compliance\/#primaryimage\"},\"thumbnailUrl\":\"https:\/\/www.systechone.com\/wp-content\/uploads\/2023\/04\/regulatory-compliance-1-768x432.jpg\",\"datePublished\":\"2023-03-25T15:10:11+00:00\",\"dateModified\":\"2025-07-08T14:05:48+00:00\",\"description\":\"Keep informed & compliant with global serialization & traceability regulations.\",\"breadcrumb\":{\"@id\":\"https:\/\/www.systechone.com\/pt\/solutions\/regulatory-compliance\/#breadcrumb\"},\"inLanguage\":\"pt-BR\",\"potentialAction\":[{\"@type\":\"ReadAction\",\"target\":[\"https:\/\/www.systechone.com\/pt\/solutions\/regulatory-compliance\/\"]}]},{\"@type\":\"ImageObject\",\"inLanguage\":\"pt-BR\",\"@id\":\"https:\/\/www.systechone.com\/pt\/solutions\/regulatory-compliance\/#primaryimage\",\"url\":\"https:\/\/www.systechone.com\/wp-content\/uploads\/2023\/04\/regulatory-compliance-1-768x432.jpg\",\"contentUrl\":\"https:\/\/www.systechone.com\/wp-content\/uploads\/2023\/04\/regulatory-compliance-1-768x432.jpg\"},{\"@type\":\"BreadcrumbList\",\"@id\":\"https:\/\/www.systechone.com\/pt\/solutions\/regulatory-compliance\/#breadcrumb\",\"itemListElement\":[{\"@type\":\"ListItem\",\"position\":1,\"name\":\"Home\",\"item\":\"https:\/\/www.systechone.com\/\"},{\"@type\":\"ListItem\",\"position\":2,\"name\":\"Solutions\",\"item\":\"https:\/\/www.systechone.com\/pt\/solutions\/\"},{\"@type\":\"ListItem\",\"position\":3,\"name\":\"Regulatory Compliance\"}]},{\"@type\":\"WebSite\",\"@id\":\"https:\/\/www.systechone.com\/#website\",\"url\":\"https:\/\/www.systechone.com\/\",\"name\":\"Systech\",\"description\":\"a solutions division of Markem-Imaje\",\"publisher\":{\"@id\":\"https:\/\/www.systechone.com\/#organization\"},\"potentialAction\":[{\"@type\":\"SearchAction\",\"target\":{\"@type\":\"EntryPoint\",\"urlTemplate\":\"https:\/\/www.systechone.com\/?s={search_term_string}\"},\"query-input\":{\"@type\":\"PropertyValueSpecification\",\"valueRequired\":true,\"valueName\":\"search_term_string\"}}],\"inLanguage\":\"pt-BR\"},{\"@type\":\"Organization\",\"@id\":\"https:\/\/www.systechone.com\/#organization\",\"name\":\"Systech International\",\"url\":\"https:\/\/www.systechone.com\/\",\"logo\":{\"@type\":\"ImageObject\",\"inLanguage\":\"pt-BR\",\"@id\":\"https:\/\/www.systechone.com\/#\/schema\/logo\/image\/\",\"url\":\"https:\/\/www.systechone.com\/wp-content\/uploads\/2018\/04\/systech-logo.png\",\"contentUrl\":\"https:\/\/www.systechone.com\/wp-content\/uploads\/2018\/04\/systech-logo.png\",\"width\":551,\"height\":124,\"caption\":\"Systech International\"},\"image\":{\"@id\":\"https:\/\/www.systechone.com\/#\/schema\/logo\/image\/\"},\"sameAs\":[\"https:\/\/www.facebook.com\/systechone\/\",\"https:\/\/x.com\/systechone\",\"https:\/\/www.linkedin.com\/company\/systech-international\",\"https:\/\/www.youtube.com\/channel\/UC1fz6UKo5eMa1WxgVMGRhpA\/videos\"]}]}<\/script>\n<!-- \/ Yoast SEO plugin. -->","yoast_head_json":{"title":"Pharma regulatory compliance solution","description":"Keep informed & compliant with global serialization & traceability regulations.","robots":{"index":"index","follow":"follow","max-snippet":"max-snippet:-1","max-image-preview":"max-image-preview:large","max-video-preview":"max-video-preview:-1"},"canonical":"https:\/\/www.systechone.com\/pt\/solutions\/regulatory-compliance\/","og_locale":"pt_BR","og_type":"article","og_title":"Pharma regulatory compliance solution","og_description":"Keep informed & compliant with global serialization & traceability regulations.","og_url":"https:\/\/www.systechone.com\/pt\/solutions\/regulatory-compliance\/","og_site_name":"Systech","article_publisher":"https:\/\/www.facebook.com\/systechone\/","article_modified_time":"2025-07-08T14:05:48+00:00","og_image":[{"width":1200,"height":675,"url":"https:\/\/www.systechone.com\/wp-content\/uploads\/2023\/04\/regulatory-compliance-1.jpg","type":"image\/jpeg"}],"twitter_card":"summary_large_image","twitter_site":"@systechone","twitter_misc":{"Est. tempo de leitura":"1 minuto"},"schema":{"@context":"https:\/\/schema.org","@graph":[{"@type":"WebPage","@id":"https:\/\/www.systechone.com\/pt\/solutions\/regulatory-compliance\/","url":"https:\/\/www.systechone.com\/pt\/solutions\/regulatory-compliance\/","name":"Pharma regulatory compliance solution","isPartOf":{"@id":"https:\/\/www.systechone.com\/#website"},"primaryImageOfPage":{"@id":"https:\/\/www.systechone.com\/pt\/solutions\/regulatory-compliance\/#primaryimage"},"image":{"@id":"https:\/\/www.systechone.com\/pt\/solutions\/regulatory-compliance\/#primaryimage"},"thumbnailUrl":"https:\/\/www.systechone.com\/wp-content\/uploads\/2023\/04\/regulatory-compliance-1-768x432.jpg","datePublished":"2023-03-25T15:10:11+00:00","dateModified":"2025-07-08T14:05:48+00:00","description":"Keep informed & compliant with global serialization & traceability regulations.","breadcrumb":{"@id":"https:\/\/www.systechone.com\/pt\/solutions\/regulatory-compliance\/#breadcrumb"},"inLanguage":"pt-BR","potentialAction":[{"@type":"ReadAction","target":["https:\/\/www.systechone.com\/pt\/solutions\/regulatory-compliance\/"]}]},{"@type":"ImageObject","inLanguage":"pt-BR","@id":"https:\/\/www.systechone.com\/pt\/solutions\/regulatory-compliance\/#primaryimage","url":"https:\/\/www.systechone.com\/wp-content\/uploads\/2023\/04\/regulatory-compliance-1-768x432.jpg","contentUrl":"https:\/\/www.systechone.com\/wp-content\/uploads\/2023\/04\/regulatory-compliance-1-768x432.jpg"},{"@type":"BreadcrumbList","@id":"https:\/\/www.systechone.com\/pt\/solutions\/regulatory-compliance\/#breadcrumb","itemListElement":[{"@type":"ListItem","position":1,"name":"Home","item":"https:\/\/www.systechone.com\/"},{"@type":"ListItem","position":2,"name":"Solutions","item":"https:\/\/www.systechone.com\/pt\/solutions\/"},{"@type":"ListItem","position":3,"name":"Regulatory Compliance"}]},{"@type":"WebSite","@id":"https:\/\/www.systechone.com\/#website","url":"https:\/\/www.systechone.com\/","name":"Systech","description":"a solutions division of Markem-Imaje","publisher":{"@id":"https:\/\/www.systechone.com\/#organization"},"potentialAction":[{"@type":"SearchAction","target":{"@type":"EntryPoint","urlTemplate":"https:\/\/www.systechone.com\/?s={search_term_string}"},"query-input":{"@type":"PropertyValueSpecification","valueRequired":true,"valueName":"search_term_string"}}],"inLanguage":"pt-BR"},{"@type":"Organization","@id":"https:\/\/www.systechone.com\/#organization","name":"Systech International","url":"https:\/\/www.systechone.com\/","logo":{"@type":"ImageObject","inLanguage":"pt-BR","@id":"https:\/\/www.systechone.com\/#\/schema\/logo\/image\/","url":"https:\/\/www.systechone.com\/wp-content\/uploads\/2018\/04\/systech-logo.png","contentUrl":"https:\/\/www.systechone.com\/wp-content\/uploads\/2018\/04\/systech-logo.png","width":551,"height":124,"caption":"Systech International"},"image":{"@id":"https:\/\/www.systechone.com\/#\/schema\/logo\/image\/"},"sameAs":["https:\/\/www.facebook.com\/systechone\/","https:\/\/x.com\/systechone","https:\/\/www.linkedin.com\/company\/systech-international","https:\/\/www.youtube.com\/channel\/UC1fz6UKo5eMa1WxgVMGRhpA\/videos"]}]}},"_links":{"self":[{"href":"https:\/\/www.systechone.com\/pt\/wp-json\/wp\/v2\/pages\/15017","targetHints":{"allow":["GET"]}}],"collection":[{"href":"https:\/\/www.systechone.com\/pt\/wp-json\/wp\/v2\/pages"}],"about":[{"href":"https:\/\/www.systechone.com\/pt\/wp-json\/wp\/v2\/types\/page"}],"author":[{"embeddable":true,"href":"https:\/\/www.systechone.com\/pt\/wp-json\/wp\/v2\/users\/20"}],"replies":[{"embeddable":true,"href":"https:\/\/www.systechone.com\/pt\/wp-json\/wp\/v2\/comments?post=15017"}],"version-history":[{"count":0,"href":"https:\/\/www.systechone.com\/pt\/wp-json\/wp\/v2\/pages\/15017\/revisions"}],"up":[{"embeddable":true,"href":"https:\/\/www.systechone.com\/pt\/wp-json\/wp\/v2\/pages\/4965"}],"wp:attachment":[{"href":"https:\/\/www.systechone.com\/pt\/wp-json\/wp\/v2\/media?parent=15017"}],"curies":[{"name":"wp","href":"https:\/\/api.w.org\/{rel}","templated":true}]}}