{"id":37641,"date":"2025-11-18T14:44:18","date_gmt":"2025-11-18T19:44:18","guid":{"rendered":"https:\/\/staging.systech.ssdev.ca\/?page_id=37641"},"modified":"2025-11-19T14:19:15","modified_gmt":"2025-11-19T19:19:15","slug":"lp-track-and-trace-migration-guide","status":"publish","type":"page","link":"https:\/\/www.systechone.com\/fr\/lp-track-and-trace-migration-guide\/","title":{"rendered":"Guide de migration Track and Trace"},"content":{"rendered":"<div data-elementor-type=\"wp-page\" data-elementor-id=\"37641\" class=\"elementor elementor-37641\" data-elementor-post-type=\"page\">\n\t\t\t\t<div data-dce-background-overlay-color=\"#22B8B0\" data-dce-background-image-url=\"https:\/\/www.systechone.com\/wp-content\/uploads\/2025\/11\/tracktrace-switch-systech.png\" class=\"elementor-element elementor-element-c45c5ee e-flex e-con-boxed e-con e-parent\" data-id=\"c45c5ee\" data-element_type=\"container\" data-settings=\"{&quot;background_background&quot;:&quot;classic&quot;}\">\n\t\t\t\t\t<div class=\"e-con-inner\">\n\t\t<div class=\"elementor-element elementor-element-6c89efd e-con-full e-flex e-con e-child\" data-id=\"6c89efd\" data-element_type=\"container\">\n\t\t\t\t<div class=\"elementor-element elementor-element-1f28def elementor-widget elementor-widget-heading\" data-id=\"1f28def\" data-element_type=\"widget\" data-widget_type=\"heading.default\">\n\t\t\t\t<div class=\"elementor-widget-container\">\n\t\t\t\t\t<h6 class=\"elementor-heading-title elementor-size-default\">GUIDE DE MIGRATION\n<\/h6>\t\t\t\t<\/div>\n\t\t\t\t<\/div>\n\t\t\t\t<div class=\"elementor-element elementor-element-253b241 elementor-widget elementor-widget-heading\" data-id=\"253b241\" data-element_type=\"widget\" data-widget_type=\"heading.default\">\n\t\t\t\t<div class=\"elementor-widget-container\">\n\t\t\t\t\t<h1 class=\"elementor-heading-title elementor-size-default\">Migration des syst\u00e8mes de suivi et de tra\u00e7abilit\u00e9 : Six \u00e9l\u00e9ments \u00e0 prendre en compte\n<\/h1>\t\t\t\t<\/div>\n\t\t\t\t<\/div>\n\t\t\t\t<\/div>\n\t\t\t\t\t<\/div>\n\t\t\t\t<\/div>\n\t\t<div class=\"elementor-element elementor-element-b3c4743 e-flex e-con-boxed e-con e-parent\" data-id=\"b3c4743\" data-element_type=\"container\">\n\t\t\t\t\t<div class=\"e-con-inner\">\n\t\t<div class=\"elementor-element elementor-element-bbded74 e-con-full e-flex e-con e-child\" data-id=\"bbded74\" data-element_type=\"container\">\n\t\t\t\t<div class=\"elementor-element elementor-element-0af81b2 elementor-widget elementor-widget-text-editor\" data-id=\"0af81b2\" data-element_type=\"widget\" data-widget_type=\"text-editor.default\">\n\t\t\t\t<div class=\"elementor-widget-container\">\n\t\t\t\t\t\t\t\t\t<p>De nombreux fabricants de produits pharmaceutiques ont constat\u00e9 que le syst\u00e8me qu'ils avaient initialement mis en place pour assurer la conformit\u00e9 ne r\u00e9pondait plus \u00e0 leurs besoins. Ils sont confront\u00e9s \u00e0 des d\u00e9fis tr\u00e8s importants :<\/p>\n<ul>\n<li>Les erreurs constantes d'EPCIS, de num\u00e9ro de s\u00e9rie et d'agr\u00e9gation retardent les exp\u00e9ditions<\/li>\n<li>Revalidations sans fin, correctifs de bogues et corrections de codes personnalis\u00e9s<\/li>\n<li>Les co\u00fbts cach\u00e9s s'accumulent chaque trimestre<\/li>\n<li><span data-teams=\"true\">Absence de r\u00e9ponse<\/span>\u00a0un soutien au moment o\u00f9 ils en ont le plus besoin<\/li>\n<\/ul>\n<p>\u00a0<\/p>\n<p>Changer de syst\u00e8me de suivi et de tra\u00e7abilit\u00e9 est une d\u00e9cision importante. Ce guide complet\u00a0<span data-teams=\"true\">fournit<\/span>\u00a0les informations dont vous avez besoin pour effectuer un changement \u00e9clair\u00e9 et peu risqu\u00e9 qui permettra \u00e0 votre entreprise de conna\u00eetre un succ\u00e8s \u00e0 long terme.<\/p>\n<h4>Contenu du guide<\/h4>\n<ul>\n<li>Principales consid\u00e9rations pour vous aider \u00e0 passer \u00e0 une nouvelle solution avec un minimum de perturbations<\/li>\n<li>Donn\u00e9es de r\u00e9f\u00e9rence mettant en \u00e9vidence les principales raisons pour lesquelles les entreprises changent de solution de suivi et de tra\u00e7abilit\u00e9<\/li>\n<li>Questions de clarification que vous devez poser \u00e0 tout autre fournisseur de services de suivi et de tra\u00e7abilit\u00e9 que vous envisagez d'utiliser<\/li>\n<\/ul>\t\t\t\t\t\t\t\t<\/div>\n\t\t\t\t<\/div>\n\t\t\t\t<\/div>\n\t\t<div class=\"elementor-element elementor-element-508bdab e-con-full e-flex e-con e-child\" data-id=\"508bdab\" data-element_type=\"container\">\n\t\t<div data-dce-background-color=\"#F2F2F4\" class=\"elementor-element elementor-element-b652c84 e-con-full e-flex e-con e-child\" data-id=\"b652c84\" data-element_type=\"container\" id=\"content-form\" data-settings=\"{&quot;background_background&quot;:&quot;classic&quot;}\">\n\t\t\t\t<div class=\"elementor-element elementor-element-b23d18f elementor-widget elementor-widget-heading\" data-id=\"b23d18f\" data-element_type=\"widget\" data-widget_type=\"heading.default\">\n\t\t\t\t<div class=\"elementor-widget-container\">\n\t\t\t\t\t<h4 class=\"elementor-heading-title elementor-size-default\">T\u00e9l\u00e9chargez votre guide d\u00e8s aujourd'hui !<\/h4>\t\t\t\t<\/div>\n\t\t\t\t<\/div>\n\t\t\t\t<div class=\"elementor-element elementor-element-8cd3bd7 elementor-widget elementor-widget-html\" data-id=\"8cd3bd7\" data-element_type=\"widget\" data-widget_type=\"html.default\">\n\t\t\t\t<div class=\"elementor-widget-container\">\n\t\t\t\t\t<script src=\"\/\/info.systechone.com\/js\/forms2\/js\/forms2.min.js\"><\/script> <form id=\"mktoForm_1089\" action=\"\"><input type=\"hidden\" name=\"trp-form-language\" value=\"fr\"\/><\/form> <script>MktoForms2.loadForm(\"\/\/info.systechone.com\", \"304-PSB-492\", 1089);<\/script>\t\t\t\t<\/div>\n\t\t\t\t<\/div>\n\t\t\t\t<\/div>\n\t\t\t\t<\/div>\n\t\t\t\t\t<\/div>\n\t\t\t\t<\/div>\n\t\t<div class=\"elementor-element elementor-element-afbcf59 e-con-full e-flex e-con e-parent\" data-id=\"afbcf59\" data-element_type=\"container\">\n\t\t<div class=\"elementor-element elementor-element-1809019 e-flex e-con-boxed e-con e-child\" data-id=\"1809019\" data-element_type=\"container\">\n\t\t\t\t\t<div class=\"e-con-inner\">\n\t\t<div class=\"elementor-element elementor-element-ca7496a e-con-full e-flex e-con e-child\" data-id=\"ca7496a\" data-element_type=\"container\">\n\t\t\t\t<div class=\"elementor-element elementor-element-33e4da0 elementor-widget elementor-widget-heading\" data-id=\"33e4da0\" data-element_type=\"widget\" data-widget_type=\"heading.default\">\n\t\t\t\t<div class=\"elementor-widget-container\">\n\t\t\t\t\t<h2 class=\"elementor-heading-title elementor-size-default\">Vous voulez en savoir plus ?\n<\/h2>\t\t\t\t<\/div>\n\t\t\t\t<\/div>\n\t\t\t\t<div class=\"elementor-element elementor-element-b6081b8 elementor-widget elementor-widget-text-editor\" data-id=\"b6081b8\" data-element_type=\"widget\" data-widget_type=\"text-editor.default\">\n\t\t\t\t<div class=\"elementor-widget-container\">\n\t\t\t\t\t\t\t\t\t<p>Parlez \u00e0 un expert de la migration et des formules tarifaires.<\/p>\t\t\t\t\t\t\t\t<\/div>\n\t\t\t\t<\/div>\n\t\t\t\t<\/div>\n\t\t<div class=\"elementor-element elementor-element-8286457 e-con-full e-flex e-con e-child\" data-id=\"8286457\" data-element_type=\"container\">\n\t\t\t\t<div class=\"elementor-element elementor-element-b24104a elementor-widget elementor-widget-button\" data-id=\"b24104a\" data-element_type=\"widget\" data-widget_type=\"button.default\">\n\t\t\t\t<div class=\"elementor-widget-container\">\n\t\t\t\t\t\t\t\t\t<div class=\"elementor-button-wrapper\">\n\t\t\t\t\t<a class=\"elementor-button elementor-button-link elementor-size-sm\" href=\"https:\/\/www.systechone.com\/fr\/contact\/\">\n\t\t\t\t\t\t<span class=\"elementor-button-content-wrapper\">\n\t\t\t\t\t\t\t\t\t<span class=\"elementor-button-text\">CONTACT Un expert<\/span>\n\t\t\t\t\t<\/span>\n\t\t\t\t\t<\/a>\n\t\t\t\t<\/div>\n\t\t\t\t\t\t\t\t<\/div>\n\t\t\t\t<\/div>\n\t\t\t\t<\/div>\n\t\t\t\t\t<\/div>\n\t\t\t\t<\/div>\n\t\t\t\t<div class=\"elementor-element elementor-element-7bcd1ec elementor-absolute dce_masking-none elementor-widget elementor-widget-image\" data-id=\"7bcd1ec\" data-element_type=\"widget\" data-settings=\"{&quot;_position&quot;:&quot;absolute&quot;}\" data-widget_type=\"image.default\">\n\t\t\t\t<div class=\"elementor-widget-container\">\n\t\t\t\t\t\t\t\t\t\t\t\t\t\t\t<img loading=\"lazy\" decoding=\"async\" width=\"362\" height=\"139\" src=\"https:\/\/www.systechone.com\/wp-content\/uploads\/2025\/11\/top-left-line-graphic.svg\" class=\"attachment-large size-large wp-image-36497\" alt=\"\" \/>\t\t\t\t\t\t\t\t\t\t\t\t\t\t\t<\/div>\n\t\t\t\t<\/div>\n\t\t\t\t<div class=\"elementor-element elementor-element-9035051 elementor-absolute dce_masking-none elementor-widget elementor-widget-image\" data-id=\"9035051\" data-element_type=\"widget\" data-settings=\"{&quot;_position&quot;:&quot;absolute&quot;}\" data-widget_type=\"image.default\">\n\t\t\t\t<div class=\"elementor-widget-container\">\n\t\t\t\t\t\t\t\t\t\t\t\t\t\t\t<img loading=\"lazy\" decoding=\"async\" width=\"405\" height=\"113\" src=\"https:\/\/www.systechone.com\/wp-content\/uploads\/2025\/11\/bottom-right-line-graphic.svg\" class=\"attachment-large size-large wp-image-36496\" alt=\"\" \/>\t\t\t\t\t\t\t\t\t\t\t\t\t\t\t<\/div>\n\t\t\t\t<\/div>\n\t\t\t\t<\/div>\n\t\t\t\t<\/div>","protected":false},"excerpt":{"rendered":"<p>GUIDE DE MIGRATION Migration Track and Trace : Six facteurs d\u00e9cisifs De nombreux fabricants de produits pharmaceutiques ont constat\u00e9 que le syst\u00e8me qu'ils avaient initialement mis en place pour assurer leur conformit\u00e9 ne r\u00e9pondait plus \u00e0 leurs besoins. Ils sont confront\u00e9s \u00e0 des d\u00e9fis tr\u00e8s importants : Des erreurs constantes d'EPCIS, de num\u00e9ro de s\u00e9rie et d'agr\u00e9gation qui retardent les exp\u00e9ditions Des revalidations sans fin, des correctifs bogu\u00e9s et des corrections de code personnalis\u00e9 Des co\u00fbts cach\u00e9s qui s'accumulent \u00e0 chaque [...]<\/p>","protected":false},"author":41,"featured_media":0,"parent":0,"menu_order":0,"comment_status":"closed","ping_status":"closed","template":"","meta":{"_acf_changed":false,"footnotes":""},"class_list":["post-37641","page","type-page","status-publish","hentry"],"acf":[],"yoast_head":"<!-- This site is optimized with the Yoast SEO plugin v25.1 - https:\/\/yoast.com\/wordpress\/plugins\/seo\/ -->\n<title>Track and Trace Migration Guide - Systech<\/title>\n<meta name=\"description\" content=\"MIGRATION GUIDE Track and Trace Migration: Six make-or-break considerations Many pharmaceutical manufacturers have learned that the system they initially\" \/>\n<meta name=\"robots\" content=\"index, follow, max-snippet:-1, max-image-preview:large, max-video-preview:-1\" \/>\n<link rel=\"canonical\" href=\"https:\/\/www.systechone.com\/fr\/lp-track-and-trace-migration-guide\/\" \/>\n<meta property=\"og:locale\" content=\"fr_FR\" \/>\n<meta property=\"og:type\" content=\"article\" \/>\n<meta property=\"og:title\" content=\"Track and Trace Migration Guide - Systech\" \/>\n<meta property=\"og:description\" content=\"MIGRATION GUIDE Track and Trace Migration: Six make-or-break considerations Many pharmaceutical manufacturers have learned that the system they initially\" \/>\n<meta property=\"og:url\" content=\"https:\/\/www.systechone.com\/fr\/lp-track-and-trace-migration-guide\/\" \/>\n<meta property=\"og:site_name\" content=\"Systech\" \/>\n<meta property=\"article:publisher\" content=\"https:\/\/www.facebook.com\/systechone\/\" \/>\n<meta property=\"article:modified_time\" content=\"2025-11-19T19:19:15+00:00\" \/>\n<meta property=\"og:image\" content=\"https:\/\/www.systechone.com\/wp-content\/uploads\/2025\/11\/top-left-line-graphic.svg\" \/>\n<meta name=\"twitter:card\" content=\"summary_large_image\" \/>\n<meta name=\"twitter:site\" content=\"@systechone\" \/>\n<meta name=\"twitter:label1\" content=\"Dur\u00e9e de lecture estim\u00e9e\" \/>\n\t<meta name=\"twitter:data1\" content=\"3 minutes\" \/>\n<script type=\"application\/ld+json\" class=\"yoast-schema-graph\">{\"@context\":\"https:\/\/schema.org\",\"@graph\":[{\"@type\":\"WebPage\",\"@id\":\"https:\/\/www.systechone.com\/lp-track-and-trace-migration-guide\/\",\"url\":\"https:\/\/www.systechone.com\/lp-track-and-trace-migration-guide\/\",\"name\":\"Track and Trace Migration Guide - Systech\",\"isPartOf\":{\"@id\":\"https:\/\/www.systechone.com\/#website\"},\"primaryImageOfPage\":{\"@id\":\"https:\/\/www.systechone.com\/lp-track-and-trace-migration-guide\/#primaryimage\"},\"image\":{\"@id\":\"https:\/\/www.systechone.com\/lp-track-and-trace-migration-guide\/#primaryimage\"},\"thumbnailUrl\":\"https:\/\/www.systechone.com\/wp-content\/uploads\/2025\/11\/top-left-line-graphic.svg\",\"datePublished\":\"2025-11-18T19:44:18+00:00\",\"dateModified\":\"2025-11-19T19:19:15+00:00\",\"description\":\"MIGRATION GUIDE Track and Trace Migration: Six make-or-break considerations Many pharmaceutical manufacturers have learned that the system they initially\",\"breadcrumb\":{\"@id\":\"https:\/\/www.systechone.com\/lp-track-and-trace-migration-guide\/#breadcrumb\"},\"inLanguage\":\"fr-FR\",\"potentialAction\":[{\"@type\":\"ReadAction\",\"target\":[\"https:\/\/www.systechone.com\/lp-track-and-trace-migration-guide\/\"]}]},{\"@type\":\"ImageObject\",\"inLanguage\":\"fr-FR\",\"@id\":\"https:\/\/www.systechone.com\/lp-track-and-trace-migration-guide\/#primaryimage\",\"url\":\"https:\/\/www.systechone.com\/wp-content\/uploads\/2025\/11\/top-left-line-graphic.svg\",\"contentUrl\":\"https:\/\/www.systechone.com\/wp-content\/uploads\/2025\/11\/top-left-line-graphic.svg\"},{\"@type\":\"BreadcrumbList\",\"@id\":\"https:\/\/www.systechone.com\/lp-track-and-trace-migration-guide\/#breadcrumb\",\"itemListElement\":[{\"@type\":\"ListItem\",\"position\":1,\"name\":\"Home\",\"item\":\"https:\/\/www.systechone.com\/\"},{\"@type\":\"ListItem\",\"position\":2,\"name\":\"Track and Trace Migration Guide\"}]},{\"@type\":\"WebSite\",\"@id\":\"https:\/\/www.systechone.com\/#website\",\"url\":\"https:\/\/www.systechone.com\/\",\"name\":\"Systech\",\"description\":\"a solutions division of Markem-Imaje\",\"publisher\":{\"@id\":\"https:\/\/www.systechone.com\/#organization\"},\"potentialAction\":[{\"@type\":\"SearchAction\",\"target\":{\"@type\":\"EntryPoint\",\"urlTemplate\":\"https:\/\/www.systechone.com\/?s={search_term_string}\"},\"query-input\":{\"@type\":\"PropertyValueSpecification\",\"valueRequired\":true,\"valueName\":\"search_term_string\"}}],\"inLanguage\":\"fr-FR\"},{\"@type\":\"Organization\",\"@id\":\"https:\/\/www.systechone.com\/#organization\",\"name\":\"Systech International\",\"url\":\"https:\/\/www.systechone.com\/\",\"logo\":{\"@type\":\"ImageObject\",\"inLanguage\":\"fr-FR\",\"@id\":\"https:\/\/www.systechone.com\/#\/schema\/logo\/image\/\",\"url\":\"https:\/\/www.systechone.com\/wp-content\/uploads\/2018\/04\/systech-logo.png\",\"contentUrl\":\"https:\/\/www.systechone.com\/wp-content\/uploads\/2018\/04\/systech-logo.png\",\"width\":551,\"height\":124,\"caption\":\"Systech International\"},\"image\":{\"@id\":\"https:\/\/www.systechone.com\/#\/schema\/logo\/image\/\"},\"sameAs\":[\"https:\/\/www.facebook.com\/systechone\/\",\"https:\/\/x.com\/systechone\",\"https:\/\/www.linkedin.com\/company\/systech-international\",\"https:\/\/www.youtube.com\/channel\/UC1fz6UKo5eMa1WxgVMGRhpA\/videos\"]}]}<\/script>\n<!-- \/ Yoast SEO plugin. -->","yoast_head_json":{"title":"Track and Trace Migration Guide - Systech","description":"MIGRATION GUIDE Track and Trace Migration: Six make-or-break considerations Many pharmaceutical manufacturers have learned that the system they initially","robots":{"index":"index","follow":"follow","max-snippet":"max-snippet:-1","max-image-preview":"max-image-preview:large","max-video-preview":"max-video-preview:-1"},"canonical":"https:\/\/www.systechone.com\/fr\/lp-track-and-trace-migration-guide\/","og_locale":"fr_FR","og_type":"article","og_title":"Track and Trace Migration Guide - Systech","og_description":"MIGRATION GUIDE Track and Trace Migration: Six make-or-break considerations Many pharmaceutical manufacturers have learned that the system they initially","og_url":"https:\/\/www.systechone.com\/fr\/lp-track-and-trace-migration-guide\/","og_site_name":"Systech","article_publisher":"https:\/\/www.facebook.com\/systechone\/","article_modified_time":"2025-11-19T19:19:15+00:00","og_image":[{"url":"https:\/\/www.systechone.com\/wp-content\/uploads\/2025\/11\/top-left-line-graphic.svg","type":"","width":"","height":""}],"twitter_card":"summary_large_image","twitter_site":"@systechone","twitter_misc":{"Dur\u00e9e de lecture estim\u00e9e":"3 minutes"},"schema":{"@context":"https:\/\/schema.org","@graph":[{"@type":"WebPage","@id":"https:\/\/www.systechone.com\/lp-track-and-trace-migration-guide\/","url":"https:\/\/www.systechone.com\/lp-track-and-trace-migration-guide\/","name":"Track and Trace Migration Guide - Systech","isPartOf":{"@id":"https:\/\/www.systechone.com\/#website"},"primaryImageOfPage":{"@id":"https:\/\/www.systechone.com\/lp-track-and-trace-migration-guide\/#primaryimage"},"image":{"@id":"https:\/\/www.systechone.com\/lp-track-and-trace-migration-guide\/#primaryimage"},"thumbnailUrl":"https:\/\/www.systechone.com\/wp-content\/uploads\/2025\/11\/top-left-line-graphic.svg","datePublished":"2025-11-18T19:44:18+00:00","dateModified":"2025-11-19T19:19:15+00:00","description":"MIGRATION GUIDE Track and Trace Migration: Six make-or-break considerations Many pharmaceutical manufacturers have learned that the system they initially","breadcrumb":{"@id":"https:\/\/www.systechone.com\/lp-track-and-trace-migration-guide\/#breadcrumb"},"inLanguage":"fr-FR","potentialAction":[{"@type":"ReadAction","target":["https:\/\/www.systechone.com\/lp-track-and-trace-migration-guide\/"]}]},{"@type":"ImageObject","inLanguage":"fr-FR","@id":"https:\/\/www.systechone.com\/lp-track-and-trace-migration-guide\/#primaryimage","url":"https:\/\/www.systechone.com\/wp-content\/uploads\/2025\/11\/top-left-line-graphic.svg","contentUrl":"https:\/\/www.systechone.com\/wp-content\/uploads\/2025\/11\/top-left-line-graphic.svg"},{"@type":"BreadcrumbList","@id":"https:\/\/www.systechone.com\/lp-track-and-trace-migration-guide\/#breadcrumb","itemListElement":[{"@type":"ListItem","position":1,"name":"Home","item":"https:\/\/www.systechone.com\/"},{"@type":"ListItem","position":2,"name":"Track and Trace Migration Guide"}]},{"@type":"WebSite","@id":"https:\/\/www.systechone.com\/#website","url":"https:\/\/www.systechone.com\/","name":"Systech","description":"a solutions division of Markem-Imaje","publisher":{"@id":"https:\/\/www.systechone.com\/#organization"},"potentialAction":[{"@type":"SearchAction","target":{"@type":"EntryPoint","urlTemplate":"https:\/\/www.systechone.com\/?s={search_term_string}"},"query-input":{"@type":"PropertyValueSpecification","valueRequired":true,"valueName":"search_term_string"}}],"inLanguage":"fr-FR"},{"@type":"Organization","@id":"https:\/\/www.systechone.com\/#organization","name":"Systech International","url":"https:\/\/www.systechone.com\/","logo":{"@type":"ImageObject","inLanguage":"fr-FR","@id":"https:\/\/www.systechone.com\/#\/schema\/logo\/image\/","url":"https:\/\/www.systechone.com\/wp-content\/uploads\/2018\/04\/systech-logo.png","contentUrl":"https:\/\/www.systechone.com\/wp-content\/uploads\/2018\/04\/systech-logo.png","width":551,"height":124,"caption":"Systech International"},"image":{"@id":"https:\/\/www.systechone.com\/#\/schema\/logo\/image\/"},"sameAs":["https:\/\/www.facebook.com\/systechone\/","https:\/\/x.com\/systechone","https:\/\/www.linkedin.com\/company\/systech-international","https:\/\/www.youtube.com\/channel\/UC1fz6UKo5eMa1WxgVMGRhpA\/videos"]}]}},"_links":{"self":[{"href":"https:\/\/www.systechone.com\/fr\/wp-json\/wp\/v2\/pages\/37641","targetHints":{"allow":["GET"]}}],"collection":[{"href":"https:\/\/www.systechone.com\/fr\/wp-json\/wp\/v2\/pages"}],"about":[{"href":"https:\/\/www.systechone.com\/fr\/wp-json\/wp\/v2\/types\/page"}],"author":[{"embeddable":true,"href":"https:\/\/www.systechone.com\/fr\/wp-json\/wp\/v2\/users\/41"}],"replies":[{"embeddable":true,"href":"https:\/\/www.systechone.com\/fr\/wp-json\/wp\/v2\/comments?post=37641"}],"version-history":[{"count":0,"href":"https:\/\/www.systechone.com\/fr\/wp-json\/wp\/v2\/pages\/37641\/revisions"}],"wp:attachment":[{"href":"https:\/\/www.systechone.com\/fr\/wp-json\/wp\/v2\/media?parent=37641"}],"curies":[{"name":"wp","href":"https:\/\/api.w.org\/{rel}","templated":true}]}}