{"id":37553,"date":"2025-11-18T11:10:13","date_gmt":"2025-11-18T16:10:13","guid":{"rendered":"https:\/\/staging.systech.ssdev.ca\/?page_id=37553"},"modified":"2025-11-18T11:11:07","modified_gmt":"2025-11-18T16:11:07","slug":"lp-configurable-serialization-software-better-than-custom","status":"publish","type":"page","link":"https:\/\/www.systechone.com\/fr\/lp-configurable-serialization-software-better-than-custom\/","title":{"rendered":"Quelle est la meilleure solution ? Logiciel de s\u00e9rialisation configurable ou personnalis\u00e9"},"content":{"rendered":"<div data-elementor-type=\"wp-page\" data-elementor-id=\"37553\" class=\"elementor elementor-37553\" data-elementor-post-type=\"page\">\n\t\t\t\t<div data-dce-background-color=\"#F2F2F4\" class=\"elementor-element elementor-element-c738bf8 e-con-full bg-img-aft bg-img-aft2 e-flex e-con e-parent\" data-id=\"c738bf8\" data-element_type=\"container\" data-settings=\"{&quot;background_background&quot;:&quot;classic&quot;}\">\n\t\t<div class=\"elementor-element elementor-element-2c2cb07 e-flex e-con-boxed e-con e-child\" data-id=\"2c2cb07\" data-element_type=\"container\">\n\t\t\t\t\t<div class=\"e-con-inner\">\n\t\t<div class=\"elementor-element elementor-element-bd1744a e-con-full e-flex e-con e-child\" data-id=\"bd1744a\" data-element_type=\"container\">\n\t\t\t\t<div class=\"elementor-element elementor-element-b3c6004 elementor-widget elementor-widget-heading\" data-id=\"b3c6004\" data-element_type=\"widget\" data-widget_type=\"heading.default\">\n\t\t\t\t<div class=\"elementor-widget-container\">\n\t\t\t\t\t<h2 class=\"elementor-heading-title elementor-size-default\">La s\u00e9rialisation pharmaceutique : La fin du commencement - Au-del\u00e0 de la conformit\u00e9<\/h2>\t\t\t\t<\/div>\n\t\t\t\t<\/div>\n\t\t\t\t<div class=\"elementor-element elementor-element-bc1dfc3 elementor-widget elementor-widget-button\" data-id=\"bc1dfc3\" data-element_type=\"widget\" data-widget_type=\"button.default\">\n\t\t\t\t<div class=\"elementor-widget-container\">\n\t\t\t\t\t\t\t\t\t<div class=\"elementor-button-wrapper\">\n\t\t\t\t\t<a class=\"elementor-button elementor-button-link elementor-size-sm\" href=\"#form-div\">\n\t\t\t\t\t\t<span class=\"elementor-button-content-wrapper\">\n\t\t\t\t\t\t\t\t\t<span class=\"elementor-button-text\">T\u00e9l\u00e9charger maintenant<\/span>\n\t\t\t\t\t<\/span>\n\t\t\t\t\t<\/a>\n\t\t\t\t<\/div>\n\t\t\t\t\t\t\t\t<\/div>\n\t\t\t\t<\/div>\n\t\t\t\t<\/div>\n\t\t<div class=\"elementor-element elementor-element-741f39b e-con-full e-flex e-con e-child\" data-id=\"741f39b\" data-element_type=\"container\">\n\t\t\t\t<\/div>\n\t\t\t\t\t<\/div>\n\t\t\t\t<\/div>\n\t\t\t\t<\/div>\n\t\t<div class=\"elementor-element elementor-element-b3c4743 e-flex e-con-boxed e-con e-parent\" data-id=\"b3c4743\" data-element_type=\"container\">\n\t\t\t\t\t<div class=\"e-con-inner\">\n\t\t<div class=\"elementor-element elementor-element-bbded74 e-con-full e-flex e-con e-child\" data-id=\"bbded74\" data-element_type=\"container\">\n\t\t\t\t<div class=\"elementor-element elementor-element-0af81b2 elementor-widget elementor-widget-text-editor\" data-id=\"0af81b2\" data-element_type=\"widget\" data-widget_type=\"text-editor.default\">\n\t\t\t\t<div class=\"elementor-widget-container\">\n\t\t\t\t\t\t\t\t\t<p>Il y a plus de dix ans, l'industrie pharmaceutique s'est engag\u00e9e dans une d\u00e9marche visant \u00e0 prot\u00e9ger la cha\u00eene d'approvisionnement mondiale contre la contrefa\u00e7on et le d\u00e9tournement de produits. Cet effort est toujours en cours, mais l'objectif final n'est pas atteint.<\/p><p><strong>T\u00e9l\u00e9chargez ce livre blanc de 6 pages pour en savoir plus :<\/strong><\/p><ul><li>Pourquoi la conformit\u00e9 \u00e0 la s\u00e9rialisation ne suffit pas \u00e0 emp\u00eacher la contrefa\u00e7on et le d\u00e9tournement \u00e0 l'\u00e9chelle mondiale<\/li><li>Ce qu'il faut pour \u00e9tablir une identit\u00e9 unique au niveau de l'article individuel<\/li><li>Comment tirer parti de votre investissement dans la s\u00e9rialisation pour maximiser la valeur commerciale et la s\u00e9curit\u00e9 de la cha\u00eene d'approvisionnement ?<\/li><\/ul>\t\t\t\t\t\t\t\t<\/div>\n\t\t\t\t<\/div>\n\t\t\t\t<\/div>\n\t\t<div class=\"elementor-element elementor-element-508bdab e-con-full e-flex e-con e-child\" data-id=\"508bdab\" data-element_type=\"container\">\n\t\t<div data-dce-background-color=\"#F2F2F4\" class=\"elementor-element elementor-element-9f40c02 e-con-full e-flex e-con e-child\" data-id=\"9f40c02\" data-element_type=\"container\" id=\"form-div\" data-settings=\"{&quot;background_background&quot;:&quot;classic&quot;}\">\n\t\t\t\t<div class=\"elementor-element elementor-element-0d03b68 elementor-widget elementor-widget-heading\" data-id=\"0d03b68\" data-element_type=\"widget\" data-widget_type=\"heading.default\">\n\t\t\t\t<div class=\"elementor-widget-container\">\n\t\t\t\t\t<h4 class=\"elementor-heading-title elementor-size-default\">R\u00e9pondez \u00e0 une seule question pour y acc\u00e9der :\n<\/h4>\t\t\t\t<\/div>\n\t\t\t\t<\/div>\n\t\t\t\t<div class=\"elementor-element elementor-element-45b3eba elementor-widget elementor-widget-html\" data-id=\"45b3eba\" data-element_type=\"widget\" data-widget_type=\"html.default\">\n\t\t\t\t<div class=\"elementor-widget-container\">\n\t\t\t\t\t<script src=\"\/\/info.systechone.com\/js\/forms2\/js\/forms2.min.js\"><\/script> <form id=\"mktoForm_1086\" action=\"\"><input type=\"hidden\" name=\"trp-form-language\" value=\"fr\"\/><\/form> <script>MktoForms2.loadForm(\"\/\/info.systechone.com\", \"304-PSB-492\", 1086);<\/script>\t\t\t\t<\/div>\n\t\t\t\t<\/div>\n\t\t\t\t<\/div>\n\t\t\t\t<\/div>\n\t\t\t\t\t<\/div>\n\t\t\t\t<\/div>\n\t\t\t\t<\/div>","protected":false},"excerpt":{"rendered":"<p>La s\u00e9rialisation pharmaceutique : La fin du commencement - Au-del\u00e0 de la conformit\u00e9 T\u00e9l\u00e9charger maintenant Il y a plus de dix ans, l'industrie pharmaceutique s'est engag\u00e9e dans une d\u00e9marche visant \u00e0 prot\u00e9ger la cha\u00eene d'approvisionnement mondiale contre la contrefa\u00e7on et le d\u00e9tournement de produits. Cet effort est toujours en cours, mais l'objectif final n'est pas atteint. T\u00e9l\u00e9chargez ce livre blanc de 6 pages pour en savoir plus : Pourquoi la s\u00e9rialisation [...]<\/p>","protected":false},"author":41,"featured_media":0,"parent":0,"menu_order":0,"comment_status":"closed","ping_status":"closed","template":"","meta":{"_acf_changed":false,"footnotes":""},"class_list":["post-37553","page","type-page","status-publish","hentry"],"acf":[],"yoast_head":"<!-- This site is optimized with the Yoast SEO plugin v25.1 - https:\/\/yoast.com\/wordpress\/plugins\/seo\/ -->\n<title>Which is Best? Configurable vs. Custom Serialization Software - Systech<\/title>\n<meta name=\"description\" content=\"Pharmaceutical Serialization: The End of the Beginning\u2014Moving Beyond Compliance Download Now Over ten years ago, the pharmaceutical industry embarked on a\" \/>\n<meta name=\"robots\" content=\"index, follow, max-snippet:-1, max-image-preview:large, max-video-preview:-1\" \/>\n<link rel=\"canonical\" href=\"https:\/\/www.systechone.com\/fr\/lp-configurable-serialization-software-better-than-custom\/\" \/>\n<meta property=\"og:locale\" content=\"fr_FR\" \/>\n<meta property=\"og:type\" content=\"article\" \/>\n<meta property=\"og:title\" content=\"Which is Best? Configurable vs. Custom Serialization Software - Systech\" \/>\n<meta property=\"og:description\" content=\"Pharmaceutical Serialization: The End of the Beginning\u2014Moving Beyond Compliance Download Now Over ten years ago, the pharmaceutical industry embarked on a\" \/>\n<meta property=\"og:url\" content=\"https:\/\/www.systechone.com\/fr\/lp-configurable-serialization-software-better-than-custom\/\" \/>\n<meta property=\"og:site_name\" content=\"Systech\" \/>\n<meta property=\"article:publisher\" content=\"https:\/\/www.facebook.com\/systechone\/\" \/>\n<meta property=\"article:modified_time\" content=\"2025-11-18T16:11:07+00:00\" \/>\n<meta name=\"twitter:card\" content=\"summary_large_image\" \/>\n<meta name=\"twitter:site\" content=\"@systechone\" \/>\n<meta name=\"twitter:label1\" content=\"Dur\u00e9e de lecture estim\u00e9e\" \/>\n\t<meta name=\"twitter:data1\" content=\"1 minute\" \/>\n<script type=\"application\/ld+json\" class=\"yoast-schema-graph\">{\"@context\":\"https:\/\/schema.org\",\"@graph\":[{\"@type\":\"WebPage\",\"@id\":\"https:\/\/www.systechone.com\/de\/lp-configurable-serialization-software-better-than-custom\/\",\"url\":\"https:\/\/www.systechone.com\/de\/lp-configurable-serialization-software-better-than-custom\/\",\"name\":\"Which is Best? Configurable vs. Custom Serialization Software - Systech\",\"isPartOf\":{\"@id\":\"https:\/\/www.systechone.com\/#website\"},\"datePublished\":\"2025-11-18T16:10:13+00:00\",\"dateModified\":\"2025-11-18T16:11:07+00:00\",\"description\":\"Pharmaceutical Serialization: The End of the Beginning\u2014Moving Beyond Compliance Download Now Over ten years ago, the pharmaceutical industry embarked on a\",\"breadcrumb\":{\"@id\":\"https:\/\/www.systechone.com\/de\/lp-configurable-serialization-software-better-than-custom\/#breadcrumb\"},\"inLanguage\":\"fr-FR\",\"potentialAction\":[{\"@type\":\"ReadAction\",\"target\":[\"https:\/\/www.systechone.com\/de\/lp-configurable-serialization-software-better-than-custom\/\"]}]},{\"@type\":\"BreadcrumbList\",\"@id\":\"https:\/\/www.systechone.com\/de\/lp-configurable-serialization-software-better-than-custom\/#breadcrumb\",\"itemListElement\":[{\"@type\":\"ListItem\",\"position\":1,\"name\":\"Home\",\"item\":\"https:\/\/www.systechone.com\/\"},{\"@type\":\"ListItem\",\"position\":2,\"name\":\"Which is Best? Configurable vs. Custom Serialization Software\"}]},{\"@type\":\"WebSite\",\"@id\":\"https:\/\/www.systechone.com\/#website\",\"url\":\"https:\/\/www.systechone.com\/\",\"name\":\"Systech\",\"description\":\"a solutions division of Markem-Imaje\",\"publisher\":{\"@id\":\"https:\/\/www.systechone.com\/#organization\"},\"potentialAction\":[{\"@type\":\"SearchAction\",\"target\":{\"@type\":\"EntryPoint\",\"urlTemplate\":\"https:\/\/www.systechone.com\/?s={search_term_string}\"},\"query-input\":{\"@type\":\"PropertyValueSpecification\",\"valueRequired\":true,\"valueName\":\"search_term_string\"}}],\"inLanguage\":\"fr-FR\"},{\"@type\":\"Organization\",\"@id\":\"https:\/\/www.systechone.com\/#organization\",\"name\":\"Systech International\",\"url\":\"https:\/\/www.systechone.com\/\",\"logo\":{\"@type\":\"ImageObject\",\"inLanguage\":\"fr-FR\",\"@id\":\"https:\/\/www.systechone.com\/#\/schema\/logo\/image\/\",\"url\":\"https:\/\/www.systechone.com\/wp-content\/uploads\/2018\/04\/systech-logo.png\",\"contentUrl\":\"https:\/\/www.systechone.com\/wp-content\/uploads\/2018\/04\/systech-logo.png\",\"width\":551,\"height\":124,\"caption\":\"Systech International\"},\"image\":{\"@id\":\"https:\/\/www.systechone.com\/#\/schema\/logo\/image\/\"},\"sameAs\":[\"https:\/\/www.facebook.com\/systechone\/\",\"https:\/\/x.com\/systechone\",\"https:\/\/www.linkedin.com\/company\/systech-international\",\"https:\/\/www.youtube.com\/channel\/UC1fz6UKo5eMa1WxgVMGRhpA\/videos\"]}]}<\/script>\n<!-- \/ Yoast SEO plugin. -->","yoast_head_json":{"title":"Which is Best? Configurable vs. Custom Serialization Software - Systech","description":"Pharmaceutical Serialization: The End of the Beginning\u2014Moving Beyond Compliance Download Now Over ten years ago, the pharmaceutical industry embarked on a","robots":{"index":"index","follow":"follow","max-snippet":"max-snippet:-1","max-image-preview":"max-image-preview:large","max-video-preview":"max-video-preview:-1"},"canonical":"https:\/\/www.systechone.com\/fr\/lp-configurable-serialization-software-better-than-custom\/","og_locale":"fr_FR","og_type":"article","og_title":"Which is Best? Configurable vs. Custom Serialization Software - Systech","og_description":"Pharmaceutical Serialization: The End of the Beginning\u2014Moving Beyond Compliance Download Now Over ten years ago, the pharmaceutical industry embarked on a","og_url":"https:\/\/www.systechone.com\/fr\/lp-configurable-serialization-software-better-than-custom\/","og_site_name":"Systech","article_publisher":"https:\/\/www.facebook.com\/systechone\/","article_modified_time":"2025-11-18T16:11:07+00:00","twitter_card":"summary_large_image","twitter_site":"@systechone","twitter_misc":{"Dur\u00e9e de lecture estim\u00e9e":"1 minute"},"schema":{"@context":"https:\/\/schema.org","@graph":[{"@type":"WebPage","@id":"https:\/\/www.systechone.com\/de\/lp-configurable-serialization-software-better-than-custom\/","url":"https:\/\/www.systechone.com\/de\/lp-configurable-serialization-software-better-than-custom\/","name":"Which is Best? Configurable vs. Custom Serialization Software - Systech","isPartOf":{"@id":"https:\/\/www.systechone.com\/#website"},"datePublished":"2025-11-18T16:10:13+00:00","dateModified":"2025-11-18T16:11:07+00:00","description":"Pharmaceutical Serialization: The End of the Beginning\u2014Moving Beyond Compliance Download Now Over ten years ago, the pharmaceutical industry embarked on a","breadcrumb":{"@id":"https:\/\/www.systechone.com\/de\/lp-configurable-serialization-software-better-than-custom\/#breadcrumb"},"inLanguage":"fr-FR","potentialAction":[{"@type":"ReadAction","target":["https:\/\/www.systechone.com\/de\/lp-configurable-serialization-software-better-than-custom\/"]}]},{"@type":"BreadcrumbList","@id":"https:\/\/www.systechone.com\/de\/lp-configurable-serialization-software-better-than-custom\/#breadcrumb","itemListElement":[{"@type":"ListItem","position":1,"name":"Home","item":"https:\/\/www.systechone.com\/"},{"@type":"ListItem","position":2,"name":"Which is Best? Configurable vs. Custom Serialization Software"}]},{"@type":"WebSite","@id":"https:\/\/www.systechone.com\/#website","url":"https:\/\/www.systechone.com\/","name":"Systech","description":"a solutions division of Markem-Imaje","publisher":{"@id":"https:\/\/www.systechone.com\/#organization"},"potentialAction":[{"@type":"SearchAction","target":{"@type":"EntryPoint","urlTemplate":"https:\/\/www.systechone.com\/?s={search_term_string}"},"query-input":{"@type":"PropertyValueSpecification","valueRequired":true,"valueName":"search_term_string"}}],"inLanguage":"fr-FR"},{"@type":"Organization","@id":"https:\/\/www.systechone.com\/#organization","name":"Systech International","url":"https:\/\/www.systechone.com\/","logo":{"@type":"ImageObject","inLanguage":"fr-FR","@id":"https:\/\/www.systechone.com\/#\/schema\/logo\/image\/","url":"https:\/\/www.systechone.com\/wp-content\/uploads\/2018\/04\/systech-logo.png","contentUrl":"https:\/\/www.systechone.com\/wp-content\/uploads\/2018\/04\/systech-logo.png","width":551,"height":124,"caption":"Systech International"},"image":{"@id":"https:\/\/www.systechone.com\/#\/schema\/logo\/image\/"},"sameAs":["https:\/\/www.facebook.com\/systechone\/","https:\/\/x.com\/systechone","https:\/\/www.linkedin.com\/company\/systech-international","https:\/\/www.youtube.com\/channel\/UC1fz6UKo5eMa1WxgVMGRhpA\/videos"]}]}},"_links":{"self":[{"href":"https:\/\/www.systechone.com\/fr\/wp-json\/wp\/v2\/pages\/37553","targetHints":{"allow":["GET"]}}],"collection":[{"href":"https:\/\/www.systechone.com\/fr\/wp-json\/wp\/v2\/pages"}],"about":[{"href":"https:\/\/www.systechone.com\/fr\/wp-json\/wp\/v2\/types\/page"}],"author":[{"embeddable":true,"href":"https:\/\/www.systechone.com\/fr\/wp-json\/wp\/v2\/users\/41"}],"replies":[{"embeddable":true,"href":"https:\/\/www.systechone.com\/fr\/wp-json\/wp\/v2\/comments?post=37553"}],"version-history":[{"count":4,"href":"https:\/\/www.systechone.com\/fr\/wp-json\/wp\/v2\/pages\/37553\/revisions"}],"predecessor-version":[{"id":37558,"href":"https:\/\/www.systechone.com\/fr\/wp-json\/wp\/v2\/pages\/37553\/revisions\/37558"}],"wp:attachment":[{"href":"https:\/\/www.systechone.com\/fr\/wp-json\/wp\/v2\/media?parent=37553"}],"curies":[{"name":"wp","href":"https:\/\/api.w.org\/{rel}","templated":true}]}}