{"id":23775,"date":"2024-03-11T12:12:25","date_gmt":"2024-03-11T16:12:25","guid":{"rendered":"https:\/\/www.systechone.com\/?page_id=23775"},"modified":"2025-06-25T16:01:09","modified_gmt":"2025-06-25T20:01:09","slug":"acquisition","status":"publish","type":"page","link":"https:\/\/www.systechone.com\/fr\/acquisition\/","title":{"rendered":"PCE fait maintenant partie de Systech !"},"content":{"rendered":"<div data-elementor-type=\"wp-page\" data-elementor-id=\"23775\" class=\"elementor elementor-23775\" data-elementor-post-type=\"page\">\n\t\t\t\t<div data-dce-background-color=\"#54585926\" class=\"elementor-element elementor-element-e85bc7b e-flex e-con-boxed e-con e-parent\" data-id=\"e85bc7b\" data-element_type=\"container\" data-settings=\"{&quot;background_background&quot;:&quot;classic&quot;}\">\n\t\t\t\t\t<div class=\"e-con-inner\">\n\t\t<div class=\"elementor-element elementor-element-6e66251 e-con-full e-flex e-con e-child\" data-id=\"6e66251\" data-element_type=\"container\" data-settings=\"{&quot;background_background&quot;:&quot;classic&quot;}\">\n\t\t\t\t<div class=\"elementor-element elementor-element-5b4c3fb elementor-absolute elementor-hidden-mobile elementor-hidden-desktop elementor-hidden-tablet elementor-widget elementor-widget-global elementor-global-19140 elementor-widget-breadcrumbs\" data-id=\"5b4c3fb\" data-element_type=\"widget\" data-settings=\"{&quot;_position&quot;:&quot;absolute&quot;}\" data-widget_type=\"breadcrumbs.default\">\n\t\t\t\t<div class=\"elementor-widget-container\">\n\t\t\t\t\t<p id=\"breadcrumbs\"><span><span><a href=\"https:\/\/www.systechone.com\/fr\/\">Accueil<\/a><\/span><\/span><\/p>\t\t\t\t<\/div>\n\t\t\t\t<\/div>\n\t\t\t\t<div class=\"elementor-element elementor-element-4cb10cf elementor-widget elementor-widget-heading\" data-id=\"4cb10cf\" data-element_type=\"widget\" data-widget_type=\"heading.default\">\n\t\t\t\t<div class=\"elementor-widget-container\">\n\t\t\t\t\t<h1 class=\"elementor-heading-title elementor-size-default\">PCE fait maintenant partie de Systech !<\/h1>\t\t\t\t<\/div>\n\t\t\t\t<\/div>\n\t\t\t\t<div class=\"elementor-element elementor-element-66b2e2e elementor-widget elementor-widget-heading\" data-id=\"66b2e2e\" data-element_type=\"widget\" data-widget_type=\"heading.default\">\n\t\t\t\t<div class=\"elementor-widget-container\">\n\t\t\t\t\t<h3 class=\"elementor-heading-title elementor-size-default\">Nous sommes ravis de cette formidable opportunit\u00e9 d'int\u00e9grer la gamme de produits de PCE dans le portefeuille de produits de Systech pour une offre plus compl\u00e8te.<\/h3>\t\t\t\t<\/div>\n\t\t\t\t<\/div>\n\t\t\t\t<\/div>\n\t\t<div data-dce-background-image-url=\"https:\/\/www.systechone.com\/wp-content\/uploads\/2024\/03\/line-element.svg\" class=\"elementor-element elementor-element-f33bf3b e-con-full elementor-hidden-tablet elementor-hidden-mobile e-flex e-con e-child\" data-id=\"f33bf3b\" data-element_type=\"container\" data-settings=\"{&quot;background_background&quot;:&quot;classic&quot;,&quot;position&quot;:&quot;absolute&quot;}\">\n\t\t\t\t<\/div>\n\t\t\t\t\t<\/div>\n\t\t\t\t<\/div>\n\t\t<div class=\"elementor-element elementor-element-5ffa97a e-flex e-con-boxed e-con e-parent\" data-id=\"5ffa97a\" data-element_type=\"container\">\n\t\t\t\t\t<div class=\"e-con-inner\">\n\t\t<div class=\"elementor-element elementor-element-bd762fb e-con-full e-flex e-con e-child\" data-id=\"bd762fb\" data-element_type=\"container\">\n\t\t\t\t<div class=\"elementor-element elementor-element-0e96837 elementor-widget elementor-widget-text-editor\" data-id=\"0e96837\" data-element_type=\"widget\" data-widget_type=\"text-editor.default\">\n\t\t\t\t<div class=\"elementor-widget-container\">\n\t\t\t\t\t\t\t\t\t<p>Pharmacontrol Electronic GmbH (\"PCE\"), situ\u00e9e en Allemagne, est un acteur de premier plan sur le march\u00e9 du suivi et de la tra\u00e7abilit\u00e9 des produits pharmaceutiques. Les produits de PCE sont utilis\u00e9s dans des centaines de lignes d'emballage pharmaceutique et l'entreprise est tr\u00e8s pr\u00e9sente en Europe et au Moyen-Orient. Fond\u00e9e en 1989, PCE est devenue un acteur important de l'industrie de l'emballage pharmaceutique en proposant des solutions cl\u00e9s en main pour l'inspection par vision, la s\u00e9rialisation et l'agr\u00e9gation, y compris des machines et des cam\u00e9ras manuelles et automatis\u00e9es.<\/p><p>La combinaison des offres mat\u00e9rielles de PCE et des solutions logicielles compl\u00e8tes de Systech nous permet d'offrir les meilleures solutions \u00e0 l'industrie.<\/p><p><strong>Communiqu\u00e9 de presse :<\/strong> <a href=\"https:\/\/www.systechone.com\/fr\/systech-expands-product-portfolio-and-global-footprint-through-pce-acquisition\/\">Systech \u00e9largit son portefeuille de produits et sa pr\u00e9sence mondiale gr\u00e2ce \u00e0 l'acquisition de PCE<\/a><\/p><p><strong>D\u00e9couvrez les produits PCE : <\/strong><a href=\"https:\/\/www.systechone.com\/fr\/products\/pce-track-and-trace\/\">Solutions de suivi et de tra\u00e7abilit\u00e9 des PCE<\/a><\/p><p>Pour plus d'informations, contactez l'\u00e9quipe de Systech ici : <a href=\"https:\/\/www.systechone.com\/fr\/contact\/\">CONTACTEZ-NOUS<\/a><\/p>\t\t\t\t\t\t\t\t<\/div>\n\t\t\t\t<\/div>\n\t\t\t\t<\/div>\n\t\t\t\t\t<\/div>\n\t\t\t\t<\/div>\n\t\t<div class=\"elementor-element elementor-element-b8e2b41 e-flex e-con-boxed e-con e-parent\" data-id=\"b8e2b41\" data-element_type=\"container\">\n\t\t\t\t\t<div class=\"e-con-inner\">\n\t\t<div class=\"elementor-element elementor-element-6b18ba7 e-con-full e-flex e-con e-child\" data-id=\"6b18ba7\" data-element_type=\"container\">\n\t\t\t\t<div class=\"elementor-element elementor-element-56cfcd0 elementor-widget elementor-widget-heading\" data-id=\"56cfcd0\" data-element_type=\"widget\" data-widget_type=\"heading.default\">\n\t\t\t\t<div class=\"elementor-widget-container\">\n\t\t\t\t\t<h3 class=\"elementor-heading-title elementor-size-default\">S'INSCRIRE AUX NOUVELLES DE SYSTECH<\/h3>\t\t\t\t<\/div>\n\t\t\t\t<\/div>\n\t\t\t\t<div class=\"elementor-element elementor-element-6c55eea elementor-widget__width-initial elementor-widget elementor-widget-text-editor\" data-id=\"6c55eea\" data-element_type=\"widget\" data-widget_type=\"text-editor.default\">\n\t\t\t\t<div class=\"elementor-widget-container\">\n\t\t\t\t\t\t\t\t\t<p><span style=\"font-weight: 400;\">Vous souhaitez recevoir plus d'informations et de contenu de la part de Systech ? Inscrivez-vous pour obtenir des informations exclusives et des ressources pr\u00e9cieuses qui vous aideront \u00e0 am\u00e9liorer votre efficacit\u00e9, \u00e0 respecter la conformit\u00e9 et \u00e0 prot\u00e9ger votre marque.<\/span><\/p>\t\t\t\t\t\t\t\t<\/div>\n\t\t\t\t<\/div>\n\t\t\t\t<\/div>\n\t\t<div class=\"elementor-element elementor-element-96af515 e-con-full e-flex e-con e-child\" data-id=\"96af515\" data-element_type=\"container\">\n\t\t\t\t<div class=\"elementor-element elementor-element-8ec428e elementor-widget elementor-widget-button\" data-id=\"8ec428e\" data-element_type=\"widget\" data-widget_type=\"button.default\">\n\t\t\t\t<div class=\"elementor-widget-container\">\n\t\t\t\t\t\t\t\t\t<div class=\"elementor-button-wrapper\">\n\t\t\t\t\t<a class=\"elementor-button elementor-button-link elementor-size-sm\" href=\"https:\/\/www.systechone.com\/fr\/newsletter-signup\/\">\n\t\t\t\t\t\t<span class=\"elementor-button-content-wrapper\">\n\t\t\t\t\t\t\t\t\t<span class=\"elementor-button-text\">S'inscrire<\/span>\n\t\t\t\t\t<\/span>\n\t\t\t\t\t<\/a>\n\t\t\t\t<\/div>\n\t\t\t\t\t\t\t\t<\/div>\n\t\t\t\t<\/div>\n\t\t\t\t<\/div>\n\t\t\t\t\t<\/div>\n\t\t\t\t<\/div>\n\t\t\t\t<\/div>","protected":false},"excerpt":{"rendered":"<p>PCE fait maintenant partie de Systech ! Nous sommes ravis de cette formidable opportunit\u00e9 d'int\u00e9grer la gamme de produits de PCE dans le portefeuille de produits de Systech pour une offre plus compl\u00e8te. Pharmacontrol Electronic GmbH (\"PCE\"), situ\u00e9 en Allemagne, est un acteur majeur du march\u00e9 de la tra\u00e7abilit\u00e9 pharmaceutique. Les produits de PCE sont utilis\u00e9s dans des centaines de lignes d'emballage [...]<\/p>","protected":false},"author":20,"featured_media":0,"parent":0,"menu_order":0,"comment_status":"closed","ping_status":"closed","template":"","meta":{"_acf_changed":false,"footnotes":""},"class_list":["post-23775","page","type-page","status-publish","hentry"],"acf":[],"yoast_head":"<!-- This site is optimized with the Yoast SEO plugin v25.1 - https:\/\/yoast.com\/wordpress\/plugins\/seo\/ -->\n<title>Pharmacontrol Electronic GmbH \u2013 Acquisition by Systech<\/title>\n<meta name=\"description\" content=\"Learn about the acquisition of Pharmacontrol Electronic GmbH by Systech. Understand the strategic benefits, expanded capabilities, and enhanced solutions now available.\" \/>\n<meta name=\"robots\" content=\"index, follow, max-snippet:-1, max-image-preview:large, max-video-preview:-1\" \/>\n<link rel=\"canonical\" href=\"https:\/\/www.systechone.com\/fr\/acquisition\/\" \/>\n<meta property=\"og:locale\" content=\"fr_FR\" \/>\n<meta property=\"og:type\" content=\"article\" \/>\n<meta property=\"og:title\" content=\"Pharmacontrol Electronic GmbH \u2013 Acquisition by Systech\" \/>\n<meta property=\"og:description\" content=\"Learn about the acquisition of Pharmacontrol Electronic GmbH by Systech. Understand the strategic benefits, expanded capabilities, and enhanced solutions now available.\" \/>\n<meta property=\"og:url\" content=\"https:\/\/www.systechone.com\/fr\/acquisition\/\" \/>\n<meta property=\"og:site_name\" content=\"Systech\" \/>\n<meta property=\"article:publisher\" content=\"https:\/\/www.facebook.com\/systechone\/\" \/>\n<meta property=\"article:modified_time\" content=\"2025-06-25T20:01:09+00:00\" \/>\n<meta name=\"twitter:card\" content=\"summary_large_image\" \/>\n<meta name=\"twitter:site\" content=\"@systechone\" \/>\n<meta name=\"twitter:label1\" content=\"Dur\u00e9e de lecture estim\u00e9e\" \/>\n\t<meta name=\"twitter:data1\" content=\"1 minute\" \/>\n<script type=\"application\/ld+json\" class=\"yoast-schema-graph\">{\"@context\":\"https:\/\/schema.org\",\"@graph\":[{\"@type\":\"WebPage\",\"@id\":\"https:\/\/www.systechone.com\/acquisition\/\",\"url\":\"https:\/\/www.systechone.com\/acquisition\/\",\"name\":\"Pharmacontrol Electronic GmbH \u2013 Acquisition by Systech\",\"isPartOf\":{\"@id\":\"https:\/\/www.systechone.com\/#website\"},\"datePublished\":\"2024-03-11T16:12:25+00:00\",\"dateModified\":\"2025-06-25T20:01:09+00:00\",\"description\":\"Learn about the acquisition of Pharmacontrol Electronic GmbH by Systech. Understand the strategic benefits, expanded capabilities, and enhanced solutions now available.\",\"breadcrumb\":{\"@id\":\"https:\/\/www.systechone.com\/acquisition\/#breadcrumb\"},\"inLanguage\":\"fr-FR\",\"potentialAction\":[{\"@type\":\"ReadAction\",\"target\":[\"https:\/\/www.systechone.com\/acquisition\/\"]}]},{\"@type\":\"BreadcrumbList\",\"@id\":\"https:\/\/www.systechone.com\/acquisition\/#breadcrumb\",\"itemListElement\":[{\"@type\":\"ListItem\",\"position\":1,\"name\":\"Home\",\"item\":\"https:\/\/www.systechone.com\/\"},{\"@type\":\"ListItem\",\"position\":2,\"name\":\"PCE is now part of Systech!\"}]},{\"@type\":\"WebSite\",\"@id\":\"https:\/\/www.systechone.com\/#website\",\"url\":\"https:\/\/www.systechone.com\/\",\"name\":\"Systech\",\"description\":\"a solutions division of Markem-Imaje\",\"publisher\":{\"@id\":\"https:\/\/www.systechone.com\/#organization\"},\"potentialAction\":[{\"@type\":\"SearchAction\",\"target\":{\"@type\":\"EntryPoint\",\"urlTemplate\":\"https:\/\/www.systechone.com\/?s={search_term_string}\"},\"query-input\":{\"@type\":\"PropertyValueSpecification\",\"valueRequired\":true,\"valueName\":\"search_term_string\"}}],\"inLanguage\":\"fr-FR\"},{\"@type\":\"Organization\",\"@id\":\"https:\/\/www.systechone.com\/#organization\",\"name\":\"Systech International\",\"url\":\"https:\/\/www.systechone.com\/\",\"logo\":{\"@type\":\"ImageObject\",\"inLanguage\":\"fr-FR\",\"@id\":\"https:\/\/www.systechone.com\/#\/schema\/logo\/image\/\",\"url\":\"https:\/\/www.systechone.com\/wp-content\/uploads\/2018\/04\/systech-logo.png\",\"contentUrl\":\"https:\/\/www.systechone.com\/wp-content\/uploads\/2018\/04\/systech-logo.png\",\"width\":551,\"height\":124,\"caption\":\"Systech International\"},\"image\":{\"@id\":\"https:\/\/www.systechone.com\/#\/schema\/logo\/image\/\"},\"sameAs\":[\"https:\/\/www.facebook.com\/systechone\/\",\"https:\/\/x.com\/systechone\",\"https:\/\/www.linkedin.com\/company\/systech-international\",\"https:\/\/www.youtube.com\/channel\/UC1fz6UKo5eMa1WxgVMGRhpA\/videos\"]}]}<\/script>\n<!-- \/ Yoast SEO plugin. -->","yoast_head_json":{"title":"Pharmacontrol Electronic GmbH \u2013 Acquisition by Systech","description":"Learn about the acquisition of Pharmacontrol Electronic GmbH by Systech. Understand the strategic benefits, expanded capabilities, and enhanced solutions now available.","robots":{"index":"index","follow":"follow","max-snippet":"max-snippet:-1","max-image-preview":"max-image-preview:large","max-video-preview":"max-video-preview:-1"},"canonical":"https:\/\/www.systechone.com\/fr\/acquisition\/","og_locale":"fr_FR","og_type":"article","og_title":"Pharmacontrol Electronic GmbH \u2013 Acquisition by Systech","og_description":"Learn about the acquisition of Pharmacontrol Electronic GmbH by Systech. Understand the strategic benefits, expanded capabilities, and enhanced solutions now available.","og_url":"https:\/\/www.systechone.com\/fr\/acquisition\/","og_site_name":"Systech","article_publisher":"https:\/\/www.facebook.com\/systechone\/","article_modified_time":"2025-06-25T20:01:09+00:00","twitter_card":"summary_large_image","twitter_site":"@systechone","twitter_misc":{"Dur\u00e9e de lecture estim\u00e9e":"1 minute"},"schema":{"@context":"https:\/\/schema.org","@graph":[{"@type":"WebPage","@id":"https:\/\/www.systechone.com\/acquisition\/","url":"https:\/\/www.systechone.com\/acquisition\/","name":"Pharmacontrol Electronic GmbH \u2013 Acquisition by Systech","isPartOf":{"@id":"https:\/\/www.systechone.com\/#website"},"datePublished":"2024-03-11T16:12:25+00:00","dateModified":"2025-06-25T20:01:09+00:00","description":"Learn about the acquisition of Pharmacontrol Electronic GmbH by Systech. Understand the strategic benefits, expanded capabilities, and enhanced solutions now available.","breadcrumb":{"@id":"https:\/\/www.systechone.com\/acquisition\/#breadcrumb"},"inLanguage":"fr-FR","potentialAction":[{"@type":"ReadAction","target":["https:\/\/www.systechone.com\/acquisition\/"]}]},{"@type":"BreadcrumbList","@id":"https:\/\/www.systechone.com\/acquisition\/#breadcrumb","itemListElement":[{"@type":"ListItem","position":1,"name":"Home","item":"https:\/\/www.systechone.com\/"},{"@type":"ListItem","position":2,"name":"PCE is now part of Systech!"}]},{"@type":"WebSite","@id":"https:\/\/www.systechone.com\/#website","url":"https:\/\/www.systechone.com\/","name":"Systech","description":"a solutions division of Markem-Imaje","publisher":{"@id":"https:\/\/www.systechone.com\/#organization"},"potentialAction":[{"@type":"SearchAction","target":{"@type":"EntryPoint","urlTemplate":"https:\/\/www.systechone.com\/?s={search_term_string}"},"query-input":{"@type":"PropertyValueSpecification","valueRequired":true,"valueName":"search_term_string"}}],"inLanguage":"fr-FR"},{"@type":"Organization","@id":"https:\/\/www.systechone.com\/#organization","name":"Systech International","url":"https:\/\/www.systechone.com\/","logo":{"@type":"ImageObject","inLanguage":"fr-FR","@id":"https:\/\/www.systechone.com\/#\/schema\/logo\/image\/","url":"https:\/\/www.systechone.com\/wp-content\/uploads\/2018\/04\/systech-logo.png","contentUrl":"https:\/\/www.systechone.com\/wp-content\/uploads\/2018\/04\/systech-logo.png","width":551,"height":124,"caption":"Systech International"},"image":{"@id":"https:\/\/www.systechone.com\/#\/schema\/logo\/image\/"},"sameAs":["https:\/\/www.facebook.com\/systechone\/","https:\/\/x.com\/systechone","https:\/\/www.linkedin.com\/company\/systech-international","https:\/\/www.youtube.com\/channel\/UC1fz6UKo5eMa1WxgVMGRhpA\/videos"]}]}},"_links":{"self":[{"href":"https:\/\/www.systechone.com\/fr\/wp-json\/wp\/v2\/pages\/23775","targetHints":{"allow":["GET"]}}],"collection":[{"href":"https:\/\/www.systechone.com\/fr\/wp-json\/wp\/v2\/pages"}],"about":[{"href":"https:\/\/www.systechone.com\/fr\/wp-json\/wp\/v2\/types\/page"}],"author":[{"embeddable":true,"href":"https:\/\/www.systechone.com\/fr\/wp-json\/wp\/v2\/users\/20"}],"replies":[{"embeddable":true,"href":"https:\/\/www.systechone.com\/fr\/wp-json\/wp\/v2\/comments?post=23775"}],"version-history":[{"count":0,"href":"https:\/\/www.systechone.com\/fr\/wp-json\/wp\/v2\/pages\/23775\/revisions"}],"wp:attachment":[{"href":"https:\/\/www.systechone.com\/fr\/wp-json\/wp\/v2\/media?parent=23775"}],"curies":[{"name":"wp","href":"https:\/\/api.w.org\/{rel}","templated":true}]}}