{"id":15474,"date":"2023-03-30T11:26:14","date_gmt":"2023-03-30T15:26:14","guid":{"rendered":"https:\/\/www.systechone.com\/glossary\/what-are-the-risks-of-counterfeits-2\/"},"modified":"2025-07-08T09:55:47","modified_gmt":"2025-07-08T13:55:47","slug":"what-is-the-falsified-medicines-directive","status":"publish","type":"page","link":"https:\/\/www.systechone.com\/fr\/glossary\/what-is-the-falsified-medicines-directive\/","title":{"rendered":"Qu'est-ce que la directive sur les m\u00e9dicaments falsifi\u00e9s ?"},"content":{"rendered":"<div data-elementor-type=\"wp-page\" data-elementor-id=\"15474\" class=\"elementor elementor-15474\" data-elementor-post-type=\"page\">\n\t\t\t\t\t\t<section class=\"elementor-section elementor-top-section elementor-element elementor-element-26237834 elementor-section-boxed elementor-section-height-default elementor-section-height-default\" data-id=\"26237834\" data-element_type=\"section\">\n\t\t\t\t\t\t<div class=\"elementor-container elementor-column-gap-default\">\n\t\t\t\t\t<div class=\"elementor-column elementor-col-100 elementor-top-column elementor-element elementor-element-7e6fc166\" data-id=\"7e6fc166\" data-element_type=\"column\">\n\t\t\t<div class=\"elementor-widget-wrap elementor-element-populated\">\n\t\t\t\t\t\t<div class=\"elementor-element elementor-element-79c82be elementor-widget elementor-widget-heading\" data-id=\"79c82be\" data-element_type=\"widget\" data-widget_type=\"heading.default\">\n\t\t\t\t<div class=\"elementor-widget-container\">\n\t\t\t\t\t<h1 class=\"elementor-heading-title elementor-size-default\">Qu'est-ce que la directive sur les m\u00e9dicaments falsifi\u00e9s ?<\/h1>\t\t\t\t<\/div>\n\t\t\t\t<\/div>\n\t\t\t\t<div class=\"elementor-element elementor-element-763dd55 elementor-widget elementor-widget-text-editor\" data-id=\"763dd55\" data-element_type=\"widget\" data-widget_type=\"text-editor.default\">\n\t\t\t\t<div class=\"elementor-widget-container\">\n\t\t\t\t\t\t\t\t\t<p>L'EUFMD est la directive de l'Union europ\u00e9enne sur les m\u00e9dicaments falsifi\u00e9s : Elle \u00e9tablit la justification logique et juridique d'une action \u00e0 l'\u00e9chelle de l'Union contre les m\u00e9dicaments falsifi\u00e9s, puis demande aux \u00c9tats membres de l'UE d'adopter des r\u00e9glementations normalis\u00e9es pour prot\u00e9ger la cha\u00eene d'approvisionnement en m\u00e9dicaments contre les m\u00e9dicaments falsifi\u00e9s.<\/p><p><\/p><p>\u00a0<\/p>\t\t\t\t\t\t\t\t<\/div>\n\t\t\t\t<\/div>\n\t\t\t\t\t<\/div>\n\t\t<\/div>\n\t\t\t\t\t<\/div>\n\t\t<\/section>\n\t\t\t\t<\/div>","protected":false},"excerpt":{"rendered":"<p>L'EUFMD est la directive de l'Union europ\u00e9enne sur les m\u00e9dicaments falsifi\u00e9s : Elle \u00e9tablit la justification logique et juridique d'une action \u00e0 l'\u00e9chelle de l'Union contre les m\u00e9dicaments falsifi\u00e9s, puis demande aux \u00c9tats membres de l'UE d'adopter des r\u00e9glementations normalis\u00e9es pour prot\u00e9ger la cha\u00eene d'approvisionnement en m\u00e9dicaments contre les m\u00e9dicaments falsifi\u00e9s. \u00a0<\/p>","protected":false},"author":28,"featured_media":0,"parent":14537,"menu_order":0,"comment_status":"closed","ping_status":"closed","template":"elementor_header_footer","meta":{"_acf_changed":false,"footnotes":""},"class_list":["post-15474","page","type-page","status-publish","hentry"],"acf":[],"yoast_head":"<!-- This site is optimized with the Yoast SEO plugin v25.1 - https:\/\/yoast.com\/wordpress\/plugins\/seo\/ -->\n<title>what is falsified medicine directive<\/title>\n<meta name=\"description\" content=\"Full understanding of the falsified medicine directive\" \/>\n<meta name=\"robots\" content=\"index, follow, max-snippet:-1, max-image-preview:large, max-video-preview:-1\" \/>\n<link rel=\"canonical\" href=\"https:\/\/www.systechone.com\/fr\/glossary\/what-is-the-falsified-medicines-directive\/\" \/>\n<meta property=\"og:locale\" content=\"fr_FR\" \/>\n<meta property=\"og:type\" content=\"article\" \/>\n<meta property=\"og:title\" content=\"what is falsified medicine directive\" \/>\n<meta property=\"og:description\" content=\"Full understanding of the falsified medicine directive\" \/>\n<meta property=\"og:url\" content=\"https:\/\/www.systechone.com\/fr\/glossary\/what-is-the-falsified-medicines-directive\/\" \/>\n<meta property=\"og:site_name\" content=\"Systech\" \/>\n<meta property=\"article:publisher\" content=\"https:\/\/www.facebook.com\/systechone\/\" \/>\n<meta property=\"article:modified_time\" content=\"2025-07-08T13:55:47+00:00\" \/>\n<meta name=\"twitter:card\" content=\"summary_large_image\" \/>\n<meta name=\"twitter:site\" content=\"@systechone\" \/>\n<meta name=\"twitter:label1\" content=\"Dur\u00e9e de lecture estim\u00e9e\" \/>\n\t<meta name=\"twitter:data1\" content=\"1 minute\" \/>\n<script type=\"application\/ld+json\" class=\"yoast-schema-graph\">{\"@context\":\"https:\/\/schema.org\",\"@graph\":[{\"@type\":\"WebPage\",\"@id\":\"https:\/\/www.systechone.com\/glossary\/what-is-the-falsified-medicines-directive\/\",\"url\":\"https:\/\/www.systechone.com\/glossary\/what-is-the-falsified-medicines-directive\/\",\"name\":\"what is falsified medicine directive\",\"isPartOf\":{\"@id\":\"https:\/\/www.systechone.com\/#website\"},\"datePublished\":\"2023-03-30T15:26:14+00:00\",\"dateModified\":\"2025-07-08T13:55:47+00:00\",\"description\":\"Full understanding of the falsified medicine directive\",\"breadcrumb\":{\"@id\":\"https:\/\/www.systechone.com\/glossary\/what-is-the-falsified-medicines-directive\/#breadcrumb\"},\"inLanguage\":\"fr-FR\",\"potentialAction\":[{\"@type\":\"ReadAction\",\"target\":[\"https:\/\/www.systechone.com\/glossary\/what-is-the-falsified-medicines-directive\/\"]}]},{\"@type\":\"BreadcrumbList\",\"@id\":\"https:\/\/www.systechone.com\/glossary\/what-is-the-falsified-medicines-directive\/#breadcrumb\",\"itemListElement\":[{\"@type\":\"ListItem\",\"position\":1,\"name\":\"Home\",\"item\":\"https:\/\/www.systechone.com\/\"},{\"@type\":\"ListItem\",\"position\":2,\"name\":\"Glossary\",\"item\":\"https:\/\/www.systechone.com\/fr\/?page_id=14537\"},{\"@type\":\"ListItem\",\"position\":3,\"name\":\"What is the falsified medicines directive?\"}]},{\"@type\":\"WebSite\",\"@id\":\"https:\/\/www.systechone.com\/#website\",\"url\":\"https:\/\/www.systechone.com\/\",\"name\":\"Systech\",\"description\":\"a solutions division of Markem-Imaje\",\"publisher\":{\"@id\":\"https:\/\/www.systechone.com\/#organization\"},\"potentialAction\":[{\"@type\":\"SearchAction\",\"target\":{\"@type\":\"EntryPoint\",\"urlTemplate\":\"https:\/\/www.systechone.com\/?s={search_term_string}\"},\"query-input\":{\"@type\":\"PropertyValueSpecification\",\"valueRequired\":true,\"valueName\":\"search_term_string\"}}],\"inLanguage\":\"fr-FR\"},{\"@type\":\"Organization\",\"@id\":\"https:\/\/www.systechone.com\/#organization\",\"name\":\"Systech International\",\"url\":\"https:\/\/www.systechone.com\/\",\"logo\":{\"@type\":\"ImageObject\",\"inLanguage\":\"fr-FR\",\"@id\":\"https:\/\/www.systechone.com\/#\/schema\/logo\/image\/\",\"url\":\"https:\/\/www.systechone.com\/wp-content\/uploads\/2018\/04\/systech-logo.png\",\"contentUrl\":\"https:\/\/www.systechone.com\/wp-content\/uploads\/2018\/04\/systech-logo.png\",\"width\":551,\"height\":124,\"caption\":\"Systech International\"},\"image\":{\"@id\":\"https:\/\/www.systechone.com\/#\/schema\/logo\/image\/\"},\"sameAs\":[\"https:\/\/www.facebook.com\/systechone\/\",\"https:\/\/x.com\/systechone\",\"https:\/\/www.linkedin.com\/company\/systech-international\",\"https:\/\/www.youtube.com\/channel\/UC1fz6UKo5eMa1WxgVMGRhpA\/videos\"]}]}<\/script>\n<!-- \/ Yoast SEO plugin. -->","yoast_head_json":{"title":"what is falsified medicine directive","description":"Full understanding of the falsified medicine directive","robots":{"index":"index","follow":"follow","max-snippet":"max-snippet:-1","max-image-preview":"max-image-preview:large","max-video-preview":"max-video-preview:-1"},"canonical":"https:\/\/www.systechone.com\/fr\/glossary\/what-is-the-falsified-medicines-directive\/","og_locale":"fr_FR","og_type":"article","og_title":"what is falsified medicine directive","og_description":"Full understanding of the falsified medicine directive","og_url":"https:\/\/www.systechone.com\/fr\/glossary\/what-is-the-falsified-medicines-directive\/","og_site_name":"Systech","article_publisher":"https:\/\/www.facebook.com\/systechone\/","article_modified_time":"2025-07-08T13:55:47+00:00","twitter_card":"summary_large_image","twitter_site":"@systechone","twitter_misc":{"Dur\u00e9e de lecture estim\u00e9e":"1 minute"},"schema":{"@context":"https:\/\/schema.org","@graph":[{"@type":"WebPage","@id":"https:\/\/www.systechone.com\/glossary\/what-is-the-falsified-medicines-directive\/","url":"https:\/\/www.systechone.com\/glossary\/what-is-the-falsified-medicines-directive\/","name":"what is falsified medicine directive","isPartOf":{"@id":"https:\/\/www.systechone.com\/#website"},"datePublished":"2023-03-30T15:26:14+00:00","dateModified":"2025-07-08T13:55:47+00:00","description":"Full understanding of the falsified medicine directive","breadcrumb":{"@id":"https:\/\/www.systechone.com\/glossary\/what-is-the-falsified-medicines-directive\/#breadcrumb"},"inLanguage":"fr-FR","potentialAction":[{"@type":"ReadAction","target":["https:\/\/www.systechone.com\/glossary\/what-is-the-falsified-medicines-directive\/"]}]},{"@type":"BreadcrumbList","@id":"https:\/\/www.systechone.com\/glossary\/what-is-the-falsified-medicines-directive\/#breadcrumb","itemListElement":[{"@type":"ListItem","position":1,"name":"Home","item":"https:\/\/www.systechone.com\/"},{"@type":"ListItem","position":2,"name":"Glossary","item":"https:\/\/www.systechone.com\/fr\/?page_id=14537"},{"@type":"ListItem","position":3,"name":"What is the falsified medicines directive?"}]},{"@type":"WebSite","@id":"https:\/\/www.systechone.com\/#website","url":"https:\/\/www.systechone.com\/","name":"Systech","description":"a solutions division of Markem-Imaje","publisher":{"@id":"https:\/\/www.systechone.com\/#organization"},"potentialAction":[{"@type":"SearchAction","target":{"@type":"EntryPoint","urlTemplate":"https:\/\/www.systechone.com\/?s={search_term_string}"},"query-input":{"@type":"PropertyValueSpecification","valueRequired":true,"valueName":"search_term_string"}}],"inLanguage":"fr-FR"},{"@type":"Organization","@id":"https:\/\/www.systechone.com\/#organization","name":"Systech International","url":"https:\/\/www.systechone.com\/","logo":{"@type":"ImageObject","inLanguage":"fr-FR","@id":"https:\/\/www.systechone.com\/#\/schema\/logo\/image\/","url":"https:\/\/www.systechone.com\/wp-content\/uploads\/2018\/04\/systech-logo.png","contentUrl":"https:\/\/www.systechone.com\/wp-content\/uploads\/2018\/04\/systech-logo.png","width":551,"height":124,"caption":"Systech International"},"image":{"@id":"https:\/\/www.systechone.com\/#\/schema\/logo\/image\/"},"sameAs":["https:\/\/www.facebook.com\/systechone\/","https:\/\/x.com\/systechone","https:\/\/www.linkedin.com\/company\/systech-international","https:\/\/www.youtube.com\/channel\/UC1fz6UKo5eMa1WxgVMGRhpA\/videos"]}]}},"_links":{"self":[{"href":"https:\/\/www.systechone.com\/fr\/wp-json\/wp\/v2\/pages\/15474","targetHints":{"allow":["GET"]}}],"collection":[{"href":"https:\/\/www.systechone.com\/fr\/wp-json\/wp\/v2\/pages"}],"about":[{"href":"https:\/\/www.systechone.com\/fr\/wp-json\/wp\/v2\/types\/page"}],"author":[{"embeddable":true,"href":"https:\/\/www.systechone.com\/fr\/wp-json\/wp\/v2\/users\/28"}],"replies":[{"embeddable":true,"href":"https:\/\/www.systechone.com\/fr\/wp-json\/wp\/v2\/comments?post=15474"}],"version-history":[{"count":3,"href":"https:\/\/www.systechone.com\/fr\/wp-json\/wp\/v2\/pages\/15474\/revisions"}],"predecessor-version":[{"id":34057,"href":"https:\/\/www.systechone.com\/fr\/wp-json\/wp\/v2\/pages\/15474\/revisions\/34057"}],"up":[{"embeddable":true,"href":"https:\/\/www.systechone.com\/fr\/wp-json\/wp\/v2\/pages\/14537"}],"wp:attachment":[{"href":"https:\/\/www.systechone.com\/fr\/wp-json\/wp\/v2\/media?parent=15474"}],"curies":[{"name":"wp","href":"https:\/\/api.w.org\/{rel}","templated":true}]}}