{"id":37008,"date":"2025-11-17T23:41:01","date_gmt":"2025-11-18T04:41:01","guid":{"rendered":"https:\/\/staging.systech.ssdev.ca\/?page_id=37008"},"modified":"2025-11-18T14:57:56","modified_gmt":"2025-11-18T19:57:56","slug":"dscsa-2023-stabilization-period-connections-and-credentials","status":"publish","type":"page","link":"https:\/\/www.systechone.com\/de\/dscsa-2023-stabilization-period-connections-and-credentials\/","title":{"rendered":"Webinar | DSCSA 2023 Stabilisierungsperiode"},"content":{"rendered":"<div data-elementor-type=\"wp-page\" data-elementor-id=\"37008\" class=\"elementor elementor-37008\" data-elementor-post-type=\"page\">\n\t\t\t\t<div data-dce-background-overlay-color=\"#22B8B0\" data-dce-background-image-url=\"https:\/\/www.systechone.com\/wp-content\/uploads\/2025\/11\/Systech-DSCSA-stabilization-webinar2-banner_11-2023-1.png\" class=\"elementor-element elementor-element-c45c5ee e-flex e-con-boxed e-con e-parent\" data-id=\"c45c5ee\" data-element_type=\"container\" data-settings=\"{&quot;background_background&quot;:&quot;classic&quot;}\">\n\t\t\t\t\t<div class=\"e-con-inner\">\n\t\t<div class=\"elementor-element elementor-element-6c89efd e-con-full e-flex e-con e-child\" data-id=\"6c89efd\" data-element_type=\"container\">\n\t\t\t\t<div class=\"elementor-element elementor-element-1f28def elementor-widget elementor-widget-heading\" data-id=\"1f28def\" data-element_type=\"widget\" data-widget_type=\"heading.default\">\n\t\t\t\t<div class=\"elementor-widget-container\">\n\t\t\t\t\t<h6 class=\"elementor-heading-title elementor-size-default\">ON-DEMAND-WEBINAR\n<\/h6>\t\t\t\t<\/div>\n\t\t\t\t<\/div>\n\t\t\t\t<div class=\"elementor-element elementor-element-253b241 elementor-widget elementor-widget-heading\" data-id=\"253b241\" data-element_type=\"widget\" data-widget_type=\"heading.default\">\n\t\t\t\t<div class=\"elementor-widget-container\">\n\t\t\t\t\t<h1 class=\"elementor-heading-title elementor-size-default\">DSCSA 2023 Stabilisierungsperiode: Verbindungen und Qualifikationen - der Schl\u00fcssel zum Erfolg\n<\/h1>\t\t\t\t<\/div>\n\t\t\t\t<\/div>\n\t\t\t\t<\/div>\n\t\t\t\t\t<\/div>\n\t\t\t\t<\/div>\n\t\t<div class=\"elementor-element elementor-element-b3c4743 e-flex e-con-boxed e-con e-parent\" data-id=\"b3c4743\" data-element_type=\"container\">\n\t\t\t\t\t<div class=\"e-con-inner\">\n\t\t<div class=\"elementor-element elementor-element-bbded74 e-con-full e-flex e-con e-child\" data-id=\"bbded74\" data-element_type=\"container\">\n\t\t\t\t<div class=\"elementor-element elementor-element-0af81b2 elementor-widget elementor-widget-text-editor\" data-id=\"0af81b2\" data-element_type=\"widget\" data-widget_type=\"text-editor.default\">\n\t\t\t\t<div class=\"elementor-widget-container\">\n\t\t\t\t\t\t\t\t\t<p>Die gesamte Arzneimittelherstellungs- und -vertriebskette in den USA ist seit fast zehn Jahren mit der Umsetzung des Drug Supply Chain Security Act (DSCSA) besch\u00e4ftigt. F\u00fcr die endg\u00fcltigen interoperablen Komponenten gilt eine Frist bis zum 27. November 2023. Die FDA hat jedoch eine Stabilisierungsfrist von einem Jahr f\u00fcr diese Elemente gew\u00e4hrt.<\/p><p>Hersteller, Gro\u00dfh\u00e4ndler und Distributoren haben nun einen l\u00e4ngeren Zeitraum, um Datenintegrationen zu \u00fcberpr\u00fcfen, sicherzustellen, dass Berechtigungsnachweise und autorisierte Handelspartner vorhanden sind, und zu testen, testen, testen. Dieses Webinar befasst sich mit diesen wichtigen Themen, dem aktuellen Stand der Integrationen und den M\u00f6glichkeiten, die sich der Branche durch dieses erweiterte Zeitfenster bieten.<\/p>\t\t\t\t\t\t\t\t<\/div>\n\t\t\t\t<\/div>\n\t\t<div class=\"elementor-element elementor-element-bcc5e9f e-con-full e-flex e-con e-child\" data-id=\"bcc5e9f\" data-element_type=\"container\">\n\t\t\t\t<div class=\"elementor-element elementor-element-f335f49 elementor-widget elementor-widget-heading\" data-id=\"f335f49\" data-element_type=\"widget\" data-widget_type=\"heading.default\">\n\t\t\t\t<div class=\"elementor-widget-container\">\n\t\t\t\t\t<h4 class=\"elementor-heading-title elementor-size-default\">Diskussionsteilnehmer<\/h4>\t\t\t\t<\/div>\n\t\t\t\t<\/div>\n\t\t<div class=\"elementor-element elementor-element-40b4e4c e-con-full e-flex e-con e-child\" data-id=\"40b4e4c\" data-element_type=\"container\">\n\t\t<div class=\"elementor-element elementor-element-31ddbbd e-con-full e-flex e-con e-child\" data-id=\"31ddbbd\" data-element_type=\"container\">\n\t\t<div class=\"elementor-element elementor-element-38852a9 e-con-full e-flex e-con e-child\" data-id=\"38852a9\" data-element_type=\"container\">\n\t\t\t\t<div class=\"elementor-element elementor-element-51ab190 dce_masking-none elementor-widget elementor-widget-image\" data-id=\"51ab190\" data-element_type=\"widget\" data-widget_type=\"image.default\">\n\t\t\t\t<div class=\"elementor-widget-container\">\n\t\t\t\t\t\t\t\t\t\t\t\t\t\t\t<img loading=\"lazy\" decoding=\"async\" width=\"150\" height=\"150\" src=\"https:\/\/www.systechone.com\/wp-content\/uploads\/2025\/11\/spherity_georg-jurgens-round_200x200.jpg\" class=\"attachment-medium size-medium wp-image-37055\" alt=\"\" srcset=\"https:\/\/www.systechone.com\/wp-content\/uploads\/2025\/11\/spherity_georg-jurgens-round_200x200.jpg 150w, https:\/\/www.systechone.com\/wp-content\/uploads\/2025\/11\/spherity_georg-jurgens-round_200x200-12x12.jpg 12w\" sizes=\"auto, (max-width: 150px) 100vw, 150px\" \/>\t\t\t\t\t\t\t\t\t\t\t\t\t\t\t<\/div>\n\t\t\t\t<\/div>\n\t\t\t\t<\/div>\n\t\t<div class=\"elementor-element elementor-element-fc3cade e-con-full e-flex e-con e-child\" data-id=\"fc3cade\" data-element_type=\"container\">\n\t\t\t\t<div class=\"elementor-element elementor-element-818bcba elementor-widget elementor-widget-heading\" data-id=\"818bcba\" data-element_type=\"widget\" data-widget_type=\"heading.default\">\n\t\t\t\t<div class=\"elementor-widget-container\">\n\t\t\t\t\t<h6 class=\"elementor-heading-title elementor-size-default\">Georg J\u00fcrgens\n<\/h6>\t\t\t\t<\/div>\n\t\t\t\t<\/div>\n\t\t\t\t<div class=\"elementor-element elementor-element-c05bde8 elementor-widget elementor-widget-text-editor\" data-id=\"c05bde8\" data-element_type=\"widget\" data-widget_type=\"text-editor.default\">\n\t\t\t\t<div class=\"elementor-widget-container\">\n\t\t\t\t\t\t\t\t\t<article id=\"speaker3_bio\" class=\"mktoText speaker-bio\"><div>Manager f\u00fcr Branchenl\u00f6sungen, Spherity<\/div><\/article><article id=\"speaker3_bio\" class=\"mktoText speaker-bio\"><\/article><article id=\"speaker3_bio\" class=\"mktoText speaker-bio\"><\/article>\t\t\t\t\t\t\t\t<\/div>\n\t\t\t\t<\/div>\n\t\t\t\t<\/div>\n\t\t\t\t<\/div>\n\t\t<div class=\"elementor-element elementor-element-4669dc1 e-con-full e-flex e-con e-child\" data-id=\"4669dc1\" data-element_type=\"container\">\n\t\t<div class=\"elementor-element elementor-element-490b30e e-con-full e-flex e-con e-child\" data-id=\"490b30e\" data-element_type=\"container\">\n\t\t\t\t<div class=\"elementor-element elementor-element-00720c1 dce_masking-none elementor-widget elementor-widget-image\" data-id=\"00720c1\" data-element_type=\"widget\" data-widget_type=\"image.default\">\n\t\t\t\t<div class=\"elementor-widget-container\">\n\t\t\t\t\t\t\t\t\t\t\t\t\t\t\t<img loading=\"lazy\" decoding=\"async\" width=\"150\" height=\"150\" src=\"https:\/\/www.systechone.com\/wp-content\/uploads\/2025\/11\/joe-lipari_bw.jpg\" class=\"attachment-medium size-medium wp-image-36950\" alt=\"\" srcset=\"https:\/\/www.systechone.com\/wp-content\/uploads\/2025\/11\/joe-lipari_bw.jpg 150w, https:\/\/www.systechone.com\/wp-content\/uploads\/2025\/11\/joe-lipari_bw-12x12.jpg 12w\" sizes=\"auto, (max-width: 150px) 100vw, 150px\" \/>\t\t\t\t\t\t\t\t\t\t\t\t\t\t\t<\/div>\n\t\t\t\t<\/div>\n\t\t\t\t<\/div>\n\t\t<div class=\"elementor-element elementor-element-8316a19 e-con-full e-flex e-con e-child\" data-id=\"8316a19\" data-element_type=\"container\">\n\t\t\t\t<div class=\"elementor-element elementor-element-d7c860a elementor-widget elementor-widget-heading\" data-id=\"d7c860a\" data-element_type=\"widget\" data-widget_type=\"heading.default\">\n\t\t\t\t<div class=\"elementor-widget-container\">\n\t\t\t\t\t<h6 class=\"elementor-heading-title elementor-size-default\">Joe Lipari\n<\/h6>\t\t\t\t<\/div>\n\t\t\t\t<\/div>\n\t\t\t\t<div class=\"elementor-element elementor-element-bb464bd elementor-widget elementor-widget-text-editor\" data-id=\"bb464bd\" data-element_type=\"widget\" data-widget_type=\"text-editor.default\">\n\t\t\t\t<div class=\"elementor-widget-container\">\n\t\t\t\t\t\t\t\t\t<div>Direktor, Produktlebenszyklus-Management, Systech<\/div>\t\t\t\t\t\t\t\t<\/div>\n\t\t\t\t<\/div>\n\t\t\t\t<\/div>\n\t\t\t\t<\/div>\n\t\t\t\t<\/div>\n\t\t\t\t<\/div>\n\t\t\t\t<\/div>\n\t\t<div class=\"elementor-element elementor-element-508bdab e-con-full e-flex e-con e-child\" data-id=\"508bdab\" data-element_type=\"container\">\n\t\t<div data-dce-background-color=\"#F2F2F4\" class=\"elementor-element elementor-element-b652c84 e-con-full e-flex e-con e-child\" data-id=\"b652c84\" data-element_type=\"container\" id=\"content-form\" data-settings=\"{&quot;background_background&quot;:&quot;classic&quot;}\">\n\t\t\t\t<div class=\"elementor-element elementor-element-b23d18f elementor-widget elementor-widget-heading\" data-id=\"b23d18f\" data-element_type=\"widget\" data-widget_type=\"heading.default\">\n\t\t\t\t<div class=\"elementor-widget-container\">\n\t\t\t\t\t<h4 class=\"elementor-heading-title elementor-size-default\">Zugang zum On-Demand-Webinar\n\n<\/h4>\t\t\t\t<\/div>\n\t\t\t\t<\/div>\n\t\t\t\t<div class=\"elementor-element elementor-element-8cd3bd7 elementor-widget elementor-widget-html\" data-id=\"8cd3bd7\" data-element_type=\"widget\" data-widget_type=\"html.default\">\n\t\t\t\t<div class=\"elementor-widget-container\">\n\t\t\t\t\t<script src=\"\/\/info.systechone.com\/js\/forms2\/js\/forms2.min.js\"><\/script> <form id=\"mktoForm_1079\" action=\"\"><input type=\"hidden\" name=\"trp-form-language\" value=\"de\"\/><\/form> <script>MktoForms2.loadForm(\"\/\/info.systechone.com\", \"304-PSB-492\", 1079);<\/script>\t\t\t\t<\/div>\n\t\t\t\t<\/div>\n\t\t\t\t<\/div>\n\t\t\t\t<\/div>\n\t\t\t\t\t<\/div>\n\t\t\t\t<\/div>\n\t\t\t\t<\/div>","protected":false},"excerpt":{"rendered":"<p>ON-DEMAND WEBINAR DSCSA 2023 Stabilisierungsperiode: Verbindungen und Berechtigungsnachweise - der Schl\u00fcssel zum Erfolg Die gesamte Arzneimittelherstellungs- und -vertriebskette in den USA ist seit fast zehn Jahren mit der Umsetzung des Drug Supply Chain Security Act (DSCSA) besch\u00e4ftigt. Die Frist f\u00fcr die endg\u00fcltigen interoperablen Komponenten l\u00e4uft am 27. November 2023 ab. Die FDA hat jedoch [...]<\/p>","protected":false},"author":41,"featured_media":0,"parent":0,"menu_order":0,"comment_status":"closed","ping_status":"closed","template":"","meta":{"_acf_changed":false,"footnotes":""},"class_list":["post-37008","page","type-page","status-publish","hentry"],"acf":[],"yoast_head":"<!-- This site is optimized with the Yoast SEO plugin v25.1 - https:\/\/yoast.com\/wordpress\/plugins\/seo\/ -->\n<title>Webinar | DSCSA 2023 stabilization period - Systech<\/title>\n<meta name=\"description\" content=\"ON-DEMAND WEBINAR DSCSA 2023 stabilization period: Connections and credentials\u2014all key to getting this right The entirety of the drug manufacturing and\" \/>\n<meta name=\"robots\" content=\"index, follow, max-snippet:-1, max-image-preview:large, max-video-preview:-1\" \/>\n<link rel=\"canonical\" href=\"https:\/\/www.systechone.com\/de\/dscsa-2023-stabilization-period-connections-and-credentials\/\" \/>\n<meta property=\"og:locale\" content=\"de_DE\" \/>\n<meta property=\"og:type\" content=\"article\" \/>\n<meta property=\"og:title\" content=\"Webinar | DSCSA 2023 stabilization period - Systech\" \/>\n<meta property=\"og:description\" content=\"ON-DEMAND WEBINAR DSCSA 2023 stabilization period: Connections and credentials\u2014all key to getting this right The entirety of the drug manufacturing and\" \/>\n<meta property=\"og:url\" content=\"https:\/\/www.systechone.com\/de\/dscsa-2023-stabilization-period-connections-and-credentials\/\" \/>\n<meta property=\"og:site_name\" content=\"Systech\" \/>\n<meta property=\"article:publisher\" content=\"https:\/\/www.facebook.com\/systechone\/\" \/>\n<meta property=\"article:modified_time\" content=\"2025-11-18T19:57:56+00:00\" \/>\n<meta property=\"og:image\" content=\"https:\/\/www.systechone.com\/wp-content\/uploads\/2025\/11\/spherity_georg-jurgens-round_200x200.jpg\" \/>\n\t<meta property=\"og:image:width\" content=\"150\" \/>\n\t<meta property=\"og:image:height\" content=\"150\" \/>\n\t<meta property=\"og:image:type\" content=\"image\/jpeg\" \/>\n<meta name=\"twitter:card\" content=\"summary_large_image\" \/>\n<meta name=\"twitter:site\" content=\"@systechone\" \/>\n<meta name=\"twitter:label1\" content=\"Gesch\u00e4tzte Lesezeit\" \/>\n\t<meta name=\"twitter:data1\" content=\"1\u00a0Minute\" \/>\n<script type=\"application\/ld+json\" class=\"yoast-schema-graph\">{\"@context\":\"https:\/\/schema.org\",\"@graph\":[{\"@type\":\"WebPage\",\"@id\":\"https:\/\/www.systechone.com\/dscsa-2023-stabilization-period-connections-and-credentials\/\",\"url\":\"https:\/\/www.systechone.com\/dscsa-2023-stabilization-period-connections-and-credentials\/\",\"name\":\"Webinar | DSCSA 2023 stabilization period - Systech\",\"isPartOf\":{\"@id\":\"https:\/\/www.systechone.com\/#website\"},\"primaryImageOfPage\":{\"@id\":\"https:\/\/www.systechone.com\/dscsa-2023-stabilization-period-connections-and-credentials\/#primaryimage\"},\"image\":{\"@id\":\"https:\/\/www.systechone.com\/dscsa-2023-stabilization-period-connections-and-credentials\/#primaryimage\"},\"thumbnailUrl\":\"https:\/\/www.systechone.com\/wp-content\/uploads\/2025\/11\/spherity_georg-jurgens-round_200x200.jpg\",\"datePublished\":\"2025-11-18T04:41:01+00:00\",\"dateModified\":\"2025-11-18T19:57:56+00:00\",\"description\":\"ON-DEMAND WEBINAR DSCSA 2023 stabilization period: Connections and credentials\u2014all key to getting this right The entirety of the drug manufacturing and\",\"breadcrumb\":{\"@id\":\"https:\/\/www.systechone.com\/dscsa-2023-stabilization-period-connections-and-credentials\/#breadcrumb\"},\"inLanguage\":\"de\",\"potentialAction\":[{\"@type\":\"ReadAction\",\"target\":[\"https:\/\/www.systechone.com\/dscsa-2023-stabilization-period-connections-and-credentials\/\"]}]},{\"@type\":\"ImageObject\",\"inLanguage\":\"de\",\"@id\":\"https:\/\/www.systechone.com\/dscsa-2023-stabilization-period-connections-and-credentials\/#primaryimage\",\"url\":\"https:\/\/www.systechone.com\/wp-content\/uploads\/2025\/11\/spherity_georg-jurgens-round_200x200.jpg\",\"contentUrl\":\"https:\/\/www.systechone.com\/wp-content\/uploads\/2025\/11\/spherity_georg-jurgens-round_200x200.jpg\"},{\"@type\":\"BreadcrumbList\",\"@id\":\"https:\/\/www.systechone.com\/dscsa-2023-stabilization-period-connections-and-credentials\/#breadcrumb\",\"itemListElement\":[{\"@type\":\"ListItem\",\"position\":1,\"name\":\"Home\",\"item\":\"https:\/\/www.systechone.com\/\"},{\"@type\":\"ListItem\",\"position\":2,\"name\":\"Webinar | DSCSA 2023 stabilization period\"}]},{\"@type\":\"WebSite\",\"@id\":\"https:\/\/www.systechone.com\/#website\",\"url\":\"https:\/\/www.systechone.com\/\",\"name\":\"Systech\",\"description\":\"a solutions division of Markem-Imaje\",\"publisher\":{\"@id\":\"https:\/\/www.systechone.com\/#organization\"},\"potentialAction\":[{\"@type\":\"SearchAction\",\"target\":{\"@type\":\"EntryPoint\",\"urlTemplate\":\"https:\/\/www.systechone.com\/?s={search_term_string}\"},\"query-input\":{\"@type\":\"PropertyValueSpecification\",\"valueRequired\":true,\"valueName\":\"search_term_string\"}}],\"inLanguage\":\"de\"},{\"@type\":\"Organization\",\"@id\":\"https:\/\/www.systechone.com\/#organization\",\"name\":\"Systech International\",\"url\":\"https:\/\/www.systechone.com\/\",\"logo\":{\"@type\":\"ImageObject\",\"inLanguage\":\"de\",\"@id\":\"https:\/\/www.systechone.com\/#\/schema\/logo\/image\/\",\"url\":\"https:\/\/www.systechone.com\/wp-content\/uploads\/2018\/04\/systech-logo.png\",\"contentUrl\":\"https:\/\/www.systechone.com\/wp-content\/uploads\/2018\/04\/systech-logo.png\",\"width\":551,\"height\":124,\"caption\":\"Systech International\"},\"image\":{\"@id\":\"https:\/\/www.systechone.com\/#\/schema\/logo\/image\/\"},\"sameAs\":[\"https:\/\/www.facebook.com\/systechone\/\",\"https:\/\/x.com\/systechone\",\"https:\/\/www.linkedin.com\/company\/systech-international\",\"https:\/\/www.youtube.com\/channel\/UC1fz6UKo5eMa1WxgVMGRhpA\/videos\"]}]}<\/script>\n<!-- \/ Yoast SEO plugin. -->","yoast_head_json":{"title":"Webinar | DSCSA 2023 stabilization period - Systech","description":"ON-DEMAND WEBINAR DSCSA 2023 stabilization period: Connections and credentials\u2014all key to getting this right The entirety of the drug manufacturing and","robots":{"index":"index","follow":"follow","max-snippet":"max-snippet:-1","max-image-preview":"max-image-preview:large","max-video-preview":"max-video-preview:-1"},"canonical":"https:\/\/www.systechone.com\/de\/dscsa-2023-stabilization-period-connections-and-credentials\/","og_locale":"de_DE","og_type":"article","og_title":"Webinar | DSCSA 2023 stabilization period - Systech","og_description":"ON-DEMAND WEBINAR DSCSA 2023 stabilization period: Connections and credentials\u2014all key to getting this right The entirety of the drug manufacturing and","og_url":"https:\/\/www.systechone.com\/de\/dscsa-2023-stabilization-period-connections-and-credentials\/","og_site_name":"Systech","article_publisher":"https:\/\/www.facebook.com\/systechone\/","article_modified_time":"2025-11-18T19:57:56+00:00","og_image":[{"width":150,"height":150,"url":"https:\/\/www.systechone.com\/wp-content\/uploads\/2025\/11\/spherity_georg-jurgens-round_200x200.jpg","type":"image\/jpeg"}],"twitter_card":"summary_large_image","twitter_site":"@systechone","twitter_misc":{"Gesch\u00e4tzte Lesezeit":"1\u00a0Minute"},"schema":{"@context":"https:\/\/schema.org","@graph":[{"@type":"WebPage","@id":"https:\/\/www.systechone.com\/dscsa-2023-stabilization-period-connections-and-credentials\/","url":"https:\/\/www.systechone.com\/dscsa-2023-stabilization-period-connections-and-credentials\/","name":"Webinar | DSCSA 2023 stabilization period - Systech","isPartOf":{"@id":"https:\/\/www.systechone.com\/#website"},"primaryImageOfPage":{"@id":"https:\/\/www.systechone.com\/dscsa-2023-stabilization-period-connections-and-credentials\/#primaryimage"},"image":{"@id":"https:\/\/www.systechone.com\/dscsa-2023-stabilization-period-connections-and-credentials\/#primaryimage"},"thumbnailUrl":"https:\/\/www.systechone.com\/wp-content\/uploads\/2025\/11\/spherity_georg-jurgens-round_200x200.jpg","datePublished":"2025-11-18T04:41:01+00:00","dateModified":"2025-11-18T19:57:56+00:00","description":"ON-DEMAND WEBINAR DSCSA 2023 stabilization period: Connections and credentials\u2014all key to getting this right The entirety of the drug manufacturing and","breadcrumb":{"@id":"https:\/\/www.systechone.com\/dscsa-2023-stabilization-period-connections-and-credentials\/#breadcrumb"},"inLanguage":"de","potentialAction":[{"@type":"ReadAction","target":["https:\/\/www.systechone.com\/dscsa-2023-stabilization-period-connections-and-credentials\/"]}]},{"@type":"ImageObject","inLanguage":"de","@id":"https:\/\/www.systechone.com\/dscsa-2023-stabilization-period-connections-and-credentials\/#primaryimage","url":"https:\/\/www.systechone.com\/wp-content\/uploads\/2025\/11\/spherity_georg-jurgens-round_200x200.jpg","contentUrl":"https:\/\/www.systechone.com\/wp-content\/uploads\/2025\/11\/spherity_georg-jurgens-round_200x200.jpg"},{"@type":"BreadcrumbList","@id":"https:\/\/www.systechone.com\/dscsa-2023-stabilization-period-connections-and-credentials\/#breadcrumb","itemListElement":[{"@type":"ListItem","position":1,"name":"Home","item":"https:\/\/www.systechone.com\/"},{"@type":"ListItem","position":2,"name":"Webinar | DSCSA 2023 stabilization period"}]},{"@type":"WebSite","@id":"https:\/\/www.systechone.com\/#website","url":"https:\/\/www.systechone.com\/","name":"Systech","description":"a solutions division of Markem-Imaje","publisher":{"@id":"https:\/\/www.systechone.com\/#organization"},"potentialAction":[{"@type":"SearchAction","target":{"@type":"EntryPoint","urlTemplate":"https:\/\/www.systechone.com\/?s={search_term_string}"},"query-input":{"@type":"PropertyValueSpecification","valueRequired":true,"valueName":"search_term_string"}}],"inLanguage":"de"},{"@type":"Organization","@id":"https:\/\/www.systechone.com\/#organization","name":"Systech International","url":"https:\/\/www.systechone.com\/","logo":{"@type":"ImageObject","inLanguage":"de","@id":"https:\/\/www.systechone.com\/#\/schema\/logo\/image\/","url":"https:\/\/www.systechone.com\/wp-content\/uploads\/2018\/04\/systech-logo.png","contentUrl":"https:\/\/www.systechone.com\/wp-content\/uploads\/2018\/04\/systech-logo.png","width":551,"height":124,"caption":"Systech International"},"image":{"@id":"https:\/\/www.systechone.com\/#\/schema\/logo\/image\/"},"sameAs":["https:\/\/www.facebook.com\/systechone\/","https:\/\/x.com\/systechone","https:\/\/www.linkedin.com\/company\/systech-international","https:\/\/www.youtube.com\/channel\/UC1fz6UKo5eMa1WxgVMGRhpA\/videos"]}]}},"_links":{"self":[{"href":"https:\/\/www.systechone.com\/de\/wp-json\/wp\/v2\/pages\/37008","targetHints":{"allow":["GET"]}}],"collection":[{"href":"https:\/\/www.systechone.com\/de\/wp-json\/wp\/v2\/pages"}],"about":[{"href":"https:\/\/www.systechone.com\/de\/wp-json\/wp\/v2\/types\/page"}],"author":[{"embeddable":true,"href":"https:\/\/www.systechone.com\/de\/wp-json\/wp\/v2\/users\/41"}],"replies":[{"embeddable":true,"href":"https:\/\/www.systechone.com\/de\/wp-json\/wp\/v2\/comments?post=37008"}],"version-history":[{"count":0,"href":"https:\/\/www.systechone.com\/de\/wp-json\/wp\/v2\/pages\/37008\/revisions"}],"wp:attachment":[{"href":"https:\/\/www.systechone.com\/de\/wp-json\/wp\/v2\/media?parent=37008"}],"curies":[{"name":"wp","href":"https:\/\/api.w.org\/{rel}","templated":true}]}}