{"id":36655,"date":"2025-11-17T06:28:00","date_gmt":"2025-11-17T11:28:00","guid":{"rendered":"https:\/\/staging.systech.ssdev.ca\/?page_id=36655"},"modified":"2025-11-18T22:52:32","modified_gmt":"2025-11-19T03:52:32","slug":"pharma-track-and-trace-benchmark-report","status":"publish","type":"page","link":"https:\/\/www.systechone.com\/de\/pharma-track-and-trace-benchmark-report\/","title":{"rendered":"PHARMA TRACK AND TRACE BENCHMARK REPORT"},"content":{"rendered":"<div data-elementor-type=\"wp-page\" data-elementor-id=\"36655\" class=\"elementor elementor-36655\" data-elementor-post-type=\"page\">\n\t\t\t\t<div data-dce-background-overlay-color=\"#22B8B0\" data-dce-background-image-url=\"https:\/\/www.systechone.com\/wp-content\/uploads\/2025\/11\/L4-serialization-benchmark_banner.png\" class=\"elementor-element elementor-element-c45c5ee e-flex e-con-boxed e-con e-parent\" data-id=\"c45c5ee\" data-element_type=\"container\" data-settings=\"{&quot;background_background&quot;:&quot;classic&quot;}\">\n\t\t\t\t\t<div class=\"e-con-inner\">\n\t\t<div class=\"elementor-element elementor-element-6c89efd e-con-full e-flex e-con e-child\" data-id=\"6c89efd\" data-element_type=\"container\">\n\t\t\t\t<div class=\"elementor-element elementor-element-1f28def elementor-widget elementor-widget-heading\" data-id=\"1f28def\" data-element_type=\"widget\" data-widget_type=\"heading.default\">\n\t\t\t\t<div class=\"elementor-widget-container\">\n\t\t\t\t\t<h6 class=\"elementor-heading-title elementor-size-default\">BENCHMARK-STUDIE\n<\/h6>\t\t\t\t<\/div>\n\t\t\t\t<\/div>\n\t\t\t\t<div class=\"elementor-element elementor-element-253b241 elementor-widget elementor-widget-heading\" data-id=\"253b241\" data-element_type=\"widget\" data-widget_type=\"heading.default\">\n\t\t\t\t<div class=\"elementor-widget-container\">\n\t\t\t\t\t<h1 class=\"elementor-heading-title elementor-size-default\">Wertsch\u00f6pfung durch Track &amp; Trace-L\u00f6sungen f\u00fcr die Lieferkette\n<\/h1>\t\t\t\t<\/div>\n\t\t\t\t<\/div>\n\t\t\t\t<div class=\"elementor-element elementor-element-9e3b872 elementor-widget elementor-widget-text-editor\" data-id=\"9e3b872\" data-element_type=\"widget\" data-widget_type=\"text-editor.default\">\n\t\t\t\t<div class=\"elementor-widget-container\">\n\t\t\t\t\t\t\t\t\t\u00dcber 100 Pharmaunternehmen wurden befragt, um die komplexen Herausforderungen der pharmazeutischen R\u00fcckverfolgbarkeit zu verstehen.\t\t\t\t\t\t\t\t<\/div>\n\t\t\t\t<\/div>\n\t\t\t\t<\/div>\n\t\t\t\t\t<\/div>\n\t\t\t\t<\/div>\n\t\t<div class=\"elementor-element elementor-element-b3c4743 e-flex e-con-boxed e-con e-parent\" data-id=\"b3c4743\" data-element_type=\"container\">\n\t\t\t\t\t<div class=\"e-con-inner\">\n\t\t<div class=\"elementor-element elementor-element-bbded74 e-con-full e-flex e-con e-child\" data-id=\"bbded74\" data-element_type=\"container\">\n\t\t\t\t<div class=\"elementor-element elementor-element-c3303bd elementor-widget elementor-widget-heading\" data-id=\"c3303bd\" data-element_type=\"widget\" data-widget_type=\"heading.default\">\n\t\t\t\t<div class=\"elementor-widget-container\">\n\t\t\t\t\t<h2 class=\"elementor-heading-title elementor-size-default\">Was da drin ist...\n<\/h2>\t\t\t\t<\/div>\n\t\t\t\t<\/div>\n\t\t\t\t<div class=\"elementor-element elementor-element-0af81b2 elementor-widget elementor-widget-text-editor\" data-id=\"0af81b2\" data-element_type=\"widget\" data-widget_type=\"text-editor.default\">\n\t\t\t\t<div class=\"elementor-widget-container\">\n\t\t\t\t\t\t\t\t\t<p>Lesen Sie diese aufschlussreiche Benchmark-Studie, um sich und Ihrem Team einen \u00dcberblick dar\u00fcber zu verschaffen, wie Track &amp; Trace-L\u00f6sungen in der Lieferkette Ihr Unternehmen heute und in Zukunft unterst\u00fctzen k\u00f6nnen.<\/p><p>Sie erhalten Zugang zu:<\/p><p><strong class=\"teal-text\">Wichtige Einblicke -\u00a0<\/strong>Trends und Herausforderungen auf dem Track &amp; Trace-Markt, mit denen Ihre Kollegen konfrontiert sind<strong>\u00a0<\/strong><\/p><p><strong class=\"teal-text\">Wichtigste Anliegen -\u00a0<\/strong>H\u00e4ufige Probleme wie Validierungsaufwand, manuelle Nacharbeit und versteckte Kosten<\/p><p><strong class=\"teal-text\">Benutzerpriorit\u00e4ten -<\/strong>\u00a0Wichtige Track &amp; Trace-Funktionen, die f\u00fcr Branchenf\u00fchrer von gr\u00f6\u00dfter Bedeutung sind<\/p>\t\t\t\t\t\t\t\t<\/div>\n\t\t\t\t<\/div>\n\t\t\t\t<div class=\"elementor-element elementor-element-893dc9a elementor-skin-coverflow elementor-arrows-yes elementor-pagination-type-bullets elementor-pagination-position-outside elementor-widget elementor-widget-media-carousel\" data-id=\"893dc9a\" data-element_type=\"widget\" data-settings=\"{&quot;skin&quot;:&quot;coverflow&quot;,&quot;slides_per_view&quot;:&quot;3&quot;,&quot;slides_to_scroll&quot;:&quot;1&quot;,&quot;show_arrows&quot;:&quot;yes&quot;,&quot;pagination&quot;:&quot;bullets&quot;,&quot;speed&quot;:500,&quot;loop&quot;:&quot;yes&quot;,&quot;space_between&quot;:{&quot;unit&quot;:&quot;px&quot;,&quot;size&quot;:10,&quot;sizes&quot;:[]},&quot;space_between_tablet&quot;:{&quot;unit&quot;:&quot;px&quot;,&quot;size&quot;:10,&quot;sizes&quot;:[]},&quot;space_between_mobile&quot;:{&quot;unit&quot;:&quot;px&quot;,&quot;size&quot;:10,&quot;sizes&quot;:[]}}\" data-widget_type=\"media-carousel.default\">\n\t\t\t\t<div class=\"elementor-widget-container\">\n\t\t\t\t\t\t\t\t\t<div class=\"elementor-swiper\">\n\t\t\t\t\t<div class=\"elementor-main-swiper swiper\" role=\"region\" aria-roledescription=\"carousel\" aria-label=\"Folien\">\n\t\t\t\t<div class=\"swiper-wrapper\">\n\t\t\t\t\t\t\t\t\t\t\t<div class=\"swiper-slide\" role=\"group\" aria-roledescription=\"slide\">\n\t\t\t\t\t\t\t\t\t<div class=\"elementor-carousel-image\" role=\"img\" aria-label=\"Benchmark-Bild 3\" style=\"background-image: url(&#039;https:\/\/www.systechone.com\/wp-content\/uploads\/2025\/11\/Benchmark-image-3.png&#039;)\">\n\n\t\t\t\n\t\t\t\t\t<\/div>\n\t\t\t\t\t\t\t\t<\/div>\n\t\t\t\t\t\t\t\t\t\t\t<div class=\"swiper-slide\" role=\"group\" aria-roledescription=\"slide\">\n\t\t\t\t\t\t\t\t\t<div class=\"elementor-carousel-image\" role=\"img\" aria-label=\"Benchmark-Bild 1\" style=\"background-image: url(&#039;https:\/\/www.systechone.com\/wp-content\/uploads\/2025\/11\/Benchmark-image-1-1.png&#039;)\">\n\n\t\t\t\n\t\t\t\t\t<\/div>\n\t\t\t\t\t\t\t\t<\/div>\n\t\t\t\t\t\t\t\t\t\t\t<div class=\"swiper-slide\" role=\"group\" aria-roledescription=\"slide\">\n\t\t\t\t\t\t\t\t\t<div class=\"elementor-carousel-image\" role=\"img\" aria-label=\"Benchmark-Bild 2\" style=\"background-image: url(&#039;https:\/\/www.systechone.com\/wp-content\/uploads\/2025\/11\/Benchmark-image-2.png&#039;)\">\n\n\t\t\t\n\t\t\t\t\t<\/div>\n\t\t\t\t\t\t\t\t<\/div>\n\t\t\t\t\t\t\t\t\t<\/div>\n\t\t\t\t\t\t\t\t\t\t\t\t\t\t\t<div class=\"elementor-swiper-button elementor-swiper-button-prev\" role=\"button\" tabindex=\"0\" aria-label=\"Voriger\">\n\t\t\t\t\t\t\t<i aria-hidden=\"true\" class=\"eicon-chevron-left\"><\/i>\t\t\t\t\t\t<\/div>\n\t\t\t\t\t\t<div class=\"elementor-swiper-button elementor-swiper-button-next\" role=\"button\" tabindex=\"0\" aria-label=\"N\u00e4chster\">\n\t\t\t\t\t\t\t<i aria-hidden=\"true\" class=\"eicon-chevron-right\"><\/i>\t\t\t\t\t\t<\/div>\n\t\t\t\t\t\t\t\t\t\t\t\t\t\t\t\t<div class=\"swiper-pagination\"><\/div>\n\t\t\t\t\t\t\t\t\t\t\t\t<\/div>\n\t\t\t\t<\/div>\n\t\t\t\t\t\t\t\t<\/div>\n\t\t\t\t<\/div>\n\t\t\t\t<\/div>\n\t\t<div class=\"elementor-element elementor-element-508bdab e-con-full e-flex e-con e-child\" data-id=\"508bdab\" data-element_type=\"container\">\n\t\t<div data-dce-background-color=\"#F2F2F4\" class=\"elementor-element elementor-element-b652c84 e-con-full e-flex e-con e-child\" data-id=\"b652c84\" data-element_type=\"container\" id=\"content-form\" data-settings=\"{&quot;background_background&quot;:&quot;classic&quot;}\">\n\t\t\t\t<div class=\"elementor-element elementor-element-b23d18f elementor-widget elementor-widget-heading\" data-id=\"b23d18f\" data-element_type=\"widget\" data-widget_type=\"heading.default\">\n\t\t\t\t<div class=\"elementor-widget-container\">\n\t\t\t\t\t<h4 class=\"elementor-heading-title elementor-size-default\">Laden Sie die ultimative Track &amp; Trace Benchmark-Studie herunter - 2025\n<\/h4>\t\t\t\t<\/div>\n\t\t\t\t<\/div>\n\t\t\t\t<div class=\"elementor-element elementor-element-8cd3bd7 elementor-widget elementor-widget-html\" data-id=\"8cd3bd7\" data-element_type=\"widget\" data-widget_type=\"html.default\">\n\t\t\t\t<div class=\"elementor-widget-container\">\n\t\t\t\t\t<script src=\"\/\/info.systechone.com\/js\/forms2\/js\/forms2.min.js\"><\/script> <form id=\"mktoForm_1071\" action=\"\"><input type=\"hidden\" name=\"trp-form-language\" value=\"de\"\/><\/form> <script>MktoForms2.loadForm(\"\/\/info.systechone.com\", \"304-PSB-492\", 1071);<\/script>\t\t\t\t<\/div>\n\t\t\t\t<\/div>\n\t\t\t\t<\/div>\n\t\t\t\t<\/div>\n\t\t\t\t\t<\/div>\n\t\t\t\t<\/div>\n\t\t<div class=\"elementor-element elementor-element-4baae67 e-flex e-con-boxed e-con e-parent\" data-id=\"4baae67\" data-element_type=\"container\">\n\t\t\t\t\t<div class=\"e-con-inner\">\n\t\t<div class=\"elementor-element elementor-element-5603ff2 e-con-full e-flex e-con e-child\" data-id=\"5603ff2\" data-element_type=\"container\">\n\t\t\t\t<div class=\"elementor-element elementor-element-df60ae4 elementor-widget elementor-widget-heading\" data-id=\"df60ae4\" data-element_type=\"widget\" data-widget_type=\"heading.default\">\n\t\t\t\t<div class=\"elementor-widget-container\">\n\t\t\t\t\t<h3 class=\"elementor-heading-title elementor-size-default\">Track &amp; Trace-L\u00f6sung der Wahl\n<\/h3>\t\t\t\t<\/div>\n\t\t\t\t<\/div>\n\t\t\t\t<div class=\"elementor-element elementor-element-a0b7dd5 elementor-widget elementor-widget-heading\" data-id=\"a0b7dd5\" data-element_type=\"widget\" data-widget_type=\"heading.default\">\n\t\t\t\t<div class=\"elementor-widget-container\">\n\t\t\t\t\t<h3 class=\"elementor-heading-title elementor-size-default\">f\u00fcr eine fr\u00fchzeitige Einhaltung der Vorschriften und rationalisierte Abl\u00e4ufe\n<\/h3>\t\t\t\t<\/div>\n\t\t\t\t<\/div>\n\t\t\t\t<\/div>\n\t\t<div class=\"elementor-element elementor-element-8772d53 e-con-full e-flex e-con e-child\" data-id=\"8772d53\" data-element_type=\"container\">\n\t\t\t\t<div class=\"elementor-element elementor-element-fd887cc elementor-widget elementor-widget-text-editor\" data-id=\"fd887cc\" data-element_type=\"widget\" data-widget_type=\"text-editor.default\">\n\t\t\t\t<div class=\"elementor-widget-container\">\n\t\t\t\t\t\t\t\t\t<p>\"Dank Systech werden unsere Produkte schneller verarbeitet und vertrieben, so dass wir Lieferverz\u00f6gerungen minimieren k\u00f6nnen, was in unserer Branche von entscheidender Bedeutung ist.\"<\/p>\t\t\t\t\t\t\t\t<\/div>\n\t\t\t\t<\/div>\n\t\t\t\t<div class=\"elementor-element elementor-element-ed199ae elementor-widget elementor-widget-text-editor\" data-id=\"ed199ae\" data-element_type=\"widget\" data-widget_type=\"text-editor.default\">\n\t\t\t\t<div class=\"elementor-widget-container\">\n\t\t\t\t\t\t\t\t\t<p>- Senior Manager f\u00fcr Technologie, Amici Pharmaceuticals<\/p>\t\t\t\t\t\t\t\t<\/div>\n\t\t\t\t<\/div>\n\t\t\t\t<\/div>\n\t\t\t\t\t<\/div>\n\t\t\t\t<\/div>\n\t\t<div class=\"elementor-element elementor-element-afbcf59 e-con-full e-flex e-con e-parent\" data-id=\"afbcf59\" data-element_type=\"container\">\n\t\t<div class=\"elementor-element elementor-element-1809019 e-flex e-con-boxed e-con e-child\" data-id=\"1809019\" data-element_type=\"container\">\n\t\t\t\t\t<div class=\"e-con-inner\">\n\t\t<div class=\"elementor-element elementor-element-ca7496a e-con-full e-flex e-con e-child\" data-id=\"ca7496a\" data-element_type=\"container\">\n\t\t\t\t<div class=\"elementor-element elementor-element-33e4da0 elementor-widget elementor-widget-heading\" data-id=\"33e4da0\" data-element_type=\"widget\" data-widget_type=\"heading.default\">\n\t\t\t\t<div class=\"elementor-widget-container\">\n\t\t\t\t\t<h2 class=\"elementor-heading-title elementor-size-default\">Der richtige Partner kann Sie einen Schritt weiter bringen\n<\/h2>\t\t\t\t<\/div>\n\t\t\t\t<\/div>\n\t\t\t\t<div class=\"elementor-element elementor-element-b6081b8 elementor-widget elementor-widget-text-editor\" data-id=\"b6081b8\" data-element_type=\"widget\" data-widget_type=\"text-editor.default\">\n\t\t\t\t<div class=\"elementor-widget-container\">\n\t\t\t\t\t\t\t\t\tUnsere Experten sind bereit, Sie bei der Bewertung Ihrer aktuellen Systeme zu unterst\u00fctzen, L\u00fccken zu ermitteln und die optimalen L\u00f6sungen f\u00fcr Ihr Unternehmen zu implementieren.\n\n\t\t\t\t\t\t\t\t<\/div>\n\t\t\t\t<\/div>\n\t\t\t\t<\/div>\n\t\t<div class=\"elementor-element elementor-element-8286457 e-con-full e-flex e-con e-child\" data-id=\"8286457\" data-element_type=\"container\">\n\t\t\t\t<div class=\"elementor-element elementor-element-b24104a elementor-widget elementor-widget-button\" data-id=\"b24104a\" data-element_type=\"widget\" data-widget_type=\"button.default\">\n\t\t\t\t<div class=\"elementor-widget-container\">\n\t\t\t\t\t\t\t\t\t<div class=\"elementor-button-wrapper\">\n\t\t\t\t\t<a class=\"elementor-button elementor-button-link elementor-size-sm\" href=\"#content-form\">\n\t\t\t\t\t\t<span class=\"elementor-button-content-wrapper\">\n\t\t\t\t\t\t\t\t\t<span class=\"elementor-button-text\">KONTAKTIEREN SIE UNS<\/span>\n\t\t\t\t\t<\/span>\n\t\t\t\t\t<\/a>\n\t\t\t\t<\/div>\n\t\t\t\t\t\t\t\t<\/div>\n\t\t\t\t<\/div>\n\t\t\t\t<\/div>\n\t\t\t\t\t<\/div>\n\t\t\t\t<\/div>\n\t\t\t\t<div class=\"elementor-element elementor-element-7bcd1ec elementor-absolute dce_masking-none elementor-widget elementor-widget-image\" data-id=\"7bcd1ec\" data-element_type=\"widget\" data-settings=\"{&quot;_position&quot;:&quot;absolute&quot;}\" data-widget_type=\"image.default\">\n\t\t\t\t<div class=\"elementor-widget-container\">\n\t\t\t\t\t\t\t\t\t\t\t\t\t\t\t<img loading=\"lazy\" decoding=\"async\" width=\"362\" height=\"139\" src=\"https:\/\/www.systechone.com\/wp-content\/uploads\/2025\/11\/top-left-line-graphic.svg\" class=\"attachment-large size-large wp-image-36497\" alt=\"\" \/>\t\t\t\t\t\t\t\t\t\t\t\t\t\t\t<\/div>\n\t\t\t\t<\/div>\n\t\t\t\t<div class=\"elementor-element elementor-element-9035051 elementor-absolute dce_masking-none elementor-widget elementor-widget-image\" data-id=\"9035051\" data-element_type=\"widget\" data-settings=\"{&quot;_position&quot;:&quot;absolute&quot;}\" data-widget_type=\"image.default\">\n\t\t\t\t<div class=\"elementor-widget-container\">\n\t\t\t\t\t\t\t\t\t\t\t\t\t\t\t<img loading=\"lazy\" decoding=\"async\" width=\"405\" height=\"113\" src=\"https:\/\/www.systechone.com\/wp-content\/uploads\/2025\/11\/bottom-right-line-graphic.svg\" class=\"attachment-large size-large wp-image-36496\" alt=\"\" \/>\t\t\t\t\t\t\t\t\t\t\t\t\t\t\t<\/div>\n\t\t\t\t<\/div>\n\t\t\t\t<\/div>\n\t\t\t\t<\/div>","protected":false},"excerpt":{"rendered":"<p>BENCHMARK STUDIE Den Wert von Track &amp; Trace-L\u00f6sungen in der Lieferkette freisetzen \u00dcber 100 Pharmaunternehmen wurden befragt, um die komplexen Herausforderungen der pharmazeutischen R\u00fcckverfolgbarkeit zu verstehen. Diese aufschlussreiche Benchmark-Studie verschafft Ihnen und Ihrem Team einen Vorsprung, wenn es darum geht, wie Supply-Chain-Track &amp; Trace-L\u00f6sungen Ihr Unternehmen heute und in Zukunft [...]<\/p>","protected":false},"author":41,"featured_media":0,"parent":0,"menu_order":0,"comment_status":"closed","ping_status":"closed","template":"","meta":{"_acf_changed":false,"footnotes":""},"class_list":["post-36655","page","type-page","status-publish","hentry"],"acf":[],"yoast_head":"<!-- This site is optimized with the Yoast SEO plugin v25.1 - https:\/\/yoast.com\/wordpress\/plugins\/seo\/ -->\n<title>PHARMA TRACK AND TRACE BENCHMARK REPORT - Systech<\/title>\n<meta name=\"description\" content=\"BENCHMARK STUDY Unlocking value in supply chain track &amp; trace solutions Over 100 pharma organizations were surveyed to understand the complex challenges\" \/>\n<meta name=\"robots\" content=\"index, follow, max-snippet:-1, max-image-preview:large, max-video-preview:-1\" \/>\n<link rel=\"canonical\" href=\"https:\/\/www.systechone.com\/de\/pharma-track-and-trace-benchmark-report\/\" \/>\n<meta property=\"og:locale\" content=\"de_DE\" \/>\n<meta property=\"og:type\" content=\"article\" \/>\n<meta property=\"og:title\" content=\"PHARMA TRACK AND TRACE BENCHMARK REPORT - Systech\" \/>\n<meta property=\"og:description\" content=\"BENCHMARK STUDY Unlocking value in supply chain track &amp; trace solutions Over 100 pharma organizations were surveyed to understand the complex challenges\" \/>\n<meta property=\"og:url\" content=\"https:\/\/www.systechone.com\/de\/pharma-track-and-trace-benchmark-report\/\" \/>\n<meta property=\"og:site_name\" content=\"Systech\" \/>\n<meta property=\"article:publisher\" content=\"https:\/\/www.facebook.com\/systechone\/\" \/>\n<meta property=\"article:modified_time\" content=\"2025-11-19T03:52:32+00:00\" \/>\n<meta name=\"twitter:card\" content=\"summary_large_image\" \/>\n<meta name=\"twitter:site\" content=\"@systechone\" \/>\n<meta name=\"twitter:label1\" content=\"Gesch\u00e4tzte Lesezeit\" \/>\n\t<meta name=\"twitter:data1\" content=\"2\u00a0Minuten\" \/>\n<script type=\"application\/ld+json\" class=\"yoast-schema-graph\">{\"@context\":\"https:\/\/schema.org\",\"@graph\":[{\"@type\":\"WebPage\",\"@id\":\"https:\/\/www.systechone.com\/pharma-track-and-trace-benchmark-report\/\",\"url\":\"https:\/\/www.systechone.com\/pharma-track-and-trace-benchmark-report\/\",\"name\":\"PHARMA TRACK AND TRACE BENCHMARK REPORT - Systech\",\"isPartOf\":{\"@id\":\"https:\/\/www.systechone.com\/#website\"},\"primaryImageOfPage\":{\"@id\":\"https:\/\/www.systechone.com\/pharma-track-and-trace-benchmark-report\/#primaryimage\"},\"image\":{\"@id\":\"https:\/\/www.systechone.com\/pharma-track-and-trace-benchmark-report\/#primaryimage\"},\"thumbnailUrl\":\"https:\/\/www.systechone.com\/wp-content\/uploads\/2025\/11\/top-left-line-graphic.svg\",\"datePublished\":\"2025-11-17T11:28:00+00:00\",\"dateModified\":\"2025-11-19T03:52:32+00:00\",\"description\":\"BENCHMARK STUDY Unlocking value in supply chain track & trace solutions Over 100 pharma organizations were surveyed to understand the complex challenges\",\"breadcrumb\":{\"@id\":\"https:\/\/www.systechone.com\/pharma-track-and-trace-benchmark-report\/#breadcrumb\"},\"inLanguage\":\"de\",\"potentialAction\":[{\"@type\":\"ReadAction\",\"target\":[\"https:\/\/www.systechone.com\/pharma-track-and-trace-benchmark-report\/\"]}]},{\"@type\":\"ImageObject\",\"inLanguage\":\"de\",\"@id\":\"https:\/\/www.systechone.com\/pharma-track-and-trace-benchmark-report\/#primaryimage\",\"url\":\"https:\/\/www.systechone.com\/wp-content\/uploads\/2025\/11\/top-left-line-graphic.svg\",\"contentUrl\":\"https:\/\/www.systechone.com\/wp-content\/uploads\/2025\/11\/top-left-line-graphic.svg\"},{\"@type\":\"BreadcrumbList\",\"@id\":\"https:\/\/www.systechone.com\/pharma-track-and-trace-benchmark-report\/#breadcrumb\",\"itemListElement\":[{\"@type\":\"ListItem\",\"position\":1,\"name\":\"Home\",\"item\":\"https:\/\/www.systechone.com\/\"},{\"@type\":\"ListItem\",\"position\":2,\"name\":\"PHARMA TRACK AND TRACE BENCHMARK REPORT\"}]},{\"@type\":\"WebSite\",\"@id\":\"https:\/\/www.systechone.com\/#website\",\"url\":\"https:\/\/www.systechone.com\/\",\"name\":\"Systech\",\"description\":\"a solutions division of Markem-Imaje\",\"publisher\":{\"@id\":\"https:\/\/www.systechone.com\/#organization\"},\"potentialAction\":[{\"@type\":\"SearchAction\",\"target\":{\"@type\":\"EntryPoint\",\"urlTemplate\":\"https:\/\/www.systechone.com\/?s={search_term_string}\"},\"query-input\":{\"@type\":\"PropertyValueSpecification\",\"valueRequired\":true,\"valueName\":\"search_term_string\"}}],\"inLanguage\":\"de\"},{\"@type\":\"Organization\",\"@id\":\"https:\/\/www.systechone.com\/#organization\",\"name\":\"Systech International\",\"url\":\"https:\/\/www.systechone.com\/\",\"logo\":{\"@type\":\"ImageObject\",\"inLanguage\":\"de\",\"@id\":\"https:\/\/www.systechone.com\/#\/schema\/logo\/image\/\",\"url\":\"https:\/\/www.systechone.com\/wp-content\/uploads\/2018\/04\/systech-logo.png\",\"contentUrl\":\"https:\/\/www.systechone.com\/wp-content\/uploads\/2018\/04\/systech-logo.png\",\"width\":551,\"height\":124,\"caption\":\"Systech International\"},\"image\":{\"@id\":\"https:\/\/www.systechone.com\/#\/schema\/logo\/image\/\"},\"sameAs\":[\"https:\/\/www.facebook.com\/systechone\/\",\"https:\/\/x.com\/systechone\",\"https:\/\/www.linkedin.com\/company\/systech-international\",\"https:\/\/www.youtube.com\/channel\/UC1fz6UKo5eMa1WxgVMGRhpA\/videos\"]}]}<\/script>\n<!-- \/ Yoast SEO plugin. -->","yoast_head_json":{"title":"PHARMA TRACK AND TRACE BENCHMARK REPORT - Systech","description":"BENCHMARK STUDY Unlocking value in supply chain track & trace solutions Over 100 pharma organizations were surveyed to understand the complex challenges","robots":{"index":"index","follow":"follow","max-snippet":"max-snippet:-1","max-image-preview":"max-image-preview:large","max-video-preview":"max-video-preview:-1"},"canonical":"https:\/\/www.systechone.com\/de\/pharma-track-and-trace-benchmark-report\/","og_locale":"de_DE","og_type":"article","og_title":"PHARMA TRACK AND TRACE BENCHMARK REPORT - Systech","og_description":"BENCHMARK STUDY Unlocking value in supply chain track & trace solutions Over 100 pharma organizations were surveyed to understand the complex challenges","og_url":"https:\/\/www.systechone.com\/de\/pharma-track-and-trace-benchmark-report\/","og_site_name":"Systech","article_publisher":"https:\/\/www.facebook.com\/systechone\/","article_modified_time":"2025-11-19T03:52:32+00:00","twitter_card":"summary_large_image","twitter_site":"@systechone","twitter_misc":{"Gesch\u00e4tzte Lesezeit":"2\u00a0Minuten"},"schema":{"@context":"https:\/\/schema.org","@graph":[{"@type":"WebPage","@id":"https:\/\/www.systechone.com\/pharma-track-and-trace-benchmark-report\/","url":"https:\/\/www.systechone.com\/pharma-track-and-trace-benchmark-report\/","name":"PHARMA TRACK AND TRACE BENCHMARK REPORT - Systech","isPartOf":{"@id":"https:\/\/www.systechone.com\/#website"},"primaryImageOfPage":{"@id":"https:\/\/www.systechone.com\/pharma-track-and-trace-benchmark-report\/#primaryimage"},"image":{"@id":"https:\/\/www.systechone.com\/pharma-track-and-trace-benchmark-report\/#primaryimage"},"thumbnailUrl":"https:\/\/www.systechone.com\/wp-content\/uploads\/2025\/11\/top-left-line-graphic.svg","datePublished":"2025-11-17T11:28:00+00:00","dateModified":"2025-11-19T03:52:32+00:00","description":"BENCHMARK STUDY Unlocking value in supply chain track & trace solutions Over 100 pharma organizations were surveyed to understand the complex challenges","breadcrumb":{"@id":"https:\/\/www.systechone.com\/pharma-track-and-trace-benchmark-report\/#breadcrumb"},"inLanguage":"de","potentialAction":[{"@type":"ReadAction","target":["https:\/\/www.systechone.com\/pharma-track-and-trace-benchmark-report\/"]}]},{"@type":"ImageObject","inLanguage":"de","@id":"https:\/\/www.systechone.com\/pharma-track-and-trace-benchmark-report\/#primaryimage","url":"https:\/\/www.systechone.com\/wp-content\/uploads\/2025\/11\/top-left-line-graphic.svg","contentUrl":"https:\/\/www.systechone.com\/wp-content\/uploads\/2025\/11\/top-left-line-graphic.svg"},{"@type":"BreadcrumbList","@id":"https:\/\/www.systechone.com\/pharma-track-and-trace-benchmark-report\/#breadcrumb","itemListElement":[{"@type":"ListItem","position":1,"name":"Home","item":"https:\/\/www.systechone.com\/"},{"@type":"ListItem","position":2,"name":"PHARMA TRACK AND TRACE BENCHMARK REPORT"}]},{"@type":"WebSite","@id":"https:\/\/www.systechone.com\/#website","url":"https:\/\/www.systechone.com\/","name":"Systech","description":"a solutions division of Markem-Imaje","publisher":{"@id":"https:\/\/www.systechone.com\/#organization"},"potentialAction":[{"@type":"SearchAction","target":{"@type":"EntryPoint","urlTemplate":"https:\/\/www.systechone.com\/?s={search_term_string}"},"query-input":{"@type":"PropertyValueSpecification","valueRequired":true,"valueName":"search_term_string"}}],"inLanguage":"de"},{"@type":"Organization","@id":"https:\/\/www.systechone.com\/#organization","name":"Systech International","url":"https:\/\/www.systechone.com\/","logo":{"@type":"ImageObject","inLanguage":"de","@id":"https:\/\/www.systechone.com\/#\/schema\/logo\/image\/","url":"https:\/\/www.systechone.com\/wp-content\/uploads\/2018\/04\/systech-logo.png","contentUrl":"https:\/\/www.systechone.com\/wp-content\/uploads\/2018\/04\/systech-logo.png","width":551,"height":124,"caption":"Systech International"},"image":{"@id":"https:\/\/www.systechone.com\/#\/schema\/logo\/image\/"},"sameAs":["https:\/\/www.facebook.com\/systechone\/","https:\/\/x.com\/systechone","https:\/\/www.linkedin.com\/company\/systech-international","https:\/\/www.youtube.com\/channel\/UC1fz6UKo5eMa1WxgVMGRhpA\/videos"]}]}},"_links":{"self":[{"href":"https:\/\/www.systechone.com\/de\/wp-json\/wp\/v2\/pages\/36655","targetHints":{"allow":["GET"]}}],"collection":[{"href":"https:\/\/www.systechone.com\/de\/wp-json\/wp\/v2\/pages"}],"about":[{"href":"https:\/\/www.systechone.com\/de\/wp-json\/wp\/v2\/types\/page"}],"author":[{"embeddable":true,"href":"https:\/\/www.systechone.com\/de\/wp-json\/wp\/v2\/users\/41"}],"replies":[{"embeddable":true,"href":"https:\/\/www.systechone.com\/de\/wp-json\/wp\/v2\/comments?post=36655"}],"version-history":[{"count":14,"href":"https:\/\/www.systechone.com\/de\/wp-json\/wp\/v2\/pages\/36655\/revisions"}],"predecessor-version":[{"id":37712,"href":"https:\/\/www.systechone.com\/de\/wp-json\/wp\/v2\/pages\/36655\/revisions\/37712"}],"wp:attachment":[{"href":"https:\/\/www.systechone.com\/de\/wp-json\/wp\/v2\/media?parent=36655"}],"curies":[{"name":"wp","href":"https:\/\/api.w.org\/{rel}","templated":true}]}}