{"id":361,"date":"2018-03-27T16:43:43","date_gmt":"2018-03-27T16:43:43","guid":{"rendered":"https:\/\/www.systechone.com\/?page_id=361"},"modified":"2025-08-21T14:48:34","modified_gmt":"2025-08-21T18:48:34","slug":"global-services","status":"publish","type":"page","link":"https:\/\/www.systechone.com\/de\/about\/centers-of-excellence\/global-services\/","title":{"rendered":"Globale Dienste"},"content":{"rendered":"<div data-elementor-type=\"wp-page\" data-elementor-id=\"361\" class=\"elementor elementor-361\" data-elementor-post-type=\"page\">\n\t\t\t\t<div data-dce-background-color=\"#54585926\" class=\"elementor-element elementor-element-cf5c978 e-flex e-con-boxed e-con e-parent\" data-id=\"cf5c978\" data-element_type=\"container\" data-settings=\"{&quot;background_background&quot;:&quot;classic&quot;}\">\n\t\t\t\t\t<div class=\"e-con-inner\">\n\t\t<div class=\"elementor-element elementor-element-128be29 e-con-full e-flex e-con e-parent\" data-id=\"128be29\" data-element_type=\"container\" data-settings=\"{&quot;background_background&quot;:&quot;classic&quot;}\">\n\t\t\t\t<div class=\"elementor-element elementor-element-19dd038 elementor-absolute elementor-hidden-mobile elementor-hidden-desktop elementor-hidden-tablet elementor-widget elementor-widget-global elementor-global-19140 elementor-widget-breadcrumbs\" data-id=\"19dd038\" data-element_type=\"widget\" data-settings=\"{&quot;_position&quot;:&quot;absolute&quot;}\" data-widget_type=\"breadcrumbs.default\">\n\t\t\t\t<div class=\"elementor-widget-container\">\n\t\t\t\t\t<p id=\"breadcrumbs\"><span><span><a href=\"https:\/\/www.systechone.com\/de\/\">Zuhause<\/a><\/span><\/span><\/p>\t\t\t\t<\/div>\n\t\t\t\t<\/div>\n\t\t\t\t<div class=\"elementor-element elementor-element-95183d3 elementor-widget elementor-widget-heading\" data-id=\"95183d3\" data-element_type=\"widget\" data-widget_type=\"heading.default\">\n\t\t\t\t<div class=\"elementor-widget-container\">\n\t\t\t\t\t<h1 class=\"elementor-heading-title elementor-size-default\">Professionelle Dienstleistungen<\/h1>\t\t\t\t<\/div>\n\t\t\t\t<\/div>\n\t\t\t\t<div class=\"elementor-element elementor-element-b20fc27 elementor-widget elementor-widget-text-editor\" data-id=\"b20fc27\" data-element_type=\"widget\" data-widget_type=\"text-editor.default\">\n\t\t\t\t<div class=\"elementor-widget-container\">\n\t\t\t\t\t\t\t\t\t<p>Mit Ressourcen in verschiedenen Regionen der Welt unterst\u00fctzen die Teams von Systech lokale und professionelle Implementierungen unserer bew\u00e4hrten Vision-, Serialisierungs-, Track-and-Trace-, Anti-Counterfeiting- und Authentifizierungsl\u00f6sungen.<\/p>\t\t\t\t\t\t\t\t<\/div>\n\t\t\t\t<\/div>\n\t\t\t\t<\/div>\n\t\t<div data-dce-background-image-url=\"https:\/\/www.systechone.com\/wp-content\/uploads\/2023\/09\/line-element.svg\" class=\"elementor-element elementor-element-3f0e8e3 e-con-full elementor-hidden-tablet elementor-hidden-mobile e-flex e-con e-parent\" data-id=\"3f0e8e3\" data-element_type=\"container\" data-settings=\"{&quot;background_background&quot;:&quot;classic&quot;,&quot;position&quot;:&quot;absolute&quot;}\">\n\t\t\t\t<\/div>\n\t\t\t\t\t<\/div>\n\t\t\t\t<\/div>\n\t\t<div class=\"elementor-element elementor-element-282b9f5 e-flex e-con-boxed e-con e-parent\" data-id=\"282b9f5\" data-element_type=\"container\">\n\t\t\t\t\t<div class=\"e-con-inner\">\n\t\t<div class=\"elementor-element elementor-element-b905c71 e-con-full e-flex e-con e-parent\" data-id=\"b905c71\" data-element_type=\"container\">\n\t\t\t\t<div class=\"elementor-element elementor-element-0ef2053 elementor-widget elementor-widget-heading\" data-id=\"0ef2053\" data-element_type=\"widget\" data-widget_type=\"heading.default\">\n\t\t\t\t<div class=\"elementor-widget-container\">\n\t\t\t\t\t<h3 class=\"elementor-heading-title elementor-size-default\">Fachliche Kompetenz<\/h3>\t\t\t\t<\/div>\n\t\t\t\t<\/div>\n\t\t\t\t<div class=\"elementor-element elementor-element-3553f30 elementor-widget elementor-widget-text-editor\" data-id=\"3553f30\" data-element_type=\"widget\" data-widget_type=\"text-editor.default\">\n\t\t\t\t<div class=\"elementor-widget-container\">\n\t\t\t\t\t\t\t\t\t<p>Mit mehr als 35 Jahren Erfahrung und patentierter Technologie haben wir eine umfassende Bibliothek von vorgefertigten, standardisierten Implementierungsmodulen und Dokumentationen entwickelt.<\/p><p>Unsere zertifizierten Fachleute implementieren L\u00f6sungen der Stufen 1 bis 5, die den gesetzlichen Vorschriften entsprechen, und sorgen f\u00fcr eine schnelle, konsistente Bereitstellung, die den individuellen Serialisierungs- und Verpackungsanforderungen eines jeden Projekts gerecht wird.\u00a0<\/p>\t\t\t\t\t\t\t\t<\/div>\n\t\t\t\t<\/div>\n\t\t\t\t<\/div>\n\t\t<div class=\"elementor-element elementor-element-9e2d134 e-con-full e-flex e-con e-parent\" data-id=\"9e2d134\" data-element_type=\"container\">\n\t\t\t\t<div class=\"elementor-element elementor-element-9b2e306 elementor-widget elementor-widget-heading\" data-id=\"9b2e306\" data-element_type=\"widget\" data-widget_type=\"heading.default\">\n\t\t\t\t<div class=\"elementor-widget-container\">\n\t\t\t\t\t<h3 class=\"elementor-heading-title elementor-size-default\">Testen Sie Ihre L\u00f6sung<\/h3>\t\t\t\t<\/div>\n\t\t\t\t<\/div>\n\t\t\t\t<div class=\"elementor-element elementor-element-d43a39a elementor-widget elementor-widget-text-editor\" data-id=\"d43a39a\" data-element_type=\"widget\" data-widget_type=\"text-editor.default\">\n\t\t\t\t<div class=\"elementor-widget-container\">\n\t\t\t\t\t\t\t\t\t<p>Mit Hilfe von Testlabors in unseren Einrichtungen k\u00f6nnen unsere Kunden die g\u00e4ngigsten Konfigurationen von Serialisierungslinien und Verpackungsanwendungen simulieren und testen.<\/p><p>W\u00e4hrend dieses Simulationsprozesses k\u00f6nnen die Benutzer betriebliche Probleme angehen und \u00fcberpr\u00fcfen, ob ihre gew\u00fcnschte Konfiguration tats\u00e4chlich ihren Anforderungen entspricht, bevor sie eine geplante Implementierung durchf\u00fchren.<\/p>\t\t\t\t\t\t\t\t<\/div>\n\t\t\t\t<\/div>\n\t\t\t\t<\/div>\n\t\t\t\t\t<\/div>\n\t\t\t\t<\/div>\n\t\t<div class=\"elementor-element elementor-element-3bd59ae e-flex e-con-boxed e-con e-parent\" data-id=\"3bd59ae\" data-element_type=\"container\">\n\t\t\t\t\t<div class=\"e-con-inner\">\n\t\t<div class=\"elementor-element elementor-element-94158a6 e-con-full e-flex e-con e-parent\" data-id=\"94158a6\" data-element_type=\"container\">\n\t\t\t\t<div class=\"elementor-element elementor-element-0b04234 elementor-widget elementor-widget-heading\" data-id=\"0b04234\" data-element_type=\"widget\" data-widget_type=\"heading.default\">\n\t\t\t\t<div class=\"elementor-widget-container\">\n\t\t\t\t\t<h3 class=\"elementor-heading-title elementor-size-default\">Professionelle Validierungsdienste<\/h3>\t\t\t\t<\/div>\n\t\t\t\t<\/div>\n\t\t\t\t<div class=\"elementor-element elementor-element-199d470 elementor-widget elementor-widget-text-editor\" data-id=\"199d470\" data-element_type=\"widget\" data-widget_type=\"text-editor.default\">\n\t\t\t\t<div class=\"elementor-widget-container\">\n\t\t\t\t\t\t\t\t\t<p>Unser Team ist erfahren in der Erstellung von Validierungsdokumentation, um Systech-Testskripte in die einzigartigen Validierungsvorlagen Ihrer Installation zu integrieren, einschlie\u00dflich:<\/p><ul><li>Validierungsmasterplan (VMP)<\/li><li>Funktionelle Risikobewertung (FRA)<\/li><li>Installationsqualifizierung (IQ)<\/li><li>Operative Qualifizierung (OQ)<\/li><li>Leistungsqualifizierung (PQ)<\/li><li>Anforderungsnachvollziehbarkeitsmatrix (RTM)<\/li><\/ul>\t\t\t\t\t\t\t\t<\/div>\n\t\t\t\t<\/div>\n\t\t\t\t<\/div>\n\t\t<div class=\"elementor-element elementor-element-fd5503d e-con-full e-flex e-con e-parent\" data-id=\"fd5503d\" data-element_type=\"container\">\n\t\t\t\t<div class=\"elementor-element elementor-element-1a87fbf elementor-widget elementor-widget-heading\" data-id=\"1a87fbf\" data-element_type=\"widget\" data-widget_type=\"heading.default\">\n\t\t\t\t<div class=\"elementor-widget-container\">\n\t\t\t\t\t<h3 class=\"elementor-heading-title elementor-size-default\">Flexible Upgrade-Programme<\/h3>\t\t\t\t<\/div>\n\t\t\t\t<\/div>\n\t\t\t\t<div class=\"elementor-element elementor-element-f045642 elementor-widget elementor-widget-text-editor\" data-id=\"f045642\" data-element_type=\"widget\" data-widget_type=\"text-editor.default\">\n\t\t\t\t<div class=\"elementor-widget-container\">\n\t\t\t\t\t\t\t\t\t<p>Die Aufr\u00fcstung von Produktionsanlagen kann zwar eine Herausforderung sein, ist aber notwendig, um fortschrittliche Funktionen zu erhalten und eine optimale Leistung zu gew\u00e4hrleisten.\u00a0<\/p><p>Wir vereinfachen diesen Prozess, indem wir die Anzahl der von uns eingef\u00fchrten \u00c4nderungen minimieren und flexible M\u00f6glichkeiten zur Reduzierung von Kosten, Risiken und Ausfallzeiten bei der Aufr\u00fcstung bestehender Hardware und Software anbieten.<\/p>\t\t\t\t\t\t\t\t<\/div>\n\t\t\t\t<\/div>\n\t\t\t\t<\/div>\n\t\t\t\t\t<\/div>\n\t\t\t\t<\/div>\n\t\t\t\t<\/div>","protected":false},"excerpt":{"rendered":"<p>Professionelle Dienstleistungen Mit Ressourcen in verschiedenen Regionen der Welt unterst\u00fctzen die Teams von Systech lokale und professionelle Implementierungen unserer bew\u00e4hrten Vision-, Serialisierungs-, Track-and-Trace-, Anti-Counterfieting- und Authentifizierungsl\u00f6sungen. Fachliche Kompetenz Mit mehr als 35 Jahren Erfahrung und patentierter Technologie haben wir eine umfassende Bibliothek von vorgefertigten, standardisierten Implementierungsmodulen und Dokumentationen entwickelt. Unsere zertifizierten Fachleute implementieren [...]<\/p>","protected":false},"author":9,"featured_media":0,"parent":4841,"menu_order":0,"comment_status":"closed","ping_status":"closed","template":"","meta":{"_acf_changed":false,"footnotes":""},"class_list":["post-361","page","type-page","status-publish","hentry"],"acf":[],"yoast_head":"<!-- This site is optimized with the Yoast SEO plugin v25.1 - https:\/\/yoast.com\/wordpress\/plugins\/seo\/ -->\n<title>Authentication Solutions | Global Services<\/title>\n<meta name=\"description\" content=\"Our authentication solutions support 250 serialization workflows\" \/>\n<meta name=\"robots\" content=\"index, follow, max-snippet:-1, max-image-preview:large, max-video-preview:-1\" \/>\n<link rel=\"canonical\" href=\"https:\/\/www.systechone.com\/de\/about\/centers-of-excellence\/global-services\/\" \/>\n<meta property=\"og:locale\" content=\"de_DE\" \/>\n<meta property=\"og:type\" content=\"article\" \/>\n<meta property=\"og:title\" content=\"Authentication Solutions | Global Services\" \/>\n<meta property=\"og:description\" content=\"Our authentication solutions support 250 serialization workflows\" \/>\n<meta property=\"og:url\" content=\"https:\/\/www.systechone.com\/de\/about\/centers-of-excellence\/global-services\/\" \/>\n<meta property=\"og:site_name\" content=\"Systech\" \/>\n<meta property=\"article:publisher\" content=\"https:\/\/www.facebook.com\/systechone\/\" \/>\n<meta property=\"article:modified_time\" content=\"2025-08-21T18:48:34+00:00\" \/>\n<meta name=\"twitter:card\" content=\"summary_large_image\" \/>\n<meta name=\"twitter:site\" content=\"@systechone\" \/>\n<meta name=\"twitter:label1\" content=\"Gesch\u00e4tzte Lesezeit\" \/>\n\t<meta name=\"twitter:data1\" content=\"1\u00a0Minute\" \/>\n<script type=\"application\/ld+json\" class=\"yoast-schema-graph\">{\"@context\":\"https:\/\/schema.org\",\"@graph\":[{\"@type\":\"WebPage\",\"@id\":\"https:\/\/www.systechone.com\/about\/centers-of-excellence\/global-services\/\",\"url\":\"https:\/\/www.systechone.com\/about\/centers-of-excellence\/global-services\/\",\"name\":\"Authentication Solutions | Global Services\",\"isPartOf\":{\"@id\":\"https:\/\/www.systechone.com\/#website\"},\"datePublished\":\"2018-03-27T16:43:43+00:00\",\"dateModified\":\"2025-08-21T18:48:34+00:00\",\"description\":\"Our authentication solutions support 250 serialization workflows\",\"breadcrumb\":{\"@id\":\"https:\/\/www.systechone.com\/about\/centers-of-excellence\/global-services\/#breadcrumb\"},\"inLanguage\":\"de\",\"potentialAction\":[{\"@type\":\"ReadAction\",\"target\":[\"https:\/\/www.systechone.com\/about\/centers-of-excellence\/global-services\/\"]}]},{\"@type\":\"BreadcrumbList\",\"@id\":\"https:\/\/www.systechone.com\/about\/centers-of-excellence\/global-services\/#breadcrumb\",\"itemListElement\":[{\"@type\":\"ListItem\",\"position\":1,\"name\":\"Home\",\"item\":\"https:\/\/www.systechone.com\/\"},{\"@type\":\"ListItem\",\"position\":2,\"name\":\"About\",\"item\":\"https:\/\/www.systechone.com\/about\/\"},{\"@type\":\"ListItem\",\"position\":3,\"name\":\"Centers of Excellence\",\"item\":\"https:\/\/www.systechone.com\/about\/centers-of-excellence\/\"},{\"@type\":\"ListItem\",\"position\":4,\"name\":\"Global Services\"}]},{\"@type\":\"WebSite\",\"@id\":\"https:\/\/www.systechone.com\/#website\",\"url\":\"https:\/\/www.systechone.com\/\",\"name\":\"Systech\",\"description\":\"a solutions division of Markem-Imaje\",\"publisher\":{\"@id\":\"https:\/\/www.systechone.com\/#organization\"},\"potentialAction\":[{\"@type\":\"SearchAction\",\"target\":{\"@type\":\"EntryPoint\",\"urlTemplate\":\"https:\/\/www.systechone.com\/?s={search_term_string}\"},\"query-input\":{\"@type\":\"PropertyValueSpecification\",\"valueRequired\":true,\"valueName\":\"search_term_string\"}}],\"inLanguage\":\"de\"},{\"@type\":\"Organization\",\"@id\":\"https:\/\/www.systechone.com\/#organization\",\"name\":\"Systech International\",\"url\":\"https:\/\/www.systechone.com\/\",\"logo\":{\"@type\":\"ImageObject\",\"inLanguage\":\"de\",\"@id\":\"https:\/\/www.systechone.com\/#\/schema\/logo\/image\/\",\"url\":\"https:\/\/www.systechone.com\/wp-content\/uploads\/2018\/04\/systech-logo.png\",\"contentUrl\":\"https:\/\/www.systechone.com\/wp-content\/uploads\/2018\/04\/systech-logo.png\",\"width\":551,\"height\":124,\"caption\":\"Systech International\"},\"image\":{\"@id\":\"https:\/\/www.systechone.com\/#\/schema\/logo\/image\/\"},\"sameAs\":[\"https:\/\/www.facebook.com\/systechone\/\",\"https:\/\/x.com\/systechone\",\"https:\/\/www.linkedin.com\/company\/systech-international\",\"https:\/\/www.youtube.com\/channel\/UC1fz6UKo5eMa1WxgVMGRhpA\/videos\"]}]}<\/script>\n<!-- \/ Yoast SEO plugin. -->","yoast_head_json":{"title":"Authentication Solutions | Global Services","description":"Our authentication solutions support 250 serialization workflows","robots":{"index":"index","follow":"follow","max-snippet":"max-snippet:-1","max-image-preview":"max-image-preview:large","max-video-preview":"max-video-preview:-1"},"canonical":"https:\/\/www.systechone.com\/de\/about\/centers-of-excellence\/global-services\/","og_locale":"de_DE","og_type":"article","og_title":"Authentication Solutions | Global Services","og_description":"Our authentication solutions support 250 serialization workflows","og_url":"https:\/\/www.systechone.com\/de\/about\/centers-of-excellence\/global-services\/","og_site_name":"Systech","article_publisher":"https:\/\/www.facebook.com\/systechone\/","article_modified_time":"2025-08-21T18:48:34+00:00","twitter_card":"summary_large_image","twitter_site":"@systechone","twitter_misc":{"Gesch\u00e4tzte Lesezeit":"1\u00a0Minute"},"schema":{"@context":"https:\/\/schema.org","@graph":[{"@type":"WebPage","@id":"https:\/\/www.systechone.com\/about\/centers-of-excellence\/global-services\/","url":"https:\/\/www.systechone.com\/about\/centers-of-excellence\/global-services\/","name":"Authentication Solutions | Global Services","isPartOf":{"@id":"https:\/\/www.systechone.com\/#website"},"datePublished":"2018-03-27T16:43:43+00:00","dateModified":"2025-08-21T18:48:34+00:00","description":"Our authentication solutions support 250 serialization workflows","breadcrumb":{"@id":"https:\/\/www.systechone.com\/about\/centers-of-excellence\/global-services\/#breadcrumb"},"inLanguage":"de","potentialAction":[{"@type":"ReadAction","target":["https:\/\/www.systechone.com\/about\/centers-of-excellence\/global-services\/"]}]},{"@type":"BreadcrumbList","@id":"https:\/\/www.systechone.com\/about\/centers-of-excellence\/global-services\/#breadcrumb","itemListElement":[{"@type":"ListItem","position":1,"name":"Home","item":"https:\/\/www.systechone.com\/"},{"@type":"ListItem","position":2,"name":"About","item":"https:\/\/www.systechone.com\/about\/"},{"@type":"ListItem","position":3,"name":"Centers of Excellence","item":"https:\/\/www.systechone.com\/about\/centers-of-excellence\/"},{"@type":"ListItem","position":4,"name":"Global Services"}]},{"@type":"WebSite","@id":"https:\/\/www.systechone.com\/#website","url":"https:\/\/www.systechone.com\/","name":"Systech","description":"a solutions division of Markem-Imaje","publisher":{"@id":"https:\/\/www.systechone.com\/#organization"},"potentialAction":[{"@type":"SearchAction","target":{"@type":"EntryPoint","urlTemplate":"https:\/\/www.systechone.com\/?s={search_term_string}"},"query-input":{"@type":"PropertyValueSpecification","valueRequired":true,"valueName":"search_term_string"}}],"inLanguage":"de"},{"@type":"Organization","@id":"https:\/\/www.systechone.com\/#organization","name":"Systech International","url":"https:\/\/www.systechone.com\/","logo":{"@type":"ImageObject","inLanguage":"de","@id":"https:\/\/www.systechone.com\/#\/schema\/logo\/image\/","url":"https:\/\/www.systechone.com\/wp-content\/uploads\/2018\/04\/systech-logo.png","contentUrl":"https:\/\/www.systechone.com\/wp-content\/uploads\/2018\/04\/systech-logo.png","width":551,"height":124,"caption":"Systech International"},"image":{"@id":"https:\/\/www.systechone.com\/#\/schema\/logo\/image\/"},"sameAs":["https:\/\/www.facebook.com\/systechone\/","https:\/\/x.com\/systechone","https:\/\/www.linkedin.com\/company\/systech-international","https:\/\/www.youtube.com\/channel\/UC1fz6UKo5eMa1WxgVMGRhpA\/videos"]}]}},"_links":{"self":[{"href":"https:\/\/www.systechone.com\/de\/wp-json\/wp\/v2\/pages\/361","targetHints":{"allow":["GET"]}}],"collection":[{"href":"https:\/\/www.systechone.com\/de\/wp-json\/wp\/v2\/pages"}],"about":[{"href":"https:\/\/www.systechone.com\/de\/wp-json\/wp\/v2\/types\/page"}],"author":[{"embeddable":true,"href":"https:\/\/www.systechone.com\/de\/wp-json\/wp\/v2\/users\/9"}],"replies":[{"embeddable":true,"href":"https:\/\/www.systechone.com\/de\/wp-json\/wp\/v2\/comments?post=361"}],"version-history":[{"count":0,"href":"https:\/\/www.systechone.com\/de\/wp-json\/wp\/v2\/pages\/361\/revisions"}],"up":[{"embeddable":true,"href":"https:\/\/www.systechone.com\/de\/wp-json\/wp\/v2\/pages\/4841"}],"wp:attachment":[{"href":"https:\/\/www.systechone.com\/de\/wp-json\/wp\/v2\/media?parent=361"}],"curies":[{"name":"wp","href":"https:\/\/api.w.org\/{rel}","templated":true}]}}