{"id":23775,"date":"2024-03-11T12:12:25","date_gmt":"2024-03-11T16:12:25","guid":{"rendered":"https:\/\/www.systechone.com\/?page_id=23775"},"modified":"2025-06-25T16:01:09","modified_gmt":"2025-06-25T20:01:09","slug":"acquisition","status":"publish","type":"page","link":"https:\/\/www.systechone.com\/de\/acquisition\/","title":{"rendered":"PCE ist jetzt Teil von Systech!"},"content":{"rendered":"<div data-elementor-type=\"wp-page\" data-elementor-id=\"23775\" class=\"elementor elementor-23775\" data-elementor-post-type=\"page\">\n\t\t\t\t<div data-dce-background-color=\"#54585926\" class=\"elementor-element elementor-element-e85bc7b e-flex e-con-boxed e-con e-parent\" data-id=\"e85bc7b\" data-element_type=\"container\" data-settings=\"{&quot;background_background&quot;:&quot;classic&quot;}\">\n\t\t\t\t\t<div class=\"e-con-inner\">\n\t\t<div class=\"elementor-element elementor-element-6e66251 e-con-full e-flex e-con e-child\" data-id=\"6e66251\" data-element_type=\"container\" data-settings=\"{&quot;background_background&quot;:&quot;classic&quot;}\">\n\t\t\t\t<div class=\"elementor-element elementor-element-5b4c3fb elementor-absolute elementor-hidden-mobile elementor-hidden-desktop elementor-hidden-tablet elementor-widget elementor-widget-global elementor-global-19140 elementor-widget-breadcrumbs\" data-id=\"5b4c3fb\" data-element_type=\"widget\" data-settings=\"{&quot;_position&quot;:&quot;absolute&quot;}\" data-widget_type=\"breadcrumbs.default\">\n\t\t\t\t<div class=\"elementor-widget-container\">\n\t\t\t\t\t<p id=\"breadcrumbs\"><span><span><a href=\"https:\/\/www.systechone.com\/de\/\">Zuhause<\/a><\/span><\/span><\/p>\t\t\t\t<\/div>\n\t\t\t\t<\/div>\n\t\t\t\t<div class=\"elementor-element elementor-element-4cb10cf elementor-widget elementor-widget-heading\" data-id=\"4cb10cf\" data-element_type=\"widget\" data-widget_type=\"heading.default\">\n\t\t\t\t<div class=\"elementor-widget-container\">\n\t\t\t\t\t<h1 class=\"elementor-heading-title elementor-size-default\">PCE ist jetzt Teil von Systech!<\/h1>\t\t\t\t<\/div>\n\t\t\t\t<\/div>\n\t\t\t\t<div class=\"elementor-element elementor-element-66b2e2e elementor-widget elementor-widget-heading\" data-id=\"66b2e2e\" data-element_type=\"widget\" data-widget_type=\"heading.default\">\n\t\t\t\t<div class=\"elementor-widget-container\">\n\t\t\t\t\t<h3 class=\"elementor-heading-title elementor-size-default\">Wir freuen uns sehr \u00fcber diese gro\u00dfartige Gelegenheit, die Produktlinie von PCE in das Angebot von Systech zu integrieren und gemeinsam ein umfassenderes Produktportfolio zu schaffen.<\/h3>\t\t\t\t<\/div>\n\t\t\t\t<\/div>\n\t\t\t\t<\/div>\n\t\t<div data-dce-background-image-url=\"https:\/\/www.systechone.com\/wp-content\/uploads\/2024\/03\/line-element.svg\" class=\"elementor-element elementor-element-f33bf3b e-con-full elementor-hidden-tablet elementor-hidden-mobile e-flex e-con e-child\" data-id=\"f33bf3b\" data-element_type=\"container\" data-settings=\"{&quot;background_background&quot;:&quot;classic&quot;,&quot;position&quot;:&quot;absolute&quot;}\">\n\t\t\t\t<\/div>\n\t\t\t\t\t<\/div>\n\t\t\t\t<\/div>\n\t\t<div class=\"elementor-element elementor-element-5ffa97a e-flex e-con-boxed e-con e-parent\" data-id=\"5ffa97a\" data-element_type=\"container\">\n\t\t\t\t\t<div class=\"e-con-inner\">\n\t\t<div class=\"elementor-element elementor-element-bd762fb e-con-full e-flex e-con e-child\" data-id=\"bd762fb\" data-element_type=\"container\">\n\t\t\t\t<div class=\"elementor-element elementor-element-0e96837 elementor-widget elementor-widget-text-editor\" data-id=\"0e96837\" data-element_type=\"widget\" data-widget_type=\"text-editor.default\">\n\t\t\t\t<div class=\"elementor-widget-container\">\n\t\t\t\t\t\t\t\t\t<p>Die Pharmacontrol Electronic GmbH (\"PCE\") mit Sitz in Deutschland ist ein f\u00fchrender Anbieter auf dem pharmazeutischen Track-and-Trace-Markt. Die Produkte von PCE werden in Hunderten von pharmazeutischen Verpackungslinien eingesetzt und das Unternehmen hat eine starke Pr\u00e4senz in Europa und im Nahen Osten. PCE wurde 1989 gegr\u00fcndet und hat sich zu einem bedeutenden Anbieter in der pharmazeutischen Verpackungsindustrie mit schl\u00fcsselfertigen L\u00f6sungen f\u00fcr die optische Inspektion, Serialisierung und Aggregation entwickelt, einschlie\u00dflich manueller und automatisierter Maschinen und Kameras.<\/p><p>Die Kombination aus den Hardware-Angeboten von PCE und den Full-Stack-Softwarel\u00f6sungen von Systech erm\u00f6glicht es uns, der Branche hervorragende L\u00f6sungen anzubieten.<\/p><p><strong>Pressemitteilung:<\/strong> <a href=\"https:\/\/www.systechone.com\/de\/systech-expands-product-portfolio-and-global-footprint-through-pce-acquisition\/\">Systech erweitert Produktportfolio und globale Pr\u00e4senz durch PCE-Akquisition<\/a><\/p><p><strong>Entdecken Sie PCE-Produkte: <\/strong><a href=\"https:\/\/www.systechone.com\/de\/products\/pce-track-and-trace\/\">PCE-Track-and-Trace-L\u00f6sungen<\/a><\/p><p>F\u00fcr weitere Informationen wenden Sie sich bitte an das Systech-Team hier: <a href=\"https:\/\/www.systechone.com\/de\/contact\/\">KONTAKT<\/a><\/p>\t\t\t\t\t\t\t\t<\/div>\n\t\t\t\t<\/div>\n\t\t\t\t<\/div>\n\t\t\t\t\t<\/div>\n\t\t\t\t<\/div>\n\t\t<div class=\"elementor-element elementor-element-b8e2b41 e-flex e-con-boxed e-con e-parent\" data-id=\"b8e2b41\" data-element_type=\"container\">\n\t\t\t\t\t<div class=\"e-con-inner\">\n\t\t<div class=\"elementor-element elementor-element-6b18ba7 e-con-full e-flex e-con e-child\" data-id=\"6b18ba7\" data-element_type=\"container\">\n\t\t\t\t<div class=\"elementor-element elementor-element-56cfcd0 elementor-widget elementor-widget-heading\" data-id=\"56cfcd0\" data-element_type=\"widget\" data-widget_type=\"heading.default\">\n\t\t\t\t<div class=\"elementor-widget-container\">\n\t\t\t\t\t<h3 class=\"elementor-heading-title elementor-size-default\">MELDEN SIE SICH F\u00dcR SYSTECH NEWS AN<\/h3>\t\t\t\t<\/div>\n\t\t\t\t<\/div>\n\t\t\t\t<div class=\"elementor-element elementor-element-6c55eea elementor-widget__width-initial elementor-widget elementor-widget-text-editor\" data-id=\"6c55eea\" data-element_type=\"widget\" data-widget_type=\"text-editor.default\">\n\t\t\t\t<div class=\"elementor-widget-container\">\n\t\t\t\t\t\t\t\t\t<p><span style=\"font-weight: 400;\">Sind Sie daran interessiert, weitere Neuigkeiten und Inhalte von Systech zu erhalten? Melden Sie sich an, um exklusive Einblicke und wertvolle Ressourcen zu erhalten, die Ihnen helfen, die Effizienz zu steigern, Compliance zu erreichen und Ihre Marke zu sch\u00fctzen.<\/span><\/p>\t\t\t\t\t\t\t\t<\/div>\n\t\t\t\t<\/div>\n\t\t\t\t<\/div>\n\t\t<div class=\"elementor-element elementor-element-96af515 e-con-full e-flex e-con e-child\" data-id=\"96af515\" data-element_type=\"container\">\n\t\t\t\t<div class=\"elementor-element elementor-element-8ec428e elementor-widget elementor-widget-button\" data-id=\"8ec428e\" data-element_type=\"widget\" data-widget_type=\"button.default\">\n\t\t\t\t<div class=\"elementor-widget-container\">\n\t\t\t\t\t\t\t\t\t<div class=\"elementor-button-wrapper\">\n\t\t\t\t\t<a class=\"elementor-button elementor-button-link elementor-size-sm\" href=\"https:\/\/www.systechone.com\/de\/newsletter-signup\/\">\n\t\t\t\t\t\t<span class=\"elementor-button-content-wrapper\">\n\t\t\t\t\t\t\t\t\t<span class=\"elementor-button-text\">MELDEN SIE SICH JETZT AN<\/span>\n\t\t\t\t\t<\/span>\n\t\t\t\t\t<\/a>\n\t\t\t\t<\/div>\n\t\t\t\t\t\t\t\t<\/div>\n\t\t\t\t<\/div>\n\t\t\t\t<\/div>\n\t\t\t\t\t<\/div>\n\t\t\t\t<\/div>\n\t\t\t\t<\/div>","protected":false},"excerpt":{"rendered":"<p>PCE ist jetzt Teil von Systech! Wir freuen uns sehr \u00fcber diese gro\u00dfartige Gelegenheit, die Produktlinie von PCE in das Produktportfolio von Systech zu integrieren, um ein umfassenderes Angebot zu schaffen. Pharmacontrol Electronic GmbH (\"PCE\"), mit Sitz in Deutschland, ist ein bedeutender Akteur auf dem pharmazeutischen Track-and-Trace-Markt. Die Produkte von PCE werden in Hunderten von pharmazeutischen Verpackungslinien eingesetzt, und [...]<\/p>","protected":false},"author":20,"featured_media":0,"parent":0,"menu_order":0,"comment_status":"closed","ping_status":"closed","template":"","meta":{"_acf_changed":false,"footnotes":""},"class_list":["post-23775","page","type-page","status-publish","hentry"],"acf":[],"yoast_head":"<!-- This site is optimized with the Yoast SEO plugin v25.1 - https:\/\/yoast.com\/wordpress\/plugins\/seo\/ -->\n<title>Pharmacontrol Electronic GmbH \u2013 Acquisition by Systech<\/title>\n<meta name=\"description\" content=\"Learn about the acquisition of Pharmacontrol Electronic GmbH by Systech. Understand the strategic benefits, expanded capabilities, and enhanced solutions now available.\" \/>\n<meta name=\"robots\" content=\"index, follow, max-snippet:-1, max-image-preview:large, max-video-preview:-1\" \/>\n<link rel=\"canonical\" href=\"https:\/\/www.systechone.com\/de\/acquisition\/\" \/>\n<meta property=\"og:locale\" content=\"de_DE\" \/>\n<meta property=\"og:type\" content=\"article\" \/>\n<meta property=\"og:title\" content=\"Pharmacontrol Electronic GmbH \u2013 Acquisition by Systech\" \/>\n<meta property=\"og:description\" content=\"Learn about the acquisition of Pharmacontrol Electronic GmbH by Systech. Understand the strategic benefits, expanded capabilities, and enhanced solutions now available.\" \/>\n<meta property=\"og:url\" content=\"https:\/\/www.systechone.com\/de\/acquisition\/\" \/>\n<meta property=\"og:site_name\" content=\"Systech\" \/>\n<meta property=\"article:publisher\" content=\"https:\/\/www.facebook.com\/systechone\/\" \/>\n<meta property=\"article:modified_time\" content=\"2025-06-25T20:01:09+00:00\" \/>\n<meta name=\"twitter:card\" content=\"summary_large_image\" \/>\n<meta name=\"twitter:site\" content=\"@systechone\" \/>\n<meta name=\"twitter:label1\" content=\"Gesch\u00e4tzte Lesezeit\" \/>\n\t<meta name=\"twitter:data1\" content=\"1\u00a0Minute\" \/>\n<script type=\"application\/ld+json\" class=\"yoast-schema-graph\">{\"@context\":\"https:\/\/schema.org\",\"@graph\":[{\"@type\":\"WebPage\",\"@id\":\"https:\/\/www.systechone.com\/acquisition\/\",\"url\":\"https:\/\/www.systechone.com\/acquisition\/\",\"name\":\"Pharmacontrol Electronic GmbH \u2013 Acquisition by Systech\",\"isPartOf\":{\"@id\":\"https:\/\/www.systechone.com\/#website\"},\"datePublished\":\"2024-03-11T16:12:25+00:00\",\"dateModified\":\"2025-06-25T20:01:09+00:00\",\"description\":\"Learn about the acquisition of Pharmacontrol Electronic GmbH by Systech. Understand the strategic benefits, expanded capabilities, and enhanced solutions now available.\",\"breadcrumb\":{\"@id\":\"https:\/\/www.systechone.com\/acquisition\/#breadcrumb\"},\"inLanguage\":\"de\",\"potentialAction\":[{\"@type\":\"ReadAction\",\"target\":[\"https:\/\/www.systechone.com\/acquisition\/\"]}]},{\"@type\":\"BreadcrumbList\",\"@id\":\"https:\/\/www.systechone.com\/acquisition\/#breadcrumb\",\"itemListElement\":[{\"@type\":\"ListItem\",\"position\":1,\"name\":\"Home\",\"item\":\"https:\/\/www.systechone.com\/\"},{\"@type\":\"ListItem\",\"position\":2,\"name\":\"PCE is now part of Systech!\"}]},{\"@type\":\"WebSite\",\"@id\":\"https:\/\/www.systechone.com\/#website\",\"url\":\"https:\/\/www.systechone.com\/\",\"name\":\"Systech\",\"description\":\"a solutions division of Markem-Imaje\",\"publisher\":{\"@id\":\"https:\/\/www.systechone.com\/#organization\"},\"potentialAction\":[{\"@type\":\"SearchAction\",\"target\":{\"@type\":\"EntryPoint\",\"urlTemplate\":\"https:\/\/www.systechone.com\/?s={search_term_string}\"},\"query-input\":{\"@type\":\"PropertyValueSpecification\",\"valueRequired\":true,\"valueName\":\"search_term_string\"}}],\"inLanguage\":\"de\"},{\"@type\":\"Organization\",\"@id\":\"https:\/\/www.systechone.com\/#organization\",\"name\":\"Systech International\",\"url\":\"https:\/\/www.systechone.com\/\",\"logo\":{\"@type\":\"ImageObject\",\"inLanguage\":\"de\",\"@id\":\"https:\/\/www.systechone.com\/#\/schema\/logo\/image\/\",\"url\":\"https:\/\/www.systechone.com\/wp-content\/uploads\/2018\/04\/systech-logo.png\",\"contentUrl\":\"https:\/\/www.systechone.com\/wp-content\/uploads\/2018\/04\/systech-logo.png\",\"width\":551,\"height\":124,\"caption\":\"Systech International\"},\"image\":{\"@id\":\"https:\/\/www.systechone.com\/#\/schema\/logo\/image\/\"},\"sameAs\":[\"https:\/\/www.facebook.com\/systechone\/\",\"https:\/\/x.com\/systechone\",\"https:\/\/www.linkedin.com\/company\/systech-international\",\"https:\/\/www.youtube.com\/channel\/UC1fz6UKo5eMa1WxgVMGRhpA\/videos\"]}]}<\/script>\n<!-- \/ Yoast SEO plugin. -->","yoast_head_json":{"title":"Pharmacontrol Electronic GmbH \u2013 Acquisition by Systech","description":"Learn about the acquisition of Pharmacontrol Electronic GmbH by Systech. Understand the strategic benefits, expanded capabilities, and enhanced solutions now available.","robots":{"index":"index","follow":"follow","max-snippet":"max-snippet:-1","max-image-preview":"max-image-preview:large","max-video-preview":"max-video-preview:-1"},"canonical":"https:\/\/www.systechone.com\/de\/acquisition\/","og_locale":"de_DE","og_type":"article","og_title":"Pharmacontrol Electronic GmbH \u2013 Acquisition by Systech","og_description":"Learn about the acquisition of Pharmacontrol Electronic GmbH by Systech. Understand the strategic benefits, expanded capabilities, and enhanced solutions now available.","og_url":"https:\/\/www.systechone.com\/de\/acquisition\/","og_site_name":"Systech","article_publisher":"https:\/\/www.facebook.com\/systechone\/","article_modified_time":"2025-06-25T20:01:09+00:00","twitter_card":"summary_large_image","twitter_site":"@systechone","twitter_misc":{"Gesch\u00e4tzte Lesezeit":"1\u00a0Minute"},"schema":{"@context":"https:\/\/schema.org","@graph":[{"@type":"WebPage","@id":"https:\/\/www.systechone.com\/acquisition\/","url":"https:\/\/www.systechone.com\/acquisition\/","name":"Pharmacontrol Electronic GmbH \u2013 Acquisition by Systech","isPartOf":{"@id":"https:\/\/www.systechone.com\/#website"},"datePublished":"2024-03-11T16:12:25+00:00","dateModified":"2025-06-25T20:01:09+00:00","description":"Learn about the acquisition of Pharmacontrol Electronic GmbH by Systech. Understand the strategic benefits, expanded capabilities, and enhanced solutions now available.","breadcrumb":{"@id":"https:\/\/www.systechone.com\/acquisition\/#breadcrumb"},"inLanguage":"de","potentialAction":[{"@type":"ReadAction","target":["https:\/\/www.systechone.com\/acquisition\/"]}]},{"@type":"BreadcrumbList","@id":"https:\/\/www.systechone.com\/acquisition\/#breadcrumb","itemListElement":[{"@type":"ListItem","position":1,"name":"Home","item":"https:\/\/www.systechone.com\/"},{"@type":"ListItem","position":2,"name":"PCE is now part of Systech!"}]},{"@type":"WebSite","@id":"https:\/\/www.systechone.com\/#website","url":"https:\/\/www.systechone.com\/","name":"Systech","description":"a solutions division of Markem-Imaje","publisher":{"@id":"https:\/\/www.systechone.com\/#organization"},"potentialAction":[{"@type":"SearchAction","target":{"@type":"EntryPoint","urlTemplate":"https:\/\/www.systechone.com\/?s={search_term_string}"},"query-input":{"@type":"PropertyValueSpecification","valueRequired":true,"valueName":"search_term_string"}}],"inLanguage":"de"},{"@type":"Organization","@id":"https:\/\/www.systechone.com\/#organization","name":"Systech International","url":"https:\/\/www.systechone.com\/","logo":{"@type":"ImageObject","inLanguage":"de","@id":"https:\/\/www.systechone.com\/#\/schema\/logo\/image\/","url":"https:\/\/www.systechone.com\/wp-content\/uploads\/2018\/04\/systech-logo.png","contentUrl":"https:\/\/www.systechone.com\/wp-content\/uploads\/2018\/04\/systech-logo.png","width":551,"height":124,"caption":"Systech International"},"image":{"@id":"https:\/\/www.systechone.com\/#\/schema\/logo\/image\/"},"sameAs":["https:\/\/www.facebook.com\/systechone\/","https:\/\/x.com\/systechone","https:\/\/www.linkedin.com\/company\/systech-international","https:\/\/www.youtube.com\/channel\/UC1fz6UKo5eMa1WxgVMGRhpA\/videos"]}]}},"_links":{"self":[{"href":"https:\/\/www.systechone.com\/de\/wp-json\/wp\/v2\/pages\/23775","targetHints":{"allow":["GET"]}}],"collection":[{"href":"https:\/\/www.systechone.com\/de\/wp-json\/wp\/v2\/pages"}],"about":[{"href":"https:\/\/www.systechone.com\/de\/wp-json\/wp\/v2\/types\/page"}],"author":[{"embeddable":true,"href":"https:\/\/www.systechone.com\/de\/wp-json\/wp\/v2\/users\/20"}],"replies":[{"embeddable":true,"href":"https:\/\/www.systechone.com\/de\/wp-json\/wp\/v2\/comments?post=23775"}],"version-history":[{"count":0,"href":"https:\/\/www.systechone.com\/de\/wp-json\/wp\/v2\/pages\/23775\/revisions"}],"wp:attachment":[{"href":"https:\/\/www.systechone.com\/de\/wp-json\/wp\/v2\/media?parent=23775"}],"curies":[{"name":"wp","href":"https:\/\/api.w.org\/{rel}","templated":true}]}}