{"id":14778,"date":"2023-03-21T15:03:45","date_gmt":"2023-03-21T19:03:45","guid":{"rendered":"https:\/\/www.systechone.com\/?page_id=14778"},"modified":"2023-03-21T15:50:52","modified_gmt":"2023-03-21T19:50:52","slug":"typography","status":"publish","type":"page","link":"https:\/\/www.systechone.com\/de\/typography\/","title":{"rendered":"Typografie"},"content":{"rendered":"<div data-elementor-type=\"wp-page\" data-elementor-id=\"14778\" class=\"elementor elementor-14778\" data-elementor-post-type=\"page\">\n\t\t\t\t<div class=\"elementor-element elementor-element-54a869b e-flex e-con-boxed e-con e-parent\" data-id=\"54a869b\" data-element_type=\"container\">\n\t\t\t\t\t<div class=\"e-con-inner\">\n\t\t<div class=\"elementor-element elementor-element-48bff6ea e-con-full e-flex e-con e-child\" data-id=\"48bff6ea\" data-element_type=\"container\">\n\t\t\t\t<div class=\"elementor-element elementor-element-ab8da6c elementor-widget elementor-widget-heading\" data-id=\"ab8da6c\" data-element_type=\"widget\" data-widget_type=\"heading.default\">\n\t\t\t\t<div class=\"elementor-widget-container\">\n\t\t\t\t\t<h1 class=\"elementor-heading-title elementor-size-default\">H1 - Ihre Marke ist wichtig. Sch\u00fctze sie.<\/h1>\t\t\t\t<\/div>\n\t\t\t\t<\/div>\n\t\t\t\t<div class=\"elementor-element elementor-element-234baad1 elementor-widget elementor-widget-heading\" data-id=\"234baad1\" data-element_type=\"widget\" data-widget_type=\"heading.default\">\n\t\t\t\t<div class=\"elementor-widget-container\">\n\t\t\t\t\t<h2 class=\"elementor-heading-title elementor-size-default\">H2 - Gemeinsam bieten unsere L\u00f6sungen den st\u00e4rksten und modernsten Markenschutz f\u00fcr Ihre Produkte auf ihrem Weg durch die Lieferkette.<\/h2>\t\t\t\t<\/div>\n\t\t\t\t<\/div>\n\t\t\t\t<div class=\"elementor-element elementor-element-5e368c0e elementor-widget elementor-widget-heading\" data-id=\"5e368c0e\" data-element_type=\"widget\" data-widget_type=\"heading.default\">\n\t\t\t\t<div class=\"elementor-widget-container\">\n\t\t\t\t\t<h3 class=\"elementor-heading-title elementor-size-default\">H3 - Gemeinsam bieten unsere L\u00f6sungen den st\u00e4rksten und modernsten Markenschutz f\u00fcr Ihre Produkte auf ihrem Weg durch die Lieferkette.<\/h3>\t\t\t\t<\/div>\n\t\t\t\t<\/div>\n\t\t\t\t<div class=\"elementor-element elementor-element-17854751 elementor-widget elementor-widget-text-editor\" data-id=\"17854751\" data-element_type=\"widget\" data-widget_type=\"text-editor.default\">\n\t\t\t\t<div class=\"elementor-widget-container\">\n\t\t\t\t\t\t\t\t\t<p>Kopieren - Lorem ipsum dolor sit amet, consectetuer adipiscing elit. Donec odio. Quisque volutpat mattis eros. Nullam malesuada erat ut turpis. Suspendisse urna nibh, viverra non, semper suscipit, posuere a, pede. Donec nec justo eget felis facilisis fermentum. Aliquam porttitor mauris sit amet orci. Aenean dignissim pellentesque felis.<\/p>\t\t\t\t\t\t\t\t<\/div>\n\t\t\t\t<\/div>\n\t\t\t\t<div class=\"elementor-element elementor-element-55e4828 elementor-widget elementor-widget-text-editor\" data-id=\"55e4828\" data-element_type=\"widget\" data-widget_type=\"text-editor.default\">\n\t\t\t\t<div class=\"elementor-widget-container\">\n\t\t\t\t\t\t\t\t\t<p>Copy small bold - Lorem ipsum dolor sit amet, consectetuer adipiscing elit. Donec odio. Quisque volutpat mattis eros.<\/p>\t\t\t\t\t\t\t\t<\/div>\n\t\t\t\t<\/div>\n\t\t\t\t<div class=\"elementor-element elementor-element-59864b31 elementor-widget elementor-widget-text-editor\" data-id=\"59864b31\" data-element_type=\"widget\" data-widget_type=\"text-editor.default\">\n\t\t\t\t<div class=\"elementor-widget-container\">\n\t\t\t\t\t\t\t\t\t<p>Klein kopieren - Lorem ipsum dolor sit amet, consectetuer adipiscing elit. Donec odio. Quisque volutpat mattis eros. Lorem ipsum dolor sit amet, consectetuer adipiscing elit. Donec odio. Quisque volutpat mattis eros. Nullam malesuada erat ut turpis. Suspendisse urna nibh, viverra non, semper suscipit, posuere a, pede. Donec nec justo eget felis facilisis fermentum. Aliquam porttitor mauris sit amet orci. Aenean dignissim pellentesque felis.<\/p>\t\t\t\t\t\t\t\t<\/div>\n\t\t\t\t<\/div>\n\t\t\t\t<\/div>\n\t\t\t\t\t<\/div>\n\t\t\t\t<\/div>\n\t\t\t\t<\/div>","protected":false},"excerpt":{"rendered":"<p>H1 - Ihre Marke ist wichtig. Sch\u00fctzen Sie sie. H2 - Gemeinsam bieten unsere L\u00f6sungen den st\u00e4rksten und modernsten Markenschutz f\u00fcr Ihre Produkte auf ihrem Weg durch die Lieferkette. H3 - Gemeinsam bieten unsere L\u00f6sungen den st\u00e4rksten und modernsten Markenschutz f\u00fcr Ihre Produkte auf ihrem Weg durch die Lieferkette. Kopie - Lorem ipsum [...]<\/p>","protected":false},"author":20,"featured_media":0,"parent":0,"menu_order":0,"comment_status":"closed","ping_status":"closed","template":"elementor_header_footer","meta":{"_acf_changed":false,"footnotes":""},"class_list":["post-14778","page","type-page","status-publish","hentry"],"acf":[],"yoast_head":"<!-- This site is optimized with the Yoast SEO plugin v25.1 - https:\/\/yoast.com\/wordpress\/plugins\/seo\/ -->\n<title>Typography - Systech<\/title>\n<meta name=\"description\" content=\"H1 - You brand matters. Protect it. H2 - Together, our solutions offer the strongest, most cutting-edge brand protection for your products as they move\" \/>\n<meta name=\"robots\" content=\"index, follow, max-snippet:-1, max-image-preview:large, max-video-preview:-1\" \/>\n<link rel=\"canonical\" href=\"https:\/\/www.systechone.com\/de\/typography\/\" \/>\n<meta property=\"og:locale\" content=\"de_DE\" \/>\n<meta property=\"og:type\" content=\"article\" \/>\n<meta property=\"og:title\" content=\"Typography - Systech\" \/>\n<meta property=\"og:description\" content=\"H1 - You brand matters. Protect it. H2 - Together, our solutions offer the strongest, most cutting-edge brand protection for your products as they move\" \/>\n<meta property=\"og:url\" content=\"https:\/\/www.systechone.com\/de\/typography\/\" \/>\n<meta property=\"og:site_name\" content=\"Systech\" \/>\n<meta property=\"article:publisher\" content=\"https:\/\/www.facebook.com\/systechone\/\" \/>\n<meta property=\"article:modified_time\" content=\"2023-03-21T19:50:52+00:00\" \/>\n<meta name=\"twitter:card\" content=\"summary_large_image\" \/>\n<meta name=\"twitter:site\" content=\"@systechone\" \/>\n<meta name=\"twitter:label1\" content=\"Gesch\u00e4tzte Lesezeit\" \/>\n\t<meta name=\"twitter:data1\" content=\"1\u00a0Minute\" \/>\n<script type=\"application\/ld+json\" class=\"yoast-schema-graph\">{\"@context\":\"https:\/\/schema.org\",\"@graph\":[{\"@type\":\"WebPage\",\"@id\":\"https:\/\/www.systechone.com\/typography\/\",\"url\":\"https:\/\/www.systechone.com\/typography\/\",\"name\":\"Typography - Systech\",\"isPartOf\":{\"@id\":\"https:\/\/www.systechone.com\/de\/#website\"},\"datePublished\":\"2023-03-21T19:03:45+00:00\",\"dateModified\":\"2023-03-21T19:50:52+00:00\",\"description\":\"H1 - You brand matters. Protect it. H2 - Together, our solutions offer the strongest, most cutting-edge brand protection for your products as they move\",\"breadcrumb\":{\"@id\":\"https:\/\/www.systechone.com\/typography\/#breadcrumb\"},\"inLanguage\":\"de\",\"potentialAction\":[{\"@type\":\"ReadAction\",\"target\":[\"https:\/\/www.systechone.com\/typography\/\"]}]},{\"@type\":\"BreadcrumbList\",\"@id\":\"https:\/\/www.systechone.com\/typography\/#breadcrumb\",\"itemListElement\":[{\"@type\":\"ListItem\",\"position\":1,\"name\":\"Home\",\"item\":\"https:\/\/www.systechone.com\/\"},{\"@type\":\"ListItem\",\"position\":2,\"name\":\"Typography\"}]},{\"@type\":\"WebSite\",\"@id\":\"https:\/\/www.systechone.com\/de\/#website\",\"url\":\"https:\/\/www.systechone.com\/de\/\",\"name\":\"Systech\",\"description\":\"a solutions division of Markem-Imaje\",\"publisher\":{\"@id\":\"https:\/\/www.systechone.com\/de\/#organization\"},\"potentialAction\":[{\"@type\":\"SearchAction\",\"target\":{\"@type\":\"EntryPoint\",\"urlTemplate\":\"https:\/\/www.systechone.com\/de\/?s={search_term_string}\"},\"query-input\":{\"@type\":\"PropertyValueSpecification\",\"valueRequired\":true,\"valueName\":\"search_term_string\"}}],\"inLanguage\":\"de\"},{\"@type\":\"Organization\",\"@id\":\"https:\/\/www.systechone.com\/de\/#organization\",\"name\":\"Systech International\",\"url\":\"https:\/\/www.systechone.com\/de\/\",\"logo\":{\"@type\":\"ImageObject\",\"inLanguage\":\"de\",\"@id\":\"https:\/\/www.systechone.com\/de\/#\/schema\/logo\/image\/\",\"url\":\"https:\/\/www.systechone.com\/wp-content\/uploads\/2018\/04\/systech-logo.png\",\"contentUrl\":\"https:\/\/www.systechone.com\/wp-content\/uploads\/2018\/04\/systech-logo.png\",\"width\":551,\"height\":124,\"caption\":\"Systech International\"},\"image\":{\"@id\":\"https:\/\/www.systechone.com\/de\/#\/schema\/logo\/image\/\"},\"sameAs\":[\"https:\/\/www.facebook.com\/systechone\/\",\"https:\/\/x.com\/systechone\",\"https:\/\/www.linkedin.com\/company\/systech-international\",\"https:\/\/www.youtube.com\/channel\/UC1fz6UKo5eMa1WxgVMGRhpA\/videos\"]}]}<\/script>\n<!-- \/ Yoast SEO plugin. -->","yoast_head_json":{"title":"Typography - Systech","description":"H1 - You brand matters. Protect it. H2 - Together, our solutions offer the strongest, most cutting-edge brand protection for your products as they move","robots":{"index":"index","follow":"follow","max-snippet":"max-snippet:-1","max-image-preview":"max-image-preview:large","max-video-preview":"max-video-preview:-1"},"canonical":"https:\/\/www.systechone.com\/de\/typography\/","og_locale":"de_DE","og_type":"article","og_title":"Typography - Systech","og_description":"H1 - You brand matters. Protect it. H2 - Together, our solutions offer the strongest, most cutting-edge brand protection for your products as they move","og_url":"https:\/\/www.systechone.com\/de\/typography\/","og_site_name":"Systech","article_publisher":"https:\/\/www.facebook.com\/systechone\/","article_modified_time":"2023-03-21T19:50:52+00:00","twitter_card":"summary_large_image","twitter_site":"@systechone","twitter_misc":{"Gesch\u00e4tzte Lesezeit":"1\u00a0Minute"},"schema":{"@context":"https:\/\/schema.org","@graph":[{"@type":"WebPage","@id":"https:\/\/www.systechone.com\/typography\/","url":"https:\/\/www.systechone.com\/typography\/","name":"Typography - Systech","isPartOf":{"@id":"https:\/\/www.systechone.com\/de\/#website"},"datePublished":"2023-03-21T19:03:45+00:00","dateModified":"2023-03-21T19:50:52+00:00","description":"H1 - You brand matters. Protect it. H2 - Together, our solutions offer the strongest, most cutting-edge brand protection for your products as they move","breadcrumb":{"@id":"https:\/\/www.systechone.com\/typography\/#breadcrumb"},"inLanguage":"de","potentialAction":[{"@type":"ReadAction","target":["https:\/\/www.systechone.com\/typography\/"]}]},{"@type":"BreadcrumbList","@id":"https:\/\/www.systechone.com\/typography\/#breadcrumb","itemListElement":[{"@type":"ListItem","position":1,"name":"Home","item":"https:\/\/www.systechone.com\/"},{"@type":"ListItem","position":2,"name":"Typography"}]},{"@type":"WebSite","@id":"https:\/\/www.systechone.com\/de\/#website","url":"https:\/\/www.systechone.com\/de\/","name":"Systech","description":"a solutions division of Markem-Imaje","publisher":{"@id":"https:\/\/www.systechone.com\/de\/#organization"},"potentialAction":[{"@type":"SearchAction","target":{"@type":"EntryPoint","urlTemplate":"https:\/\/www.systechone.com\/de\/?s={search_term_string}"},"query-input":{"@type":"PropertyValueSpecification","valueRequired":true,"valueName":"search_term_string"}}],"inLanguage":"de"},{"@type":"Organization","@id":"https:\/\/www.systechone.com\/de\/#organization","name":"Systech International","url":"https:\/\/www.systechone.com\/de\/","logo":{"@type":"ImageObject","inLanguage":"de","@id":"https:\/\/www.systechone.com\/de\/#\/schema\/logo\/image\/","url":"https:\/\/www.systechone.com\/wp-content\/uploads\/2018\/04\/systech-logo.png","contentUrl":"https:\/\/www.systechone.com\/wp-content\/uploads\/2018\/04\/systech-logo.png","width":551,"height":124,"caption":"Systech International"},"image":{"@id":"https:\/\/www.systechone.com\/de\/#\/schema\/logo\/image\/"},"sameAs":["https:\/\/www.facebook.com\/systechone\/","https:\/\/x.com\/systechone","https:\/\/www.linkedin.com\/company\/systech-international","https:\/\/www.youtube.com\/channel\/UC1fz6UKo5eMa1WxgVMGRhpA\/videos"]}]}},"_links":{"self":[{"href":"https:\/\/www.systechone.com\/de\/wp-json\/wp\/v2\/pages\/14778","targetHints":{"allow":["GET"]}}],"collection":[{"href":"https:\/\/www.systechone.com\/de\/wp-json\/wp\/v2\/pages"}],"about":[{"href":"https:\/\/www.systechone.com\/de\/wp-json\/wp\/v2\/types\/page"}],"author":[{"embeddable":true,"href":"https:\/\/www.systechone.com\/de\/wp-json\/wp\/v2\/users\/20"}],"replies":[{"embeddable":true,"href":"https:\/\/www.systechone.com\/de\/wp-json\/wp\/v2\/comments?post=14778"}],"version-history":[{"count":0,"href":"https:\/\/www.systechone.com\/de\/wp-json\/wp\/v2\/pages\/14778\/revisions"}],"wp:attachment":[{"href":"https:\/\/www.systechone.com\/de\/wp-json\/wp\/v2\/media?parent=14778"}],"curies":[{"name":"wp","href":"https:\/\/api.w.org\/{rel}","templated":true}]}}